{"id":282377,"date":"2021-07-07T14:20:38","date_gmt":"2021-07-07T12:20:38","guid":{"rendered":"https:\/\/www.huntersfriend.eu\/product\/endanflug-kraehenattrappe\/"},"modified":"2025-08-08T03:28:10","modified_gmt":"2025-08-08T01:28:10","slug":"endanflug-kraehenattrappe","status":"publish","type":"product","link":"https:\/\/www.huntersfriend.eu\/de\/produkt\/endanflug-kraehenattrappe\/","title":{"rendered":"Endanflug-Kr\u00e4henattrappe"},"content":{"rendered":"<p>Final Approach Last Pass beflockte Kr\u00e4henattrappen sind realistisch bemalte Lockv\u00f6gel. Sie werden in Dreierpackungen (3) verkauft. Diese Attrappen ben\u00f6tigen keine sonnigen Tage, um sich n\u00e4hernde V\u00f6gel zu verscheuchen.  <\/p>\n<p><strong>Achtung: Online-Bestellungen sind auf zwei Kartons pro Bestellung begrenzt. F\u00fcr gr\u00f6\u00dfere Mengen kontaktieren Sie bitte direkt den Kundenservice, um die Lieferkosten zu erfragen. <\/strong><\/p>\n","protected":false},"excerpt":{"rendered":"<p>3 St\u00fcck\/Karton, beflockt<\/p>\n","protected":false},"featured_media":211584,"comment_status":"open","ping_status":"closed","template":"","meta":[],"product_brand":[],"product_cat":[1396],"product_tag":[],"class_list":{"0":"post-282377","1":"product","2":"type-product","3":"status-publish","4":"has-post-thumbnail","6":"product_cat-kleinwild-locktiere","7":"product_shipping_class-big-de","9":"first","10":"instock","11":"sale","12":"taxable","13":"shipping-taxable","14":"purchasable","15":"product-type-simple"},"composite_virtual":false,"composite_layout":"","composite_add_to_cart_form_location":"","composite_editable_in_cart":false,"composite_sold_individually_context":"","composite_shop_price_calc":"","composite_components":[],"composite_scenarios":[],"group_of_quantity":0,"min_quantity":0,"max_quantity":"","exclude_order_quantity_value_rules":"no","exclude_category_quantity_rules":"no","combine_variations":"no","exclude_global_add_ons":[],"addons":[],"_links":{"self":[{"href":"https:\/\/www.huntersfriend.eu\/de\/wp-json\/wp\/v2\/product\/282377","targetHints":{"allow":["GET"]}}],"collection":[{"href":"https:\/\/www.huntersfriend.eu\/de\/wp-json\/wp\/v2\/product"}],"about":[{"href":"https:\/\/www.huntersfriend.eu\/de\/wp-json\/wp\/v2\/types\/product"}],"replies":[{"embeddable":true,"href":"https:\/\/www.huntersfriend.eu\/de\/wp-json\/wp\/v2\/comments?post=282377"}],"wp:featuredmedia":[{"embeddable":true,"href":"https:\/\/www.huntersfriend.eu\/de\/wp-json\/wp\/v2\/media\/211584"}],"wp:attachment":[{"href":"https:\/\/www.huntersfriend.eu\/de\/wp-json\/wp\/v2\/media?parent=282377"}],"wp:term":[{"taxonomy":"product_brand","embeddable":true,"href":"https:\/\/www.huntersfriend.eu\/de\/wp-json\/wp\/v2\/product_brand?post=282377"},{"taxonomy":"product_cat","embeddable":true,"href":"https:\/\/www.huntersfriend.eu\/de\/wp-json\/wp\/v2\/product_cat?post=282377"},{"taxonomy":"product_tag","embeddable":true,"href":"https:\/\/www.huntersfriend.eu\/de\/wp-json\/wp\/v2\/product_tag?post=282377"}],"curies":[{"name":"wp","href":"https:\/\/api.w.org\/{rel}","templated":true}]}}