{"id":282375,"date":"2021-07-07T14:20:36","date_gmt":"2021-07-07T12:20:36","guid":{"rendered":"https:\/\/www.huntersfriend.eu\/product\/finaler-anflug-letzter-ueberflug-schwimmende-blaessgans-lockgans\/"},"modified":"2025-06-23T13:48:31","modified_gmt":"2025-06-23T11:48:31","slug":"finaler-anflug-letzter-ueberflug-schwimmende-blaessgans-lockgans","status":"publish","type":"product","link":"https:\/\/www.huntersfriend.eu\/de\/produkt\/finaler-anflug-letzter-ueberflug-schwimmende-blaessgans-lockgans\/","title":{"rendered":"Finaler Anflug letzter \u00dcberflug schwimmende Bl\u00e4ssgans Lockgans"},"content":{"rendered":"<p>Diese einteiligen Bl\u00e4ssgans-Schwimmer verf\u00fcgen \u00fcber eine neue Schnitzerei mit einer hervorragenden Lackierung. Wenn Sie Bl\u00e4ssg\u00e4nse auf dem Wasser jagen, sind diese K\u00f6der genau das, wonach Sie gesucht haben. Wir haben diese K\u00f6der mit der gleichen robusten Konstruktion wie immer hergestellt, um Ihnen maximale Haltbarkeit zu bieten.  <\/p>\n<p>6er Pack<br \/>Robuste FA-Konstruktion und Langlebigkeit wie gewohnt!<br \/>Neue Schnitzerei vom Weltmeister Wayne Simkin<br \/>Einteiliges Design f\u00fcr zus\u00e4tzliche Haltbarkeit<br \/>Beschwerter Kiel mit Schnurverschlusssystem<br \/>Aktualisiertes Farbschema f\u00fcr realistische Optik<\/p>\n<p>Achtung! Online-Bestellungen sind auf eine Box pro Bestellung begrenzt. Bei gr\u00f6\u00dferen Mengen wenden Sie sich bitte direkt an den Kundenservice, um die Versandkosten zu erfragen.  <\/p>\n","protected":false},"excerpt":{"rendered":"<p>6 St\u00fcck pro Packung <\/p>\n","protected":false},"featured_media":208733,"comment_status":"open","ping_status":"closed","template":"","meta":[],"product_brand":[],"product_cat":[1394],"product_tag":[],"class_list":{"0":"post-282375","1":"product","2":"type-product","3":"status-publish","4":"has-post-thumbnail","6":"product_cat-ganse-lockvogel","7":"product_shipping_class-big-de","9":"first","10":"instock","11":"sale","12":"taxable","13":"shipping-taxable","14":"purchasable","15":"product-type-simple"},"composite_virtual":false,"composite_layout":"","composite_add_to_cart_form_location":"","composite_editable_in_cart":false,"composite_sold_individually_context":"","composite_shop_price_calc":"","composite_components":[],"composite_scenarios":[],"group_of_quantity":0,"min_quantity":0,"max_quantity":"","exclude_order_quantity_value_rules":"no","exclude_category_quantity_rules":"no","combine_variations":"no","exclude_global_add_ons":[],"addons":[],"_links":{"self":[{"href":"https:\/\/www.huntersfriend.eu\/de\/wp-json\/wp\/v2\/product\/282375","targetHints":{"allow":["GET"]}}],"collection":[{"href":"https:\/\/www.huntersfriend.eu\/de\/wp-json\/wp\/v2\/product"}],"about":[{"href":"https:\/\/www.huntersfriend.eu\/de\/wp-json\/wp\/v2\/types\/product"}],"replies":[{"embeddable":true,"href":"https:\/\/www.huntersfriend.eu\/de\/wp-json\/wp\/v2\/comments?post=282375"}],"wp:featuredmedia":[{"embeddable":true,"href":"https:\/\/www.huntersfriend.eu\/de\/wp-json\/wp\/v2\/media\/208733"}],"wp:attachment":[{"href":"https:\/\/www.huntersfriend.eu\/de\/wp-json\/wp\/v2\/media?parent=282375"}],"wp:term":[{"taxonomy":"product_brand","embeddable":true,"href":"https:\/\/www.huntersfriend.eu\/de\/wp-json\/wp\/v2\/product_brand?post=282375"},{"taxonomy":"product_cat","embeddable":true,"href":"https:\/\/www.huntersfriend.eu\/de\/wp-json\/wp\/v2\/product_cat?post=282375"},{"taxonomy":"product_tag","embeddable":true,"href":"https:\/\/www.huntersfriend.eu\/de\/wp-json\/wp\/v2\/product_tag?post=282375"}],"curies":[{"name":"wp","href":"https:\/\/api.w.org\/{rel}","templated":true}]}}