{"id":282372,"date":"2021-10-14T14:20:34","date_gmt":"2021-10-14T12:20:34","guid":{"rendered":"https:\/\/www.huntersfriend.eu\/product\/pard-ta62-waermebildmonokular\/"},"modified":"2026-03-18T22:00:50","modified_gmt":"2026-03-18T20:00:50","slug":"pard-ta62-waermebildmonokular","status":"publish","type":"product","link":"https:\/\/www.huntersfriend.eu\/de\/produkt\/pard-ta62-waermebildmonokular\/","title":{"rendered":"Pard TA62 W\u00e4rmebildmonokular"},"content":{"rendered":"<p>Handgef\u00fchrtes W\u00e4rmebildmonokular, konzipiert f\u00fcr die Bedienung mit einer Hand und leicht in einer gew\u00f6hnlichen Jackentasche unterzubringen. Robust mit stabiler Bildqualit\u00e4t, exzellenten Detektionsstufen und klar erkennbaren Zielen. <\/p>\n<p>Wi-Fi-Bild\u00fcbertragung<\/p>\n<p>Leistungsparameter<\/p>\n<table border=\"1\" width=\"999\">\n<tbody>\n<tr>\n<td width=\"63\">Modell<\/td>\n<td width=\"77\">Detektor<\/td>\n<td width=\"61\">NETD<\/td>\n<td width=\"91\">Objektiv<\/td>\n<td width=\"91\">Optische Vergr\u00f6\u00dferung<\/td>\n<td width=\"83\">Bildwiederholrate<\/td>\n<td width=\"81\">Sichtfeld<\/td>\n<td width=\"135\">Gesamtabmessungen<\/td>\n<td width=\"87\">Erkennungsdistanz<\/td>\n<td colspan=\"2\">Gewicht (ohne Batterie)<\/td>\n<\/tr>\n<tr>\n<td>TA32<\/td>\n<td>12\u03bcm 384*288<\/td>\n<td>\u226625mk<\/td>\n<td>19\/25\/35mm<\/td>\n<td>2,7\/3,5\/4,5x<\/td>\n<td>50Hz<\/td>\n<td>13,8\u00ba\/10,6\u00ba<br \/>\n7,5\u00ba<\/td>\n<td>145\/153\/159*68*44<\/td>\n<td>1,2\/1,6\/2km<\/td>\n<td colspan=\"2\">288\/300\/328g<\/td>\n<\/tr>\n<tr>\n<td>TA62<\/td>\n<td>12\u03bcm 640*480<\/td>\n<td>\u226625mk<\/td>\n<td>25mm\/35mm<\/td>\n<td>2\/2,8x<\/td>\n<td>30Hz<\/td>\n<td>17,5\u00ba\/12,5\u00ba<\/td>\n<td>153\/158*68*44<\/td>\n<td>1,5\/1,8km<\/td>\n<td colspan=\"2\">300\/328g<\/td>\n<\/tr>\n<tr>\n<td colspan=\"11\">Allgemeine Parameter<\/td>\n<\/tr>\n<tr>\n<td>Digitaler Zoom<\/td>\n<td>1\/2\/4\/6\/8x<\/td>\n<td colspan=\"2\">Fokussier<br \/>\nbereich<\/td>\n<td>1m-\u221e<\/td>\n<td>Austrittspupillen<br \/>\nabstand<\/td>\n<td>15mm<\/td>\n<td>Dioptrien<br \/>\neinstellung<\/td>\n<td>\u00b15D<\/td>\n<td width=\"73\">Batterie<\/td>\n<td width=\"87\">18650<\/td>\n<\/tr>\n<tr>\n<td>Okular<br \/>\naufl\u00f6sung<\/td>\n<td>1024*768<br \/>\nOLED<\/td>\n<td colspan=\"2\">Betriebs<br \/>\ntemperatur<\/td>\n<td>&#8211; \u223d 30\u00baC +60\u00baC<\/td>\n<td>\u00dcbertragungs<br \/>\nmodus<\/td>\n<td>WiFi\/HDMI<\/td>\n<td>Schutz<br \/>\nleistung<\/td>\n<td>IP67<\/td>\n<td>Speichertyp<\/td>\n<td>TF-Karte<br \/>\n(max. 128G)<\/td>\n<\/tr>\n<tr>\n<td>Bildwiederholrate<\/td>\n<td>30 fps<\/td>\n<td colspan=\"2\">Akkulaufzeit<\/td>\n<td>5h (Max)<\/td>\n<td>Videoformat<\/td>\n<td>AV<\/td>\n<td>Geh\u00e4usematerial<\/td>\n<td colspan=\"3\">AL6061 + Kunststoff<\/td>\n<\/tr>\n<tr>\n<td>Spannung<\/td>\n<td>3,7V<\/td>\n<td colspan=\"2\">Video<br \/>\naufl\u00f6sung<\/td>\n<td>1440*1080<\/td>\n<td>Ladeanschluss<br \/>\ntyp<\/td>\n<td>TYPE-C<\/td>\n<td>Bildmodus<\/td>\n<td colspan=\"3\">Wei\u00df hei\u00df\/Rot hei\u00df\/Schwarz hei\u00df<br \/>\n\/Kontur\/Himmel\/Eisen hei\u00df<\/td>\n<\/tr>\n<\/tbody>\n<\/table>\n","protected":false},"excerpt":{"rendered":"<p>Handgef\u00fchrtes W\u00e4rmebildmonokular, konzipiert f\u00fcr die Bedienung mit einer Hand und leicht in einer gew\u00f6hnlichen Jackentasche unterzubringen. Robust mit stabiler Bildqualit\u00e4t, exzellenten Detektionsstufen und klar erkennbaren Zielen. Wi-Fi-Bild\u00fcbertragung Leistungsparameter Modell Detektor NETD Objektiv Optische Vergr\u00f6\u00dferung Bildwiederholrate Sichtfeld Gesamtabmessungen Erkennungsdistanz Gewicht (ohne Batterie) TA32 12\u03bcm 384*288 \u226625mk 19\/25\/35mm 2,7\/3,5\/4,5x 50Hz 13,8\u00ba\/10,6\u00ba 7,5\u00ba 145\/153\/159*68*44 1,2\/1,6\/2km 288\/300\/328g TA62 12\u03bcm [&#8230;]\n","protected":false},"featured_media":216166,"comment_status":"open","ping_status":"closed","template":"","meta":[],"product_brand":[],"product_cat":[1376,1222],"product_tag":[],"class_list":{"0":"post-282372","1":"product","2":"type-product","3":"status-publish","4":"has-post-thumbnail","6":"product_cat-warmebildtechnik","7":"product_cat-sonderangebote","9":"first","10":"instock","11":"featured","12":"taxable","13":"shipping-taxable","14":"purchasable","15":"product-type-variable"},"composite_virtual":false,"composite_layout":"","composite_add_to_cart_form_location":"","composite_editable_in_cart":false,"composite_sold_individually_context":"","composite_shop_price_calc":"","composite_components":[],"composite_scenarios":[],"group_of_quantity":0,"min_quantity":0,"max_quantity":"","exclude_order_quantity_value_rules":"no","exclude_category_quantity_rules":"no","combine_variations":"no","exclude_global_add_ons":[],"addons":[],"_links":{"self":[{"href":"https:\/\/www.huntersfriend.eu\/de\/wp-json\/wp\/v2\/product\/282372","targetHints":{"allow":["GET"]}}],"collection":[{"href":"https:\/\/www.huntersfriend.eu\/de\/wp-json\/wp\/v2\/product"}],"about":[{"href":"https:\/\/www.huntersfriend.eu\/de\/wp-json\/wp\/v2\/types\/product"}],"replies":[{"embeddable":true,"href":"https:\/\/www.huntersfriend.eu\/de\/wp-json\/wp\/v2\/comments?post=282372"}],"wp:featuredmedia":[{"embeddable":true,"href":"https:\/\/www.huntersfriend.eu\/de\/wp-json\/wp\/v2\/media\/216166"}],"wp:attachment":[{"href":"https:\/\/www.huntersfriend.eu\/de\/wp-json\/wp\/v2\/media?parent=282372"}],"wp:term":[{"taxonomy":"product_brand","embeddable":true,"href":"https:\/\/www.huntersfriend.eu\/de\/wp-json\/wp\/v2\/product_brand?post=282372"},{"taxonomy":"product_cat","embeddable":true,"href":"https:\/\/www.huntersfriend.eu\/de\/wp-json\/wp\/v2\/product_cat?post=282372"},{"taxonomy":"product_tag","embeddable":true,"href":"https:\/\/www.huntersfriend.eu\/de\/wp-json\/wp\/v2\/product_tag?post=282372"}],"curies":[{"name":"wp","href":"https:\/\/api.w.org\/{rel}","templated":true}]}}