{"id":282371,"date":"2021-10-14T14:20:33","date_gmt":"2021-10-14T12:20:33","guid":{"rendered":"https:\/\/www.huntersfriend.eu\/product\/pard-ta32-19mm-waermebildmonokular\/"},"modified":"2025-06-23T13:08:17","modified_gmt":"2025-06-23T11:08:17","slug":"pard-ta32-19mm-waermebildmonokular","status":"publish","type":"product","link":"https:\/\/www.huntersfriend.eu\/de\/produkt\/pard-ta32-19mm-waermebildmonokular\/","title":{"rendered":"Pard TA32 19mm W\u00e4rmebildmonokular"},"content":{"rendered":"<p>TA32 ist ein robustes und hochwertiges tragbares W\u00e4rmebildger\u00e4t. Der W\u00e4rmebildsensor mit einer NETD von  &lt;25mK gew\u00e4hrleistet eine perfekte Detailerkennung, selbst wenn der thermische Kontrast in der Umgebung gering ist. Selbst die kleinsten Temperaturunterschiede sind bei Regen, Nebel oder an kalten Morgen unter schwierigsten Bedingungen f\u00fcr W\u00e4rmebildger\u00e4te deutlich sichtbar. Das integrierte Wi-Fi-Modul erm\u00f6glicht die Verbindung des TA32 W\u00e4rmebildger\u00e4ts mit Android- oder iOS-Smartphones oder Tablets. Die Kombination von Smartphone und W\u00e4rmebildger\u00e4t er\u00f6ffnet einzigartige Funktionen wie direkte Bild\u00fcbertragung, Herunterladen und Teilen aufgezeichneter Dateien. Benutzer k\u00f6nnen unvergessliche Momente einfach \u00fcber ihre mobilen Ger\u00e4te mit Freunden teilen. Die 6 verschiedenen Farbanzeigemodi verbessern die Sicht unter unterschiedlichen Bedingungen. Der \u201eWei\u00df-Hei\u00df\u201c-Modus wird h\u00e4ufig von Benutzern verwendet, \u201eSchwarz-Hei\u00df\u201c bietet den besten Beobachtungseffekt bei der Erkennung von Wildtieren in der Nacht. \u201eRot-Hei\u00df\u201c hilft, \u00dcberbelichtung durch Hintergrundlicht aus dem Okular zu reduzieren oder zu verhindern. \u201eEisen-Hei\u00df\u201c, \u201eKante\u201c und \u201eHimmel\u201c bieten unterschiedliche visuelle Effekte und Erfahrungen f\u00fcr die Benutzer. TA32 ist mit einem leistungsstarken Objektiv f\u00fcr gro\u00dfe Entfernungen ausgestattet, kombiniert mit einem hochempfindlichen 384&#215;288 W\u00e4rmebildsensor mit 12\u00b5m Pixelabstand, was eine hervorragende Erkennungsf\u00e4higkeit auf gro\u00dfe Entfernungen erm\u00f6glicht. Ein standardm\u00e4\u00dfiges 1,8 m gro\u00dfes Objekt kann in absoluter Dunkelheit aus bis zu 2000 m Entfernung erkannt werden.<\/p>\n<p>Hauptmerkmale:<\/p>\n<table border=\"1\" width=\"999\">\n<tbody>\n<tr>\n<td width=\"63\">Modell<\/td>\n<td width=\"77\">Detektor<\/td>\n<td width=\"61\">NETD<\/td>\n<td width=\"91\">Objektiv<\/td>\n<td width=\"91\">Optische Vergr\u00f6\u00dferung<\/td>\n<td width=\"83\">Bildwiederholrate<\/td>\n<td width=\"81\">Sichtfeld<\/td>\n<td width=\"135\">Gesamtabmessungen<\/td>\n<td width=\"87\">Erkennungsdistanz<\/td>\n<td colspan=\"2\">Gewicht (ohne Batterie)<\/td>\n<\/tr>\n<tr>\n<td>TA32<\/td>\n<td>12\u03bcm 384*288<\/td>\n<td>\u226625mk<\/td>\n<td>19\/25\/35mm<\/td>\n<td>2,7\/3,5\/4,5x<\/td>\n<td>50Hz<\/td>\n<td>13,8\u00ba\/10,6\u00ba<br \/>\n7,5\u00ba<\/td>\n<td>145\/153\/159*68*44<\/td>\n<td>1,2\/1,6\/2km<\/td>\n<td colspan=\"2\">288\/300\/328g<\/td>\n<\/tr>\n<\/tbody>\n<\/table>\n<p>&nbsp;<\/p>\n<p>Allgemeine Parameter:<\/p>\n<table border=\"1\" width=\"999\">\n<tbody>\n<tr>\n<td>Digitaler Zoom<\/td>\n<td>1\/2\/4\/6\/8x<\/td>\n<td colspan=\"2\">Fokussier<br \/>\nbereich<\/td>\n<td>1m-\u221e<\/td>\n<td>Austrittspupillen<br \/>\nabstand<\/td>\n<td>15mm<\/td>\n<td>Dioptrien<br \/>\neinstellung<\/td>\n<td>\u00b15D<\/td>\n<td width=\"73\">Batterie<\/td>\n<td width=\"87\">18650<\/td>\n<\/tr>\n<tr>\n<td>Okular<br \/>\naufl\u00f6sung<\/td>\n<td>1024*768<br \/>\nOLED<\/td>\n<td colspan=\"2\">Betriebs<br \/>\ntemperatur<\/td>\n<td>&#8211; \u223d 30\u00baC +60\u00baC<\/td>\n<td>\u00dcbertragungs<br \/>\nmodus<\/td>\n<td>WiFi\/HDMI<\/td>\n<td>Schutz<br \/>\nleistung<\/td>\n<td>IP67<\/td>\n<td>Speichertyp<\/td>\n<td>TF-Karte<br \/>\n(max. 128G)<\/td>\n<\/tr>\n<tr>\n<td>Bildwiederholrate<\/td>\n<td>30 fps<\/td>\n<td colspan=\"2\">Akkulaufzeit<\/td>\n<td>5h (Max)<\/td>\n<td>Videoformat<\/td>\n<td>AV<\/td>\n<td>Geh\u00e4usematerial<\/td>\n<td colspan=\"3\">AL6061 + Kunststoff<\/td>\n<\/tr>\n<tr>\n<td>Spannung<\/td>\n<td>3,7V<\/td>\n<td colspan=\"2\">Video<br \/>\naufl\u00f6sung<\/td>\n<td>1440*1080<\/td>\n<td>Ladeanschluss<br \/>\ntyp<\/td>\n<td>TYPE-C<\/td>\n<td>Bildmodus<\/td>\n<td colspan=\"3\">Wei\u00df hei\u00df\/Rot hei\u00df\/Schwarz<\/td>\n<\/tr>\n<\/tbody>\n<\/table>\n","protected":false},"excerpt":{"rendered":"<p>TA32 ist ein robustes und hochwertiges tragbares W\u00e4rmebildger\u00e4t. Der W\u00e4rmebildsensor mit einer NETD von &lt;25mK gew\u00e4hrleistet eine perfekte Detailerkennung, selbst wenn der thermische Kontrast in der Umgebung gering ist. Selbst die kleinsten Temperaturunterschiede sind bei Regen, Nebel oder an kalten Morgen unter schwierigsten Bedingungen f\u00fcr W\u00e4rmebildger\u00e4te deutlich sichtbar. Das integrierte Wi-Fi-Modul erm\u00f6glicht die Verbindung des [&#8230;]\n","protected":false},"featured_media":216148,"comment_status":"open","ping_status":"closed","template":"","meta":[],"product_brand":[],"product_cat":[1145],"product_tag":[],"class_list":{"0":"post-282371","1":"product","2":"type-product","3":"status-publish","4":"has-post-thumbnail","6":"product_cat-sonstiges","8":"first","9":"outofstock","10":"sale","11":"featured","12":"taxable","13":"shipping-taxable","14":"purchasable","15":"product-type-simple"},"composite_virtual":false,"composite_layout":"","composite_add_to_cart_form_location":"","composite_editable_in_cart":false,"composite_sold_individually_context":"","composite_shop_price_calc":"","composite_components":[],"composite_scenarios":[],"group_of_quantity":0,"min_quantity":0,"max_quantity":"","exclude_order_quantity_value_rules":"no","exclude_category_quantity_rules":"no","combine_variations":"no","exclude_global_add_ons":[],"addons":[],"_links":{"self":[{"href":"https:\/\/www.huntersfriend.eu\/de\/wp-json\/wp\/v2\/product\/282371","targetHints":{"allow":["GET"]}}],"collection":[{"href":"https:\/\/www.huntersfriend.eu\/de\/wp-json\/wp\/v2\/product"}],"about":[{"href":"https:\/\/www.huntersfriend.eu\/de\/wp-json\/wp\/v2\/types\/product"}],"replies":[{"embeddable":true,"href":"https:\/\/www.huntersfriend.eu\/de\/wp-json\/wp\/v2\/comments?post=282371"}],"wp:featuredmedia":[{"embeddable":true,"href":"https:\/\/www.huntersfriend.eu\/de\/wp-json\/wp\/v2\/media\/216148"}],"wp:attachment":[{"href":"https:\/\/www.huntersfriend.eu\/de\/wp-json\/wp\/v2\/media?parent=282371"}],"wp:term":[{"taxonomy":"product_brand","embeddable":true,"href":"https:\/\/www.huntersfriend.eu\/de\/wp-json\/wp\/v2\/product_brand?post=282371"},{"taxonomy":"product_cat","embeddable":true,"href":"https:\/\/www.huntersfriend.eu\/de\/wp-json\/wp\/v2\/product_cat?post=282371"},{"taxonomy":"product_tag","embeddable":true,"href":"https:\/\/www.huntersfriend.eu\/de\/wp-json\/wp\/v2\/product_tag?post=282371"}],"curies":[{"name":"wp","href":"https:\/\/api.w.org\/{rel}","templated":true}]}}