{"id":282368,"date":"2021-10-13T23:01:39","date_gmt":"2025-06-23T11:07:54","guid":{"rendered":"https:\/\/www.huntersfriend.eu\/product\/negrini-case-recurve-economy-4682\/"},"modified":"2026-03-26T13:44:52","modified_gmt":"2026-03-26T11:44:52","slug":"negrini-case-recurve-economy-4682","status":"publish","type":"product","link":"https:\/\/www.huntersfriend.eu\/de\/produkt\/negrini-case-recurve-economy-4682\/","title":{"rendered":"Negrini Case Recurve Economy 4682"},"content":{"rendered":"<p>Ein robuster Koffer zu einem \u00e4u\u00dferst g\u00fcnstigen Preis. Vorgeschnittener Schaumstoff f\u00fcr Pfeile im oberen Bereich, zweischichtiger Vollschaumstoff im Unterteil. Geeignet f\u00fcr alle zerlegbaren Recurveb\u00f6gen.  <\/p>\n<div class=\"col-lg-4 col-md-12 specifications\">\n<div class=\"specifications-holder\">\n<table class=\"w-100\">\n<tbody>\n<tr>\n<td>Gewicht<\/td>\n<td>1800 Gramm<\/td>\n<\/tr>\n<tr>\n<td>Abmessungen<\/td>\n<td>81x23x10 cm<\/td>\n<\/tr>\n<tr>\n<td>Material<\/td>\n<td>Hartplastik<\/td>\n<\/tr>\n<\/tbody>\n<\/table>\n<\/div>\n<\/div>\n<div class=\"col-lg-8 col-md-12 specification-tabs\">\n<div id=\"pills-tabContent\" class=\"tab-content\">\n<div id=\"pills-home\" class=\"tab-pane fade show active\" role=\"tabpanel\" aria-labelledby=\"pills-home-tab\">\n<div class=\"row m-3\">\n<div class=\"col-md-12\"><\/div>\n<\/div>\n<div class=\"row\">\n<div class=\"col-md-12\">\n<ul>\n<li>Hartplastikkoffer f\u00fcr Compound- oder Recurvebogen mit Pfeilf\u00e4chern im Deckel<\/li>\n<li>M\u00f6glichkeit zur Anbringung von einem oder zwei Zahlenschl\u00f6ssern<\/li>\n<li>Inklusive vorgeschnittenem Schaumstoff f\u00fcr eine sichere Aufbewahrung Ihrer Pfeile<\/li>\n<li>\u00c4u\u00dferst wirtschaftlicher Preis<\/li>\n<\/ul>\n<\/div>\n<\/div>\n<\/div>\n<\/div>\n<\/div>\n","protected":false},"excerpt":{"rendered":"<p>81 x 23 x 10 cm<\/p>\n","protected":false},"featured_media":220170,"comment_status":"open","ping_status":"closed","template":"","meta":[],"product_brand":[],"product_cat":[3149],"product_tag":[],"class_list":{"0":"post-282368","1":"product","2":"type-product","3":"status-publish","4":"has-post-thumbnail","6":"product_cat-harda-fodral-recurve","8":"first","9":"instock","10":"taxable","11":"shipping-taxable","12":"purchasable","13":"product-type-simple"},"composite_virtual":false,"composite_layout":"","composite_add_to_cart_form_location":"","composite_editable_in_cart":false,"composite_sold_individually_context":"","composite_shop_price_calc":"","composite_components":[],"composite_scenarios":[],"group_of_quantity":0,"min_quantity":0,"max_quantity":"","exclude_order_quantity_value_rules":"no","exclude_category_quantity_rules":"no","combine_variations":"no","exclude_global_add_ons":[],"addons":[],"_links":{"self":[{"href":"https:\/\/www.huntersfriend.eu\/de\/wp-json\/wp\/v2\/product\/282368","targetHints":{"allow":["GET"]}}],"collection":[{"href":"https:\/\/www.huntersfriend.eu\/de\/wp-json\/wp\/v2\/product"}],"about":[{"href":"https:\/\/www.huntersfriend.eu\/de\/wp-json\/wp\/v2\/types\/product"}],"replies":[{"embeddable":true,"href":"https:\/\/www.huntersfriend.eu\/de\/wp-json\/wp\/v2\/comments?post=282368"}],"wp:featuredmedia":[{"embeddable":true,"href":"https:\/\/www.huntersfriend.eu\/de\/wp-json\/wp\/v2\/media\/220170"}],"wp:attachment":[{"href":"https:\/\/www.huntersfriend.eu\/de\/wp-json\/wp\/v2\/media?parent=282368"}],"wp:term":[{"taxonomy":"product_brand","embeddable":true,"href":"https:\/\/www.huntersfriend.eu\/de\/wp-json\/wp\/v2\/product_brand?post=282368"},{"taxonomy":"product_cat","embeddable":true,"href":"https:\/\/www.huntersfriend.eu\/de\/wp-json\/wp\/v2\/product_cat?post=282368"},{"taxonomy":"product_tag","embeddable":true,"href":"https:\/\/www.huntersfriend.eu\/de\/wp-json\/wp\/v2\/product_tag?post=282368"}],"curies":[{"name":"wp","href":"https:\/\/api.w.org\/{rel}","templated":true}]}}