{"id":282366,"date":"2021-10-01T11:47:20","date_gmt":"2025-06-23T11:07:50","guid":{"rendered":"https:\/\/www.huntersfriend.eu\/product\/primos-2-punkt-gewehrauflage\/"},"modified":"2026-04-16T06:17:49","modified_gmt":"2026-04-16T04:17:49","slug":"primos-2-punkt-gewehrauflage","status":"publish","type":"product","link":"https:\/\/www.huntersfriend.eu\/de\/produkt\/primos-2-punkt-gewehrauflage\/","title":{"rendered":"Primos 2-Punkt-Gewehrauflage"},"content":{"rendered":"<p>Verwandeln Sie jedes Stativ in eine stabile Schie\u00dfauflage mit der 2-Punkt-Gewehrauflage. Diese l\u00e4sst sich schnell an jedem Stativ mit 1\/4-20-Gewindemuster befestigen. Dieses Zubeh\u00f6r wurde f\u00fcr den GEN 2 Trigger Stick entwickelt, kann jedoch durch Verwendung der <a href=\"https:\/\/www.primos.com\/shooting-sticks\/accessories\/camera-mount%2Fplate-gen-3-for-gen-3-trigger-sticks\/PO-65502.html\" target=\"_self\" rel=\"noopener noreferrer\">GEN 3 Optikhalterung<\/a> (Modellnummer 65502) auch f\u00fcr den Gen 3 Trigger Stick adaptiert werden. Die H\u00f6he und Neigung sind leicht einstellbar. Hervorragend geeignet f\u00fcr Bodentarnungen sowie f\u00fcr jugendliche und k\u00f6rperlich eingeschr\u00e4nkte J\u00e4ger.    <\/p>\n<ul>\n<li>Befestigung am Trigger Stick oder an einem Stativ mit 1\/4-20-Gewindehalterungen<\/li>\n<li>Einstellbare H\u00f6he und Neigung<\/li>\n<\/ul>\n","protected":false},"excerpt":{"rendered":"<p>Zus\u00e4tzliche Unterst\u00fctzung f\u00fcr den Primos Trigger Stick &#8211; Olivfarbig<\/p>\n","protected":false},"featured_media":283178,"comment_status":"open","ping_status":"closed","template":"","meta":[],"product_brand":[],"product_cat":[2570,1345],"product_tag":[],"class_list":{"0":"post-282366","1":"product","2":"type-product","3":"status-publish","4":"has-post-thumbnail","6":"product_cat-stodpinnar-och-skjutstod","7":"product_cat-range-rests","9":"first","10":"instock","11":"taxable","12":"shipping-taxable","13":"purchasable","14":"product-type-simple"},"composite_virtual":false,"composite_layout":"","composite_add_to_cart_form_location":"","composite_editable_in_cart":false,"composite_sold_individually_context":"","composite_shop_price_calc":"","composite_components":[],"composite_scenarios":[],"group_of_quantity":0,"min_quantity":0,"max_quantity":"","exclude_order_quantity_value_rules":"no","exclude_category_quantity_rules":"no","combine_variations":"no","exclude_global_add_ons":[],"addons":[],"_links":{"self":[{"href":"https:\/\/www.huntersfriend.eu\/de\/wp-json\/wp\/v2\/product\/282366","targetHints":{"allow":["GET"]}}],"collection":[{"href":"https:\/\/www.huntersfriend.eu\/de\/wp-json\/wp\/v2\/product"}],"about":[{"href":"https:\/\/www.huntersfriend.eu\/de\/wp-json\/wp\/v2\/types\/product"}],"replies":[{"embeddable":true,"href":"https:\/\/www.huntersfriend.eu\/de\/wp-json\/wp\/v2\/comments?post=282366"}],"wp:featuredmedia":[{"embeddable":true,"href":"https:\/\/www.huntersfriend.eu\/de\/wp-json\/wp\/v2\/media\/283178"}],"wp:attachment":[{"href":"https:\/\/www.huntersfriend.eu\/de\/wp-json\/wp\/v2\/media?parent=282366"}],"wp:term":[{"taxonomy":"product_brand","embeddable":true,"href":"https:\/\/www.huntersfriend.eu\/de\/wp-json\/wp\/v2\/product_brand?post=282366"},{"taxonomy":"product_cat","embeddable":true,"href":"https:\/\/www.huntersfriend.eu\/de\/wp-json\/wp\/v2\/product_cat?post=282366"},{"taxonomy":"product_tag","embeddable":true,"href":"https:\/\/www.huntersfriend.eu\/de\/wp-json\/wp\/v2\/product_tag?post=282366"}],"curies":[{"name":"wp","href":"https:\/\/api.w.org\/{rel}","templated":true}]}}