{"id":282365,"date":"2022-03-24T10:05:33","date_gmt":"2025-06-23T11:07:42","guid":{"rendered":"https:\/\/www.huntersfriend.eu\/product\/hs-schrotpatronenhalter-mit-tasche\/"},"modified":"2025-11-11T11:10:56","modified_gmt":"2025-11-11T09:10:56","slug":"hs-schrotpatronenhalter-mit-tasche","status":"publish","type":"product","link":"https:\/\/www.huntersfriend.eu\/de\/produkt\/hs-schrotpatronenhalter-mit-tasche\/","title":{"rendered":"HS Schrotpatronenhalter mit Tasche"},"content":{"rendered":"<p>Dieser praktische Schrotpatronenhalter, gefertigt aus strapazierf\u00e4higem Polyester, verf\u00fcgt \u00fcber verstellbare Velcro\u00ae-Riemen zur sicheren Befestigung am Schaftr\u00fccken Ihres Gewehrs. Das Wildleder-Wangenpolster erh\u00f6ht den Komfort und sch\u00fctzt den Schaft der Waffe. Dieses Jagdzubeh\u00f6r bietet einfachen Zugriff auf 3 Schrotpatronen und beinhaltet eine Rei\u00dfverschlusstasche f\u00fcr zus\u00e4tzliche Munition und weiteres Zubeh\u00f6r.  <\/p>\n","protected":false},"excerpt":{"rendered":"<p>Munitionshalter mit Mehrzwecktasche<\/p>\n","protected":false},"featured_media":231541,"comment_status":"open","ping_status":"closed","template":"","meta":[],"product_brand":[],"product_cat":[1359],"product_tag":[],"class_list":{"0":"post-282365","1":"product","2":"type-product","3":"status-publish","4":"has-post-thumbnail","6":"product_cat-slings-accessories-de","8":"first","9":"instock","10":"taxable","11":"shipping-taxable","12":"purchasable","13":"product-type-simple"},"composite_virtual":false,"composite_layout":"","composite_add_to_cart_form_location":"","composite_editable_in_cart":false,"composite_sold_individually_context":"","composite_shop_price_calc":"","composite_components":[],"composite_scenarios":[],"group_of_quantity":0,"min_quantity":0,"max_quantity":"","exclude_order_quantity_value_rules":"no","exclude_category_quantity_rules":"no","combine_variations":"no","exclude_global_add_ons":[],"addons":[],"_links":{"self":[{"href":"https:\/\/www.huntersfriend.eu\/de\/wp-json\/wp\/v2\/product\/282365","targetHints":{"allow":["GET"]}}],"collection":[{"href":"https:\/\/www.huntersfriend.eu\/de\/wp-json\/wp\/v2\/product"}],"about":[{"href":"https:\/\/www.huntersfriend.eu\/de\/wp-json\/wp\/v2\/types\/product"}],"replies":[{"embeddable":true,"href":"https:\/\/www.huntersfriend.eu\/de\/wp-json\/wp\/v2\/comments?post=282365"}],"wp:featuredmedia":[{"embeddable":true,"href":"https:\/\/www.huntersfriend.eu\/de\/wp-json\/wp\/v2\/media\/231541"}],"wp:attachment":[{"href":"https:\/\/www.huntersfriend.eu\/de\/wp-json\/wp\/v2\/media?parent=282365"}],"wp:term":[{"taxonomy":"product_brand","embeddable":true,"href":"https:\/\/www.huntersfriend.eu\/de\/wp-json\/wp\/v2\/product_brand?post=282365"},{"taxonomy":"product_cat","embeddable":true,"href":"https:\/\/www.huntersfriend.eu\/de\/wp-json\/wp\/v2\/product_cat?post=282365"},{"taxonomy":"product_tag","embeddable":true,"href":"https:\/\/www.huntersfriend.eu\/de\/wp-json\/wp\/v2\/product_tag?post=282365"}],"curies":[{"name":"wp","href":"https:\/\/api.w.org\/{rel}","templated":true}]}}