{"id":282360,"date":"2022-03-24T10:05:31","date_gmt":"2025-06-23T11:07:32","guid":{"rendered":"https:\/\/www.huntersfriend.eu\/product\/hme-zubehoerhakenguertel\/"},"modified":"2025-06-23T13:07:32","modified_gmt":"2025-06-23T11:07:32","slug":"hme-zubehoerhakenguertel","status":"publish","type":"product","link":"https:\/\/www.huntersfriend.eu\/de\/produkt\/hme-zubehoerhakenguertel\/","title":{"rendered":"HME-Zubeh\u00f6rhakeng\u00fcrtel"},"content":{"rendered":"<p>L\u00e4sst sich in Sekundenschnelle sicher montieren, indem er einfach um den Baum gewickelt, das Ende des Riemens durch die Klemmschnalle geschoben und fest angezogen wird.<\/p>\n<ul>\n<li>Mit einer konkaven R\u00fcckseite konzipiert, um seitliche Bewegungen zu eliminieren<\/li>\n<li>Drei gro\u00dfe und robuste Haken.<\/li>\n<\/ul>\n","protected":false},"excerpt":{"rendered":"<p>Zubeh\u00f6rhakeng\u00fcrtel f\u00fcr die Jagd vom Hochsitz aus<\/p>\n","protected":false},"featured_media":231389,"comment_status":"open","ping_status":"closed","template":"","meta":[],"product_brand":[],"product_cat":[1171],"product_tag":[],"class_list":{"0":"post-282360","1":"product","2":"type-product","3":"status-publish","4":"has-post-thumbnail","6":"product_cat-sitz-und-schirm-zubehoer","8":"first","9":"outofstock","10":"taxable","11":"shipping-taxable","12":"purchasable","13":"product-type-simple"},"composite_virtual":false,"composite_layout":"","composite_add_to_cart_form_location":"","composite_editable_in_cart":false,"composite_sold_individually_context":"","composite_shop_price_calc":"","composite_components":[],"composite_scenarios":[],"group_of_quantity":0,"min_quantity":0,"max_quantity":"","exclude_order_quantity_value_rules":"no","exclude_category_quantity_rules":"no","combine_variations":"no","exclude_global_add_ons":[],"addons":[],"_links":{"self":[{"href":"https:\/\/www.huntersfriend.eu\/de\/wp-json\/wp\/v2\/product\/282360","targetHints":{"allow":["GET"]}}],"collection":[{"href":"https:\/\/www.huntersfriend.eu\/de\/wp-json\/wp\/v2\/product"}],"about":[{"href":"https:\/\/www.huntersfriend.eu\/de\/wp-json\/wp\/v2\/types\/product"}],"replies":[{"embeddable":true,"href":"https:\/\/www.huntersfriend.eu\/de\/wp-json\/wp\/v2\/comments?post=282360"}],"wp:featuredmedia":[{"embeddable":true,"href":"https:\/\/www.huntersfriend.eu\/de\/wp-json\/wp\/v2\/media\/231389"}],"wp:attachment":[{"href":"https:\/\/www.huntersfriend.eu\/de\/wp-json\/wp\/v2\/media?parent=282360"}],"wp:term":[{"taxonomy":"product_brand","embeddable":true,"href":"https:\/\/www.huntersfriend.eu\/de\/wp-json\/wp\/v2\/product_brand?post=282360"},{"taxonomy":"product_cat","embeddable":true,"href":"https:\/\/www.huntersfriend.eu\/de\/wp-json\/wp\/v2\/product_cat?post=282360"},{"taxonomy":"product_tag","embeddable":true,"href":"https:\/\/www.huntersfriend.eu\/de\/wp-json\/wp\/v2\/product_tag?post=282360"}],"curies":[{"name":"wp","href":"https:\/\/api.w.org\/{rel}","templated":true}]}}