{"id":282357,"date":"2022-03-23T18:20:33","date_gmt":"2025-06-23T11:07:17","guid":{"rendered":"https:\/\/www.huntersfriend.eu\/product\/treehugger-trubark-hd-futterstation\/"},"modified":"2025-07-18T04:58:22","modified_gmt":"2025-07-18T02:58:22","slug":"treehugger-trubark-hd-futterstation","status":"publish","type":"product","link":"https:\/\/www.huntersfriend.eu\/de\/produkt\/treehugger-trubark-hd-futterstation\/","title":{"rendered":"Treehugger TRUBark HD Futterstation"},"content":{"rendered":"<p>Der Treehugger\u2122 ist eine wartungsarme F\u00fctterungsl\u00f6sung, die den Esstisch ganz von selbst deckt. Wir haben langlebiges PVC-Material verwendet, um einen robusten Schwerkraftf\u00fctterer zu konstruieren, der sich in weniger als f\u00fcnf Minuten an jedem Baum befestigen l\u00e4sst. Schlingen Sie einfach die integrierten Gurte um einen Baumstamm und sichern Sie sie mit der robusten Schnalle. Der Treehugger \u00fcbernimmt den Rest und f\u00fcllt das Futter auf nat\u00fcrliche Weise nach, w\u00e4hrend das Wild es verzehrt. Sie k\u00f6nnen ihn mit nahezu jeder Art von Futter bef\u00fcllen: Mais, Lockmittel, Protein, Mineralstoffe oder eine Kombination daraus.    <\/p>\n<p>Die einfache Montage und das leichte Design machen den Treehugger ideal f\u00fcr schwer zug\u00e4ngliche Gebiete mit begrenztem Platz, wie Hinterw\u00e4lder oder S\u00fcmpfe. Verwenden Sie diesen einfachen, stromlinienf\u00f6rmigen F\u00fctterer, um einen potenziellen F\u00fctterungsplatz zu testen, und versetzen Sie ihn beliebig oft, bis Sie den richtigen Standort gefunden haben. Mit einer k\u00f6stlichen Futterquelle, die \u00fcberall auf dem Boden verstreut ist, werden die Rehe sie sicher finden, wo auch immer Sie sie platzieren.  <\/p>\n<ul>\n<li>Schwerkraft-Beutelf\u00fctterer f\u00fcllt das Futter auf nat\u00fcrliche Weise nach, w\u00e4hrend es verzehrt wird<\/li>\n<li>Bef\u00fcllbar mit Mais, Lockmitteln oder Mineralstoffen<\/li>\n<li>Keine Werkzeuge oder Batterien erforderlich<\/li>\n<li>Robustes, wetterfestes Material<\/li>\n<li>Rollverschluss mit Dichtung<\/li>\n<li>Integrierte Gurte mit robuster Schnalle f\u00fcr sichere Befestigung<\/li>\n<li>Leichtes Design f\u00fcr einfachen Transport zu neuen Standorten<\/li>\n<li>Hervorragend geeignet f\u00fcr schwer zug\u00e4ngliche Gebiete wie Hinterw\u00e4lder oder S\u00fcmpfe<\/li>\n<li>Zum Patent angemeldetes Design<\/li>\n<li>Kapazit\u00e4t: 45 kg<\/li>\n<\/ul>\n","protected":false},"excerpt":{"rendered":"<p>Kapazit\u00e4t 45 kg<\/p>\n","protected":false},"featured_media":231435,"comment_status":"open","ping_status":"closed","template":"","meta":[],"product_brand":[],"product_cat":[1398],"product_tag":[],"class_list":{"0":"post-282357","1":"product","2":"type-product","3":"status-publish","4":"has-post-thumbnail","6":"product_cat-futterautomaten","8":"first","9":"instock","10":"taxable","11":"shipping-taxable","12":"purchasable","13":"product-type-simple"},"composite_virtual":false,"composite_layout":"","composite_add_to_cart_form_location":"","composite_editable_in_cart":false,"composite_sold_individually_context":"","composite_shop_price_calc":"","composite_components":[],"composite_scenarios":[],"group_of_quantity":0,"min_quantity":0,"max_quantity":"","exclude_order_quantity_value_rules":"no","exclude_category_quantity_rules":"no","combine_variations":"no","exclude_global_add_ons":[],"addons":[],"_links":{"self":[{"href":"https:\/\/www.huntersfriend.eu\/de\/wp-json\/wp\/v2\/product\/282357","targetHints":{"allow":["GET"]}}],"collection":[{"href":"https:\/\/www.huntersfriend.eu\/de\/wp-json\/wp\/v2\/product"}],"about":[{"href":"https:\/\/www.huntersfriend.eu\/de\/wp-json\/wp\/v2\/types\/product"}],"replies":[{"embeddable":true,"href":"https:\/\/www.huntersfriend.eu\/de\/wp-json\/wp\/v2\/comments?post=282357"}],"wp:featuredmedia":[{"embeddable":true,"href":"https:\/\/www.huntersfriend.eu\/de\/wp-json\/wp\/v2\/media\/231435"}],"wp:attachment":[{"href":"https:\/\/www.huntersfriend.eu\/de\/wp-json\/wp\/v2\/media?parent=282357"}],"wp:term":[{"taxonomy":"product_brand","embeddable":true,"href":"https:\/\/www.huntersfriend.eu\/de\/wp-json\/wp\/v2\/product_brand?post=282357"},{"taxonomy":"product_cat","embeddable":true,"href":"https:\/\/www.huntersfriend.eu\/de\/wp-json\/wp\/v2\/product_cat?post=282357"},{"taxonomy":"product_tag","embeddable":true,"href":"https:\/\/www.huntersfriend.eu\/de\/wp-json\/wp\/v2\/product_tag?post=282357"}],"curies":[{"name":"wp","href":"https:\/\/api.w.org\/{rel}","templated":true}]}}