{"id":282356,"date":"2022-03-23T14:51:09","date_gmt":"2022-03-23T12:51:09","guid":{"rendered":"https:\/\/www.huntersfriend.eu\/product\/hs-schnellwechsel-bogenschlinge\/"},"modified":"2026-03-26T11:56:52","modified_gmt":"2026-03-26T09:56:52","slug":"hs-schnellwechsel-bogenschlinge","status":"publish","type":"product","link":"https:\/\/www.huntersfriend.eu\/de\/produkt\/hs-schnellwechsel-bogenschlinge\/","title":{"rendered":"HS Schnellwechsel-Bogenschlinge"},"content":{"rendered":"<p>Dieses Bogenschie\u00dfzubeh\u00f6r erleichtert den Transport Ihres Bogens zu Ihrem Stand mehr denn je. Es verf\u00fcgt \u00fcber robuste Nylonriemen in Realtree\u00ae-Tarnmuster, und Schnellverschluss-Schnallen erm\u00f6glichen einen schnellen Zugriff. <\/p>\n<p>Das gepolsterte, rutschfeste schwarze Neopren-Schulterpolster verteilt das Gewicht des Bogens gleichm\u00e4\u00dfig \u00fcber Ihre Schulter.<\/p>\n","protected":false},"excerpt":{"rendered":"<p>Dieses Bogenschie\u00dfzubeh\u00f6r erleichtert den Transport Ihres Bogens zu Ihrem Stand mehr denn je. Es verf\u00fcgt \u00fcber robuste Nylonriemen in Realtree\u00ae-Tarnmuster, und Schnellverschluss-Schnallen erm\u00f6glichen einen schnellen Zugriff. Das gepolsterte, rutschfeste schwarze Neopren-Schulterpolster verteilt das Gewicht des Bogens gleichm\u00e4\u00dfig \u00fcber Ihre Schulter.<\/p>\n","protected":false},"featured_media":226290,"comment_status":"open","ping_status":"closed","template":"","meta":[],"product_brand":[],"product_cat":[1145],"product_tag":[],"class_list":{"0":"post-282356","1":"product","2":"type-product","3":"status-publish","4":"has-post-thumbnail","6":"product_cat-sonstiges","8":"first","9":"outofstock","10":"taxable","11":"shipping-taxable","12":"purchasable","13":"product-type-simple"},"composite_virtual":false,"composite_layout":"","composite_add_to_cart_form_location":"","composite_editable_in_cart":false,"composite_sold_individually_context":"","composite_shop_price_calc":"","composite_components":[],"composite_scenarios":[],"group_of_quantity":0,"min_quantity":0,"max_quantity":"","exclude_order_quantity_value_rules":"no","exclude_category_quantity_rules":"no","combine_variations":"no","exclude_global_add_ons":[],"addons":[],"_links":{"self":[{"href":"https:\/\/www.huntersfriend.eu\/de\/wp-json\/wp\/v2\/product\/282356","targetHints":{"allow":["GET"]}}],"collection":[{"href":"https:\/\/www.huntersfriend.eu\/de\/wp-json\/wp\/v2\/product"}],"about":[{"href":"https:\/\/www.huntersfriend.eu\/de\/wp-json\/wp\/v2\/types\/product"}],"replies":[{"embeddable":true,"href":"https:\/\/www.huntersfriend.eu\/de\/wp-json\/wp\/v2\/comments?post=282356"}],"wp:featuredmedia":[{"embeddable":true,"href":"https:\/\/www.huntersfriend.eu\/de\/wp-json\/wp\/v2\/media\/226290"}],"wp:attachment":[{"href":"https:\/\/www.huntersfriend.eu\/de\/wp-json\/wp\/v2\/media?parent=282356"}],"wp:term":[{"taxonomy":"product_brand","embeddable":true,"href":"https:\/\/www.huntersfriend.eu\/de\/wp-json\/wp\/v2\/product_brand?post=282356"},{"taxonomy":"product_cat","embeddable":true,"href":"https:\/\/www.huntersfriend.eu\/de\/wp-json\/wp\/v2\/product_cat?post=282356"},{"taxonomy":"product_tag","embeddable":true,"href":"https:\/\/www.huntersfriend.eu\/de\/wp-json\/wp\/v2\/product_tag?post=282356"}],"curies":[{"name":"wp","href":"https:\/\/api.w.org\/{rel}","templated":true}]}}