{"id":282355,"date":"2022-03-14T15:20:20","date_gmt":"2025-06-23T11:07:06","guid":{"rendered":"https:\/\/www.huntersfriend.eu\/product\/hamskea-epsilon-mathews-halterungssatz\/"},"modified":"2025-06-23T13:07:06","modified_gmt":"2025-06-23T11:07:06","slug":"hamskea-epsilon-mathews-halterungssatz","status":"publish","type":"product","link":"https:\/\/www.huntersfriend.eu\/de\/produkt\/hamskea-epsilon-mathews-halterungssatz\/","title":{"rendered":"Hamskea Epsilon Mathews Halterungssatz"},"content":{"rendered":"<p>1. Die effizienteste, robusteste und eleganteste Befestigungsoption f\u00fcr Mathews B\u00f6gen.<br \/>\n2. Von Mathews Archery, Inc. zugelassenes und getestetes Design.<\/p>\n<p>C.O.R.\u2122 Befestigungstechnologie f\u00fcr Mathews B\u00f6gen ab 2020 mit einer Mittelst\u00fcckdicke von 0,900 Zoll.<\/p>\n","protected":false},"excerpt":{"rendered":"<p>1. Die effizienteste, robusteste und eleganteste Befestigungsoption f\u00fcr Mathews B\u00f6gen. 2. Von Mathews Archery, Inc. zugelassenes und getestetes Design. C.O.R.\u2122 Befestigungstechnologie f\u00fcr Mathews B\u00f6gen ab 2020 mit einer Mittelst\u00fcckdicke von 0,900 Zoll.<\/p>\n","protected":false},"featured_media":226006,"comment_status":"open","ping_status":"closed","template":"","meta":[],"product_brand":[],"product_cat":[1145],"product_tag":[],"class_list":{"0":"post-282355","1":"product","2":"type-product","3":"status-publish","4":"has-post-thumbnail","6":"product_cat-sonstiges","8":"first","9":"outofstock","10":"taxable","11":"shipping-taxable","12":"purchasable","13":"product-type-simple"},"composite_virtual":false,"composite_layout":"","composite_add_to_cart_form_location":"","composite_editable_in_cart":false,"composite_sold_individually_context":"","composite_shop_price_calc":"","composite_components":[],"composite_scenarios":[],"group_of_quantity":0,"min_quantity":0,"max_quantity":"","exclude_order_quantity_value_rules":"no","exclude_category_quantity_rules":"no","combine_variations":"no","exclude_global_add_ons":[],"addons":[],"_links":{"self":[{"href":"https:\/\/www.huntersfriend.eu\/de\/wp-json\/wp\/v2\/product\/282355","targetHints":{"allow":["GET"]}}],"collection":[{"href":"https:\/\/www.huntersfriend.eu\/de\/wp-json\/wp\/v2\/product"}],"about":[{"href":"https:\/\/www.huntersfriend.eu\/de\/wp-json\/wp\/v2\/types\/product"}],"replies":[{"embeddable":true,"href":"https:\/\/www.huntersfriend.eu\/de\/wp-json\/wp\/v2\/comments?post=282355"}],"wp:featuredmedia":[{"embeddable":true,"href":"https:\/\/www.huntersfriend.eu\/de\/wp-json\/wp\/v2\/media\/226006"}],"wp:attachment":[{"href":"https:\/\/www.huntersfriend.eu\/de\/wp-json\/wp\/v2\/media?parent=282355"}],"wp:term":[{"taxonomy":"product_brand","embeddable":true,"href":"https:\/\/www.huntersfriend.eu\/de\/wp-json\/wp\/v2\/product_brand?post=282355"},{"taxonomy":"product_cat","embeddable":true,"href":"https:\/\/www.huntersfriend.eu\/de\/wp-json\/wp\/v2\/product_cat?post=282355"},{"taxonomy":"product_tag","embeddable":true,"href":"https:\/\/www.huntersfriend.eu\/de\/wp-json\/wp\/v2\/product_tag?post=282355"}],"curies":[{"name":"wp","href":"https:\/\/api.w.org\/{rel}","templated":true}]}}