{"id":282353,"date":"2022-03-14T18:20:36","date_gmt":"2022-03-14T16:20:36","guid":{"rendered":"https:\/\/www.huntersfriend.eu\/product\/tooth-breitkopf-schaerfer-standard\/"},"modified":"2026-03-26T10:14:41","modified_gmt":"2026-03-26T08:14:41","slug":"tooth-breitkopf-schaerfer-standard","status":"publish","type":"product","link":"https:\/\/www.huntersfriend.eu\/de\/produkt\/tooth-breitkopf-schaerfer-standard\/","title":{"rendered":"Tooth Breitkopf-Sch\u00e4rfer &#8211; Standard"},"content":{"rendered":"<p>Der Tooth of the Arrow Sch\u00e4rfer ist speziell f\u00fcr den Klingenwinkel der Tooth of the Arrow Breitk\u00f6pfe konzipiert.<\/p>\n<p>Der Standard-Sch\u00e4rfer ist sowohl f\u00fcr Tooth of the Arrow Breitk\u00f6pfe mit einem Durchmesser von 1 Zoll als auch von 1-3\/16 Zoll geeignet.<\/p>\n<p>Die Sch\u00e4rfer bestehen aus einer spritzgegossenen Kunststoffbasis mit zwei 6 Zoll langen, versetzten Steinen mittlerer K\u00f6rnung.<\/p>\n<p>Es wird empfohlen, die Tooth of the Arrow Sch\u00e4rfer mit Abzieh\u00f6l zu verwenden.<\/p>\n","protected":false},"excerpt":{"rendered":"<p>Der Tooth of the Arrow Sch\u00e4rfer ist speziell f\u00fcr den Klingenwinkel der Tooth of the Arrow Breitk\u00f6pfe konzipiert. Der Standard-Sch\u00e4rfer ist sowohl f\u00fcr Tooth of the Arrow Breitk\u00f6pfe mit einem Durchmesser von 1 Zoll als auch von 1-3\/16 Zoll geeignet. Die Sch\u00e4rfer bestehen aus einer spritzgegossenen Kunststoffbasis mit zwei 6 Zoll langen, versetzten Steinen mittlerer [&#8230;]\n","protected":false},"featured_media":225942,"comment_status":"open","ping_status":"closed","template":"","meta":[],"product_brand":[],"product_cat":[1145],"product_tag":[],"class_list":{"0":"post-282353","1":"product","2":"type-product","3":"status-publish","4":"has-post-thumbnail","6":"product_cat-sonstiges","8":"first","9":"outofstock","10":"taxable","11":"shipping-taxable","12":"purchasable","13":"product-type-simple"},"composite_virtual":false,"composite_layout":"","composite_add_to_cart_form_location":"","composite_editable_in_cart":false,"composite_sold_individually_context":"","composite_shop_price_calc":"","composite_components":[],"composite_scenarios":[],"group_of_quantity":0,"min_quantity":0,"max_quantity":"","exclude_order_quantity_value_rules":"no","exclude_category_quantity_rules":"no","combine_variations":"no","exclude_global_add_ons":[],"addons":[],"_links":{"self":[{"href":"https:\/\/www.huntersfriend.eu\/de\/wp-json\/wp\/v2\/product\/282353","targetHints":{"allow":["GET"]}}],"collection":[{"href":"https:\/\/www.huntersfriend.eu\/de\/wp-json\/wp\/v2\/product"}],"about":[{"href":"https:\/\/www.huntersfriend.eu\/de\/wp-json\/wp\/v2\/types\/product"}],"replies":[{"embeddable":true,"href":"https:\/\/www.huntersfriend.eu\/de\/wp-json\/wp\/v2\/comments?post=282353"}],"wp:featuredmedia":[{"embeddable":true,"href":"https:\/\/www.huntersfriend.eu\/de\/wp-json\/wp\/v2\/media\/225942"}],"wp:attachment":[{"href":"https:\/\/www.huntersfriend.eu\/de\/wp-json\/wp\/v2\/media?parent=282353"}],"wp:term":[{"taxonomy":"product_brand","embeddable":true,"href":"https:\/\/www.huntersfriend.eu\/de\/wp-json\/wp\/v2\/product_brand?post=282353"},{"taxonomy":"product_cat","embeddable":true,"href":"https:\/\/www.huntersfriend.eu\/de\/wp-json\/wp\/v2\/product_cat?post=282353"},{"taxonomy":"product_tag","embeddable":true,"href":"https:\/\/www.huntersfriend.eu\/de\/wp-json\/wp\/v2\/product_tag?post=282353"}],"curies":[{"name":"wp","href":"https:\/\/api.w.org\/{rel}","templated":true}]}}