{"id":282346,"date":"2022-03-14T18:20:35","date_gmt":"2022-03-14T16:20:35","guid":{"rendered":"https:\/\/www.huntersfriend.eu\/product\/tooth-of-the-arrow-s-serie-vollmaterial-jagdspitzen\/"},"modified":"2026-03-26T13:45:08","modified_gmt":"2026-03-26T11:45:08","slug":"tooth-of-the-arrow-s-serie-vollmaterial-jagdspitzen","status":"publish","type":"product","link":"https:\/\/www.huntersfriend.eu\/de\/produkt\/tooth-of-the-arrow-s-serie-vollmaterial-jagdspitzen\/","title":{"rendered":"Tooth of the Arrow S-Serie Vollmaterial-Jagdspitzen"},"content":{"rendered":"<div><em>*Geeignet f\u00fcr bis zu 470+ fps*<\/em><\/div>\n<div>Wie alle Tooth of the Arrow Jagdspitzen ist unsere 1-Zoll S-Serie vollst\u00e4ndig maschinell bearbeitet und in den USA hergestellt.<\/div>\n<div><\/div>\n<div>Unser 4-Klingen-Design mit fester Jagdspitze beinhaltet eine k\u00fcrzere H\u00fclse f\u00fcr un\u00fcbertroffenen Flug, ist w\u00e4rmebehandelt f\u00fcr ultimative Haltbarkeit und im 45-Grad-Winkel gesch\u00e4rft f\u00fcr maximale Sch\u00e4rfe.<\/div>\n<div><\/div>\n<div>Die 1-Zoll S-Serie Jagdspitze ist speziell f\u00fcr eine au\u00dfergew\u00f6hnliche Pr\u00e4zision auf jede Distanz konzipiert.<\/div>\n<div>Das Vollklingen-Design erh\u00f6ht die Haltbarkeit und eliminiert jegliches Flugger\u00e4usch.<\/div>\n<div>Ideal f\u00fcr maximale Durchdringung oder gro\u00dfe Wildtiere wie Elche oder Rentiere.<\/div>\n<div>Bei Tooth of the Arrow haben wir jeden Aspekt unserer Jagdspitzen f\u00fcr einen spezifischen Zweck entworfen. Das Ergebnis ist eine echte Jagdspitze mit fester Klinge, die Ihnen mehr Zuversicht im Feld verleiht, wenn es am wichtigsten ist. <\/div>\n<div><\/div>\n<div>\n<div>\n<table width=\"551\">\n<tbody>\n<tr>\n<td><strong>Gewichte<\/strong><\/td>\n<td>100 Grain, 125 Grain<\/td>\n<\/tr>\n<tr>\n<td><strong>Schnittdurchmesser<\/strong><\/td>\n<td>1 Zoll<\/td>\n<\/tr>\n<tr>\n<td><strong>Anzahl der Klingen<\/strong><\/td>\n<td>4 feste Klingen<\/td>\n<\/tr>\n<tr>\n<td><strong>Material<\/strong><\/td>\n<td>11L41<\/td>\n<\/tr>\n<tr>\n<td><strong>W\u00e4rmebehandlung<\/strong><\/td>\n<td>Durchgeh\u00e4rtet auf Rc45<\/td>\n<\/tr>\n<tr>\n<td><strong>Beschichtung<\/strong><\/td>\n<td>Schwarzoxid<\/td>\n<\/tr>\n<tr>\n<td><strong>Winkel der Schneidkante<\/strong><\/td>\n<td>45 Grad (inklusive)<\/td>\n<\/tr>\n<tr>\n<td><strong>Eindringspitze<\/strong><\/td>\n<td>Mei\u00dfelspitzendesign<\/td>\n<\/tr>\n<tr>\n<td><strong>Gewichtsverteilung<\/strong><\/td>\n<td>\u00dcber 80% innerhalb des Durchmessers<br \/>\ndes Pfeilschafts<\/td>\n<\/tr>\n<tr>\n<td><strong>Profil<\/strong><\/td>\n<td>Flaches Profildesign (aerodynamischer)<\/td>\n<\/tr>\n<tr>\n<td><strong>Einzigartige Merkmale<\/strong><\/td>\n<td>Einteilige Konstruktion (Klingen und K\u00f6rper sind aus einem massiven Stahlstab gefr\u00e4st)<\/td>\n<\/tr>\n<tr>\n<td><strong>Herkunftsland<\/strong><\/td>\n<td>100% in den USA in unserer Einrichtung hergestellt<\/td>\n<\/tr>\n<\/tbody>\n<\/table>\n<\/div>\n<\/div>\n","protected":false},"excerpt":{"rendered":"<p>4-Klingen Vollmaterial &#8211; 3er Pack<\/p>\n","protected":false},"featured_media":225946,"comment_status":"open","ping_status":"closed","template":"","meta":[],"product_brand":[],"product_cat":[1079,1222],"product_tag":[],"class_list":{"0":"post-282346","1":"product","2":"type-product","3":"status-publish","4":"has-post-thumbnail","6":"product_cat-jagd-spitzen","7":"product_cat-sonderangebote","9":"first","10":"instock","11":"sale","12":"taxable","13":"shipping-taxable","14":"purchasable","15":"product-type-variable"},"composite_virtual":false,"composite_layout":"","composite_add_to_cart_form_location":"","composite_editable_in_cart":false,"composite_sold_individually_context":"","composite_shop_price_calc":"","composite_components":[],"composite_scenarios":[],"group_of_quantity":0,"min_quantity":0,"max_quantity":"","exclude_order_quantity_value_rules":"no","exclude_category_quantity_rules":"no","combine_variations":"no","exclude_global_add_ons":[],"addons":[],"_links":{"self":[{"href":"https:\/\/www.huntersfriend.eu\/de\/wp-json\/wp\/v2\/product\/282346","targetHints":{"allow":["GET"]}}],"collection":[{"href":"https:\/\/www.huntersfriend.eu\/de\/wp-json\/wp\/v2\/product"}],"about":[{"href":"https:\/\/www.huntersfriend.eu\/de\/wp-json\/wp\/v2\/types\/product"}],"replies":[{"embeddable":true,"href":"https:\/\/www.huntersfriend.eu\/de\/wp-json\/wp\/v2\/comments?post=282346"}],"wp:featuredmedia":[{"embeddable":true,"href":"https:\/\/www.huntersfriend.eu\/de\/wp-json\/wp\/v2\/media\/225946"}],"wp:attachment":[{"href":"https:\/\/www.huntersfriend.eu\/de\/wp-json\/wp\/v2\/media?parent=282346"}],"wp:term":[{"taxonomy":"product_brand","embeddable":true,"href":"https:\/\/www.huntersfriend.eu\/de\/wp-json\/wp\/v2\/product_brand?post=282346"},{"taxonomy":"product_cat","embeddable":true,"href":"https:\/\/www.huntersfriend.eu\/de\/wp-json\/wp\/v2\/product_cat?post=282346"},{"taxonomy":"product_tag","embeddable":true,"href":"https:\/\/www.huntersfriend.eu\/de\/wp-json\/wp\/v2\/product_tag?post=282346"}],"curies":[{"name":"wp","href":"https:\/\/api.w.org\/{rel}","templated":true}]}}