{"id":282339,"date":"2022-03-07T15:20:22","date_gmt":"2022-03-07T13:20:22","guid":{"rendered":"https:\/\/www.huntersfriend.eu\/product\/primos-buck-roar-ii-hirschlocker-mit-grunzlauten\/"},"modified":"2025-09-05T06:47:47","modified_gmt":"2025-09-05T04:47:47","slug":"primos-buck-roar-ii-hirschlocker-mit-grunzlauten","status":"publish","type":"product","link":"https:\/\/www.huntersfriend.eu\/de\/produkt\/primos-buck-roar-ii-hirschlocker-mit-grunzlauten\/","title":{"rendered":"Primos Buck Roar II Hirschlocker mit Grunzlauten"},"content":{"rendered":"<p>Mit klaren und scharfen Grunzern und dem m\u00fchelosesten und pr\u00e4zisesten Fiepen wird der Buck Roar\u00ae II zum bevorzugten Lockruf aller Wei\u00dfwedelhirschj\u00e4ger. Als Weiterentwicklung des legend\u00e4ren Buck Roar haben wir Lauf, Zunge und Verst\u00e4rkerpassung sowie den Luftstrom neu positioniert, um scharfe und reaktionsschnelle Grunzer m\u00fchelos zu erm\u00f6glichen. Durch das Einsetzen einer Schallwand in das Fiepen und die trichterf\u00f6rmige Gestaltung des Ausgangs l\u00e4sst sich der exakte Fieplaut eines herausfordernden Bocks leicht nachbilden. Der drehbare Handgelenkriemen sorgt daf\u00fcr, dass der Lockruf immer einsatzbereit ist, sei es beim vollen Auszug des Bogens oder beim Rufen eines Bocks in der Ferne. Er ist mit allen Funktionen ausgestattet, die Sie in einem Lockruf ben\u00f6tigen, um diesen Troph\u00e4enbock nah heranzulocken.    <\/p>\n<ul>\n<li>Scharfe und reaktionsschnelle Grunzlaute<\/li>\n<li>Reproduziert das herausfordernde Schnauben eines reifen Hirschbocks<\/li>\n<li>Rotierendes Handgelenksband zur steten Einsatzbereitschaft des Lockers in jeder Position<\/li>\n<\/ul>\n<p>F\u00fcr Wei\u00dfwedelhirsche<\/p>\n","protected":false},"excerpt":{"rendered":"<p>Mit klaren und scharfen Grunzern und dem m\u00fchelosesten und pr\u00e4zisesten Fiepen wird der Buck Roar\u00ae II zum bevorzugten Lockruf aller Wei\u00dfwedelhirschj\u00e4ger. Als Weiterentwicklung des legend\u00e4ren Buck Roar haben wir Lauf, Zunge und Verst\u00e4rkerpassung sowie den Luftstrom neu positioniert, um scharfe und reaktionsschnelle Grunzer m\u00fchelos zu erm\u00f6glichen. Durch das Einsetzen einer Schallwand in das Fiepen und [&#8230;]\n","protected":false},"featured_media":225448,"comment_status":"open","ping_status":"closed","template":"","meta":[],"product_brand":[],"product_cat":[1145],"product_tag":[],"class_list":{"0":"post-282339","1":"product","2":"type-product","3":"status-publish","4":"has-post-thumbnail","6":"product_cat-sonstiges","8":"first","9":"outofstock","10":"taxable","11":"shipping-taxable","12":"purchasable","13":"product-type-simple"},"composite_virtual":false,"composite_layout":"","composite_add_to_cart_form_location":"","composite_editable_in_cart":false,"composite_sold_individually_context":"","composite_shop_price_calc":"","composite_components":[],"composite_scenarios":[],"group_of_quantity":0,"min_quantity":0,"max_quantity":"","exclude_order_quantity_value_rules":"no","exclude_category_quantity_rules":"no","combine_variations":"no","exclude_global_add_ons":[],"addons":[],"_links":{"self":[{"href":"https:\/\/www.huntersfriend.eu\/de\/wp-json\/wp\/v2\/product\/282339","targetHints":{"allow":["GET"]}}],"collection":[{"href":"https:\/\/www.huntersfriend.eu\/de\/wp-json\/wp\/v2\/product"}],"about":[{"href":"https:\/\/www.huntersfriend.eu\/de\/wp-json\/wp\/v2\/types\/product"}],"replies":[{"embeddable":true,"href":"https:\/\/www.huntersfriend.eu\/de\/wp-json\/wp\/v2\/comments?post=282339"}],"wp:featuredmedia":[{"embeddable":true,"href":"https:\/\/www.huntersfriend.eu\/de\/wp-json\/wp\/v2\/media\/225448"}],"wp:attachment":[{"href":"https:\/\/www.huntersfriend.eu\/de\/wp-json\/wp\/v2\/media?parent=282339"}],"wp:term":[{"taxonomy":"product_brand","embeddable":true,"href":"https:\/\/www.huntersfriend.eu\/de\/wp-json\/wp\/v2\/product_brand?post=282339"},{"taxonomy":"product_cat","embeddable":true,"href":"https:\/\/www.huntersfriend.eu\/de\/wp-json\/wp\/v2\/product_cat?post=282339"},{"taxonomy":"product_tag","embeddable":true,"href":"https:\/\/www.huntersfriend.eu\/de\/wp-json\/wp\/v2\/product_tag?post=282339"}],"curies":[{"name":"wp","href":"https:\/\/api.w.org\/{rel}","templated":true}]}}