{"id":282338,"date":"2022-03-03T15:20:26","date_gmt":"2022-03-03T13:20:26","guid":{"rendered":"https:\/\/www.huntersfriend.eu\/product\/alps-outdoorz-utility-tarp\/"},"modified":"2025-11-19T10:43:13","modified_gmt":"2025-11-19T08:43:13","slug":"alps-outdoorz-utility-tarp","status":"publish","type":"product","link":"https:\/\/www.huntersfriend.eu\/de\/produkt\/alps-outdoorz-utility-tarp\/","title":{"rendered":"Alps Mountaineering Mehrzweckplane"},"content":{"rendered":"<p>Das Utility Tarp bietet mit seinen 16 verst\u00e4rkten Abspannpunkten unbegrenzte M\u00f6glichkeiten. Es kann als primitive Unterkunft oder als zus\u00e4tzlicher Versammlungsort f\u00fcr eine Gruppe verwendet werden. Der strapazierf\u00e4hige 68D Polyester-Ripstop-Stoff ist leicht und wasserdicht, mit einem Gewicht von weniger als 1 kg. Die helle Farbe erm\u00f6glicht eine h\u00f6here Lichtdurchl\u00e4ssigkeit bei gleichzeitigem Schutz vor der Sonne.   <\/p>\n<ul>\n<li>68D 210T Polyester-Ripstop mit 1500 mm PU-Beschichtung widersteht UV-Sch\u00e4den und bleibt straff<\/li>\n<li>Vollst\u00e4ndig versiegelte Nahtverarbeitung<\/li>\n<li>16 verst\u00e4rkte Abspannpunkte erm\u00f6glichen maximale Vielseitigkeit<\/li>\n<li>Vier 7075 Aluminiumheringe und vier Abspannleinen inklusive<\/li>\n<li>Hellere Farbe erm\u00f6glicht eine h\u00f6here Lichtdurchl\u00e4ssigkeit<\/li>\n<\/ul>\n<p><b>Abmessungen <\/b>2,95 m x 2,95 m<\/p>\n<p><b>Mindestgewicht <\/b>700 g<\/p>\n<p><b>Gesamtgewicht <\/b>875 g<\/p>\n<p><b>Packma\u00df <\/b>12,5 cm x 25 cm<\/p>\n<p><b>Dreiecksheringe <\/b>15 cm pro St\u00fcck<\/p>\n<p><b>Abspannleinen <\/b>3 m pro St\u00fcck<\/p>\n","protected":false},"excerpt":{"rendered":"<p>Das Utility Tarp bietet mit seinen 16 verst\u00e4rkten Abspannpunkten unbegrenzte M\u00f6glichkeiten. Es kann als primitive Unterkunft oder als zus\u00e4tzlicher Versammlungsort f\u00fcr eine Gruppe verwendet werden. Der strapazierf\u00e4hige 68D Polyester-Ripstop-Stoff ist leicht und wasserdicht, mit einem Gewicht von weniger als 1 kg. Die helle Farbe erm\u00f6glicht eine h\u00f6here Lichtdurchl\u00e4ssigkeit bei gleichzeitigem Schutz vor der Sonne. 68D [&#8230;]\n","protected":false},"featured_media":226262,"comment_status":"open","ping_status":"closed","template":"","meta":[],"product_brand":[],"product_cat":[2115],"product_tag":[],"class_list":{"0":"post-282338","1":"product","2":"type-product","3":"status-publish","4":"has-post-thumbnail","6":"product_cat-planen","8":"first","9":"instock","10":"taxable","11":"shipping-taxable","12":"purchasable","13":"product-type-simple"},"composite_virtual":false,"composite_layout":"","composite_add_to_cart_form_location":"","composite_editable_in_cart":false,"composite_sold_individually_context":"","composite_shop_price_calc":"","composite_components":[],"composite_scenarios":[],"group_of_quantity":0,"min_quantity":0,"max_quantity":"","exclude_order_quantity_value_rules":"no","exclude_category_quantity_rules":"no","combine_variations":"no","exclude_global_add_ons":[],"addons":[],"_links":{"self":[{"href":"https:\/\/www.huntersfriend.eu\/de\/wp-json\/wp\/v2\/product\/282338","targetHints":{"allow":["GET"]}}],"collection":[{"href":"https:\/\/www.huntersfriend.eu\/de\/wp-json\/wp\/v2\/product"}],"about":[{"href":"https:\/\/www.huntersfriend.eu\/de\/wp-json\/wp\/v2\/types\/product"}],"replies":[{"embeddable":true,"href":"https:\/\/www.huntersfriend.eu\/de\/wp-json\/wp\/v2\/comments?post=282338"}],"wp:featuredmedia":[{"embeddable":true,"href":"https:\/\/www.huntersfriend.eu\/de\/wp-json\/wp\/v2\/media\/226262"}],"wp:attachment":[{"href":"https:\/\/www.huntersfriend.eu\/de\/wp-json\/wp\/v2\/media?parent=282338"}],"wp:term":[{"taxonomy":"product_brand","embeddable":true,"href":"https:\/\/www.huntersfriend.eu\/de\/wp-json\/wp\/v2\/product_brand?post=282338"},{"taxonomy":"product_cat","embeddable":true,"href":"https:\/\/www.huntersfriend.eu\/de\/wp-json\/wp\/v2\/product_cat?post=282338"},{"taxonomy":"product_tag","embeddable":true,"href":"https:\/\/www.huntersfriend.eu\/de\/wp-json\/wp\/v2\/product_tag?post=282338"}],"curies":[{"name":"wp","href":"https:\/\/api.w.org\/{rel}","templated":true}]}}