{"id":282337,"date":"2022-03-03T15:20:23","date_gmt":"2025-06-23T11:06:20","guid":{"rendered":"https:\/\/www.huntersfriend.eu\/product\/alps-outdoorz-high-caliber-reisetasche-gross\/"},"modified":"2025-07-14T11:41:09","modified_gmt":"2025-07-14T09:41:09","slug":"alps-outdoorz-high-caliber-reisetasche-gross","status":"publish","type":"product","link":"https:\/\/www.huntersfriend.eu\/de\/produkt\/alps-outdoorz-high-caliber-reisetasche-gross\/","title":{"rendered":"Alps Outdoorz High Caliber Reisetasche (Gro\u00df)"},"content":{"rendered":"<p>Die Alps Outdoorz High Caliber Reisetasche ist hervorragend geeignet f\u00fcr Campingausfl\u00fcge und zum Verstauen Ihrer pers\u00f6nlichen Ausr\u00fcstung bei Jagdexpeditionen. <span class=\"Y2IQFc\" lang=\"en\">Zus\u00e4tzlich zum Hauptfach verf\u00fcgt diese strapazierf\u00e4hige Tasche \u00fcber zwei Endf\u00e4cher und eine seitliche Rei\u00dfverschlusstasche f\u00fcr kleinere Utensilien. Die robusten U-f\u00f6rmigen Rei\u00dfverschl\u00fcsse sind \u00e4u\u00dferst langlebig und benutzerfreundlich. Die Alps Outdoorz High Caliber Reisetasche ist mit einem abnehmbaren Schultergurt und gepolsterten Tragegriffen ausgestattet. Dar\u00fcber hinaus befinden sich an beiden Enden zus\u00e4tzliche Tragegriffe.  <\/span><\/p>\n<ul>\n<li>F\u00e4cher: Hauptfach, zwei Seitenf\u00e4cher und Vorderfach<\/li>\n<li>U-f\u00f6rmiges Hauptfach mit robustem #10 Rei\u00dfverschluss<\/li>\n<li>Verstellbarer, abnehmbarer gepolsterter Schultergurt<\/li>\n<li>Gepolsterter Handgriff\u00fcberzug<\/li>\n<li>Zus\u00e4tzliche Griffe an beiden Enden<\/li>\n<li>600D Realtree\u00ae Edge\u2122 Gewebe<\/li>\n<\/ul>\n<p>&nbsp;<\/p>\n","protected":false},"excerpt":{"rendered":"<p>Mossy Oak Edge Tarnmuster, 76,2 cm x 35,6 cm x 38,1 cm<\/p>\n","protected":false},"featured_media":226199,"comment_status":"open","ping_status":"closed","template":"","meta":[],"product_brand":[],"product_cat":[1145],"product_tag":[],"class_list":{"0":"post-282337","1":"product","2":"type-product","3":"status-publish","4":"has-post-thumbnail","6":"product_cat-sonstiges","8":"first","9":"outofstock","10":"taxable","11":"shipping-taxable","12":"purchasable","13":"product-type-simple"},"composite_virtual":false,"composite_layout":"","composite_add_to_cart_form_location":"","composite_editable_in_cart":false,"composite_sold_individually_context":"","composite_shop_price_calc":"","composite_components":[],"composite_scenarios":[],"group_of_quantity":0,"min_quantity":0,"max_quantity":"","exclude_order_quantity_value_rules":"no","exclude_category_quantity_rules":"no","combine_variations":"no","exclude_global_add_ons":[],"addons":[],"_links":{"self":[{"href":"https:\/\/www.huntersfriend.eu\/de\/wp-json\/wp\/v2\/product\/282337","targetHints":{"allow":["GET"]}}],"collection":[{"href":"https:\/\/www.huntersfriend.eu\/de\/wp-json\/wp\/v2\/product"}],"about":[{"href":"https:\/\/www.huntersfriend.eu\/de\/wp-json\/wp\/v2\/types\/product"}],"replies":[{"embeddable":true,"href":"https:\/\/www.huntersfriend.eu\/de\/wp-json\/wp\/v2\/comments?post=282337"}],"wp:featuredmedia":[{"embeddable":true,"href":"https:\/\/www.huntersfriend.eu\/de\/wp-json\/wp\/v2\/media\/226199"}],"wp:attachment":[{"href":"https:\/\/www.huntersfriend.eu\/de\/wp-json\/wp\/v2\/media?parent=282337"}],"wp:term":[{"taxonomy":"product_brand","embeddable":true,"href":"https:\/\/www.huntersfriend.eu\/de\/wp-json\/wp\/v2\/product_brand?post=282337"},{"taxonomy":"product_cat","embeddable":true,"href":"https:\/\/www.huntersfriend.eu\/de\/wp-json\/wp\/v2\/product_cat?post=282337"},{"taxonomy":"product_tag","embeddable":true,"href":"https:\/\/www.huntersfriend.eu\/de\/wp-json\/wp\/v2\/product_tag?post=282337"}],"curies":[{"name":"wp","href":"https:\/\/api.w.org\/{rel}","templated":true}]}}