{"id":282336,"date":"2022-03-03T15:20:26","date_gmt":"2022-03-03T13:20:26","guid":{"rendered":"https:\/\/www.huntersfriend.eu\/product\/alps-outdoorz-ultra-leichtes-tarp\/"},"modified":"2026-03-26T13:44:55","modified_gmt":"2026-03-26T11:44:55","slug":"alps-outdoorz-ultra-leichtes-tarp","status":"publish","type":"product","link":"https:\/\/www.huntersfriend.eu\/de\/produkt\/alps-outdoorz-ultra-leichtes-tarp\/","title":{"rendered":"Ultraleichtes Tarp f\u00fcr das Alpenbergsteigen"},"content":{"rendered":"<p>Das Ultra-Light Tarp: Ideal f\u00fcr Minimalisten zum Gewichtsparen und einfachen Lageraufbau. Es ist aus 20D Nylon-Ripstop gefertigt und wiegt weniger als 0,5 kg. Im gepackten Zustand nimmt das Tarp weniger Platz ein als eine 1-Liter-Wasserflasche. Das 6-Punkt-Katenarschnitt-Design sorgt f\u00fcr Stabilit\u00e4t, selbst bei windigen Bedingungen, und bietet vielf\u00e4ltige Aufbaum\u00f6glichkeiten. Das Tarp bietet problemlos Platz f\u00fcr zwei Personen und Ausr\u00fcstung anstelle eines Zeltes und ist ein idealer Notunterschlupf f\u00fcr Tageswanderungen.   <\/p>\n<p>Im Lieferumfang des Tarps sind Abspannseile und 15 cm lange Aluminium-Dreiecksheringe enthalten, sodass Sie f\u00fcr jedes Abenteuer ger\u00fcstet sind.<\/p>\n<ul>\n<li>Das Ultra-Light Tarp Shelter sch\u00fctzt vor Sonne, Wind und N\u00e4sse<\/li>\n<li>Das 6-Punkt-Katenarendesign sorgt f\u00fcr stabile Windbest\u00e4ndigkeit<\/li>\n<li>20D 380T Nylon-Ripstop-\u00dcberzug mit 3000 mm Silikon\/PU-Beschichtung widersteht UV-Sch\u00e4den und bleibt straff<\/li>\n<li>Vollst\u00e4ndig versiegelte Nahtverarbeitung<\/li>\n<li>Die dunkle Farbe bietet erh\u00f6hten Sonnenschutz<\/li>\n<li>Sechs Aluminium-Dreiecksheringe und sechs reflektierende Abspannseile inklusive<\/li>\n<\/ul>\n<p>&nbsp;<\/p>\n<p><b>Abmessungen <\/b>3,8 m x 2,95 m<\/p>\n<p><b>Minimalgewicht <\/b>425 g<\/p>\n<p><b>Gesamtgewicht <\/b>538 g<\/p>\n<p><b>Packma\u00df <\/b>10 cm x 25 cm<\/p>\n<p><b>Dreiecksheringe <\/b>15 cm pro St\u00fcck<\/p>\n<p><b>Abspannleinen <\/b>3 m pro St\u00fcck<\/p>\n","protected":false},"excerpt":{"rendered":"<p>Das Ultra-Light Tarp: Ideal f\u00fcr Minimalisten zum Gewichtsparen und einfachen Lageraufbau. Es ist aus 20D Nylon-Ripstop gefertigt und wiegt weniger als 0,5 kg. Im gepackten Zustand nimmt das Tarp weniger Platz ein als eine 1-Liter-Wasserflasche. Das 6-Punkt-Katenarschnitt-Design sorgt f\u00fcr Stabilit\u00e4t, selbst bei windigen Bedingungen, und bietet vielf\u00e4ltige Aufbaum\u00f6glichkeiten. Das Tarp bietet problemlos Platz f\u00fcr zwei [&#8230;]\n","protected":false},"featured_media":226246,"comment_status":"open","ping_status":"closed","template":"","meta":[],"product_brand":[],"product_cat":[2614],"product_tag":[],"class_list":{"0":"post-282336","1":"product","2":"type-product","3":"status-publish","4":"has-post-thumbnail","6":"product_cat-presenningar","8":"first","9":"instock","10":"taxable","11":"shipping-taxable","12":"purchasable","13":"product-type-simple"},"composite_virtual":false,"composite_layout":"","composite_add_to_cart_form_location":"","composite_editable_in_cart":false,"composite_sold_individually_context":"","composite_shop_price_calc":"","composite_components":[],"composite_scenarios":[],"group_of_quantity":0,"min_quantity":0,"max_quantity":"","exclude_order_quantity_value_rules":"no","exclude_category_quantity_rules":"no","combine_variations":"no","exclude_global_add_ons":[],"addons":[],"_links":{"self":[{"href":"https:\/\/www.huntersfriend.eu\/de\/wp-json\/wp\/v2\/product\/282336","targetHints":{"allow":["GET"]}}],"collection":[{"href":"https:\/\/www.huntersfriend.eu\/de\/wp-json\/wp\/v2\/product"}],"about":[{"href":"https:\/\/www.huntersfriend.eu\/de\/wp-json\/wp\/v2\/types\/product"}],"replies":[{"embeddable":true,"href":"https:\/\/www.huntersfriend.eu\/de\/wp-json\/wp\/v2\/comments?post=282336"}],"wp:featuredmedia":[{"embeddable":true,"href":"https:\/\/www.huntersfriend.eu\/de\/wp-json\/wp\/v2\/media\/226246"}],"wp:attachment":[{"href":"https:\/\/www.huntersfriend.eu\/de\/wp-json\/wp\/v2\/media?parent=282336"}],"wp:term":[{"taxonomy":"product_brand","embeddable":true,"href":"https:\/\/www.huntersfriend.eu\/de\/wp-json\/wp\/v2\/product_brand?post=282336"},{"taxonomy":"product_cat","embeddable":true,"href":"https:\/\/www.huntersfriend.eu\/de\/wp-json\/wp\/v2\/product_cat?post=282336"},{"taxonomy":"product_tag","embeddable":true,"href":"https:\/\/www.huntersfriend.eu\/de\/wp-json\/wp\/v2\/product_tag?post=282336"}],"curies":[{"name":"wp","href":"https:\/\/api.w.org\/{rel}","templated":true}]}}