{"id":282333,"date":"2022-03-03T15:20:23","date_gmt":"2022-03-03T13:20:23","guid":{"rendered":"https:\/\/www.huntersfriend.eu\/product\/alps-outdoorz-terrain-sitz\/"},"modified":"2026-03-21T09:06:32","modified_gmt":"2026-03-21T07:06:32","slug":"alps-outdoorz-terrain-sitz","status":"publish","type":"product","link":"https:\/\/www.huntersfriend.eu\/de\/produkt\/alps-outdoorz-terrain-sitz\/","title":{"rendered":"Alps outdoorz Terrain Sitz"},"content":{"rendered":"<p>Der Terrain Sitz ist ideal, sei es, dass Sie sich zu Ihrem Hochsitz begeben oder Schutz vor dem kalten, harten Boden ben\u00f6tigen. Sie k\u00f6nnen ihn auch Ihrem Hocker hinzuf\u00fcgen, um zus\u00e4tzlichen Komfort zu erzielen. Er verf\u00fcgt \u00fcber einen Griff, sodass Sie ihn m\u00fchelos tragen oder an Ihrem Rucksack befestigen k\u00f6nnen. Es handelt sich um eine ausgezeichnete Erg\u00e4nzung, die Sie jederzeit mitnehmen sollten, wenn Sie f\u00fcr einen l\u00e4ngeren Zeitraum sitzen werden.   <\/p>\n<ul>\n<li>Verf\u00fcgt \u00fcber einen leicht zu tragenden Griff<\/li>\n<li>F\u00fcgt Ihrem Stuhl, Hocker oder Stand zus\u00e4tzliche Polsterung hinzu<\/li>\n<li>Hervorragend geeignet, um Sie vom Boden fernzuhalten<\/li>\n<li>Signalorangefarbener Bodenstoff<\/li>\n<\/ul>\n<p><b>Abmessungen: <\/b>39 cm Breite x 30 cm L\u00e4nge x 2 cm Dicke<\/p>\n<p><b>Gewicht: <\/b>198 g<\/p>\n","protected":false},"excerpt":{"rendered":"<p>Next G-2 Tarnmuster, 2 cm dick<\/p>\n","protected":false},"featured_media":226210,"comment_status":"open","ping_status":"closed","template":"","meta":[],"product_brand":[],"product_cat":[2568,1404],"product_tag":[],"class_list":{"0":"post-282333","1":"product","2":"type-product","3":"status-publish","4":"has-post-thumbnail","6":"product_cat-jakt-tillbehor","7":"product_cat-jagdzubehor","9":"first","10":"instock","11":"taxable","12":"shipping-taxable","13":"purchasable","14":"product-type-simple"},"composite_virtual":false,"composite_layout":"","composite_add_to_cart_form_location":"","composite_editable_in_cart":false,"composite_sold_individually_context":"","composite_shop_price_calc":"","composite_components":[],"composite_scenarios":[],"group_of_quantity":0,"min_quantity":0,"max_quantity":"","exclude_order_quantity_value_rules":"no","exclude_category_quantity_rules":"no","combine_variations":"no","exclude_global_add_ons":[],"addons":[],"_links":{"self":[{"href":"https:\/\/www.huntersfriend.eu\/de\/wp-json\/wp\/v2\/product\/282333","targetHints":{"allow":["GET"]}}],"collection":[{"href":"https:\/\/www.huntersfriend.eu\/de\/wp-json\/wp\/v2\/product"}],"about":[{"href":"https:\/\/www.huntersfriend.eu\/de\/wp-json\/wp\/v2\/types\/product"}],"replies":[{"embeddable":true,"href":"https:\/\/www.huntersfriend.eu\/de\/wp-json\/wp\/v2\/comments?post=282333"}],"wp:featuredmedia":[{"embeddable":true,"href":"https:\/\/www.huntersfriend.eu\/de\/wp-json\/wp\/v2\/media\/226210"}],"wp:attachment":[{"href":"https:\/\/www.huntersfriend.eu\/de\/wp-json\/wp\/v2\/media?parent=282333"}],"wp:term":[{"taxonomy":"product_brand","embeddable":true,"href":"https:\/\/www.huntersfriend.eu\/de\/wp-json\/wp\/v2\/product_brand?post=282333"},{"taxonomy":"product_cat","embeddable":true,"href":"https:\/\/www.huntersfriend.eu\/de\/wp-json\/wp\/v2\/product_cat?post=282333"},{"taxonomy":"product_tag","embeddable":true,"href":"https:\/\/www.huntersfriend.eu\/de\/wp-json\/wp\/v2\/product_tag?post=282333"}],"curies":[{"name":"wp","href":"https:\/\/api.w.org\/{rel}","templated":true}]}}