{"id":282330,"date":"2022-03-03T15:20:25","date_gmt":"2022-03-03T13:20:25","guid":{"rendered":"https:\/\/www.huntersfriend.eu\/product\/alps-outdoorz-topflight-hundeweste\/"},"modified":"2026-01-03T10:51:30","modified_gmt":"2026-01-03T08:51:30","slug":"alps-outdoorz-topflight-hundeweste","status":"publish","type":"product","link":"https:\/\/www.huntersfriend.eu\/de\/produkt\/alps-outdoorz-topflight-hundeweste\/","title":{"rendered":"Alps Outdoorz erstklassige Hundeweste Max 5 Camo"},"content":{"rendered":"<p>Die ALPS OutdoorZ Topflight Hundeweste besteht aus 5 mm dickem Neopren, um Ihren besten Freund bei der Jagd warm und sicher zu halten. Die Weste verf\u00fcgt \u00fcber einen Hundeleinenclip, wenn Ihr Jagdpartner an der Leine gef\u00fchrt werden muss, und \u00fcber Schwimmkissen, die f\u00fcr zus\u00e4tzlichen Auftrieb beim Schwimmen sorgen. Die eingebauten Griffe erm\u00f6glichen es Ihnen, dem Hund bei Bedarf leicht aus dem Wasser zu helfen. Erh\u00e4ltlich in verschiedenen Gr\u00f6\u00dfen, alle mit einem konturierten Nackendesign f\u00fcr eine bessere Passform und leicht zuzuschneiden, um eine exakte Passform f\u00fcr Ihren Hund zu erhalten.   <\/p>\n<ul>\n<li>Warmes, sch\u00fctzendes 5 mm Neopren wird in der gesamten Weste verwendet<\/li>\n<li>Konturiertes Halsdesign f\u00fcr eine bessere Passform<\/li>\n<li>Zwei Schwimmhilfen bieten zus\u00e4tzlichen Auftrieb<\/li>\n<li>Einfach zu greifende Tragegriffe<\/li>\n<li>Hundeleinen-Clip<\/li>\n<li>Mehrere verst\u00e4rkte Bereiche erleichtern das Zuschneiden f\u00fcr eine perfekte Passform im Hals- und Beinbereich<\/li>\n<li>Vier Gr\u00f6\u00dfen zur Gew\u00e4hrleistung der besten Passform f\u00fcr Ihren Jagdpartner<\/li>\n<li>Realtree Max 5 Muster<\/li>\n<\/ul>\n<p><strong>So messen Sie Ihren Hund f\u00fcr eine Topflight Hundeweste<\/strong><\/p>\n<p>Um genaue Messungen f\u00fcr den Hals und die Brust Ihres Hundes zu erhalten, k\u00f6nnen Sie entweder ein Schneiderma\u00dfband oder ein beliebiges St\u00fcck Schnur verwenden. Wenn Sie eine Schnur verwenden, ben\u00f6tigen Sie zus\u00e4tzlich ein Ma\u00dfband, um die exakte L\u00e4nge der Schnur zu bestimmen. <\/p>\n<p><strong>Halsmessung \u2013<\/strong> Die Halsmessung wird am unteren Teil des Hundehalses vorgenommen (nicht h\u00f6her, wie Sie es f\u00fcr ein Halsband messen w\u00fcrden). Die Messung sollte knapp oberhalb der Schulter erfolgen. <\/p>\n<p><strong>Brustmessung \u2013<\/strong> Nehmen Sie das Ma\u00df, w\u00e4hrend Ihr Hund steht. Die Brustmessung wird an der tiefsten Stelle der Brust vorgenommen. <\/p>\n<p><a class=\"popup\" href=\"http:\/\/www.alpsoutdoorz.com\/images\/Measurement-Guide.jpg\"><img decoding=\"async\" class=\"\" src=\"https:\/\/alpsoutdoorz.com\/pub\/media\/wysiwyg\/Neck-Measurement.jpg\" alt=\"Halsmessung\" width=\"200\" height=\"200\"><\/a>     <img decoding=\"async\" class=\"\" src=\"https:\/\/alpsoutdoorz.com\/pub\/media\/wysiwyg\/Chest-Measurement.jpg\" alt=\"Brustumfang\" width=\"200\" height=\"200\"><\/p>\n<p><strong>Ermittlung der korrekten Gr\u00f6\u00dfe \u2013<\/strong> Es ist unwahrscheinlich, dass die Hals- und Brustmessungen Ihres Hundes exakt mit der Gr\u00f6\u00dfentabelle \u00fcbereinstimmen. Daher sollten Sie bei der Auswahl der Hundeweste stets das gr\u00f6\u00dfere der beiden Ma\u00dfe w\u00e4hlen. Wenn beispielsweise der Hals Ihres Hundes 48 cm und die Brust 66 cm misst, sollten Sie sich f\u00fcr die Gr\u00f6\u00dfe Large entscheiden, um sicherzustellen, dass die Weste nicht zu eng am Hals sitzt. <\/p>\n<h4><strong>GR\u00d6SSENTABELLE<\/strong><\/h4>\n<table>\n<tbody>\n<tr>\n<td><\/td>\n<td><strong>Medium<\/strong><\/td>\n<td><strong>large<\/strong><\/td>\n<td><strong>x-large<\/strong><\/td>\n<td><strong>XX-large<\/strong><\/td>\n<\/tr>\n<tr>\n<td>Hals<\/td>\n<td>45 cm<\/td>\n<td>48 cm<\/td>\n<td>51 cm<\/td>\n<td>53 cm<\/td>\n<\/tr>\n<tr>\n<td>Brust<\/td>\n<td>66 cm<\/td>\n<td>71 cm<\/td>\n<td>81 cm<\/td>\n<td>89 cm<\/td>\n<\/tr>\n<\/tbody>\n<\/table>\n","protected":false},"excerpt":{"rendered":"<p>Warme Neoprenweste f\u00fcr Ihren besten Jagdgef\u00e4hrten<\/p>\n","protected":false},"featured_media":226229,"comment_status":"open","ping_status":"closed","template":"","meta":[],"product_brand":[],"product_cat":[1389],"product_tag":[],"class_list":{"0":"post-282330","1":"product","2":"type-product","3":"status-publish","4":"has-post-thumbnail","6":"product_cat-tarnschirme-fur-hunde","8":"first","9":"instock","10":"taxable","11":"shipping-taxable","12":"purchasable","13":"product-type-variable"},"composite_virtual":false,"composite_layout":"","composite_add_to_cart_form_location":"","composite_editable_in_cart":false,"composite_sold_individually_context":"","composite_shop_price_calc":"","composite_components":[],"composite_scenarios":[],"group_of_quantity":0,"min_quantity":0,"max_quantity":"","exclude_order_quantity_value_rules":"no","exclude_category_quantity_rules":"no","combine_variations":"no","exclude_global_add_ons":[],"addons":[],"_links":{"self":[{"href":"https:\/\/www.huntersfriend.eu\/de\/wp-json\/wp\/v2\/product\/282330","targetHints":{"allow":["GET"]}}],"collection":[{"href":"https:\/\/www.huntersfriend.eu\/de\/wp-json\/wp\/v2\/product"}],"about":[{"href":"https:\/\/www.huntersfriend.eu\/de\/wp-json\/wp\/v2\/types\/product"}],"replies":[{"embeddable":true,"href":"https:\/\/www.huntersfriend.eu\/de\/wp-json\/wp\/v2\/comments?post=282330"}],"wp:featuredmedia":[{"embeddable":true,"href":"https:\/\/www.huntersfriend.eu\/de\/wp-json\/wp\/v2\/media\/226229"}],"wp:attachment":[{"href":"https:\/\/www.huntersfriend.eu\/de\/wp-json\/wp\/v2\/media?parent=282330"}],"wp:term":[{"taxonomy":"product_brand","embeddable":true,"href":"https:\/\/www.huntersfriend.eu\/de\/wp-json\/wp\/v2\/product_brand?post=282330"},{"taxonomy":"product_cat","embeddable":true,"href":"https:\/\/www.huntersfriend.eu\/de\/wp-json\/wp\/v2\/product_cat?post=282330"},{"taxonomy":"product_tag","embeddable":true,"href":"https:\/\/www.huntersfriend.eu\/de\/wp-json\/wp\/v2\/product_tag?post=282330"}],"curies":[{"name":"wp","href":"https:\/\/api.w.org\/{rel}","templated":true}]}}