{"id":282329,"date":"2022-03-03T15:20:25","date_gmt":"2025-06-23T11:06:15","guid":{"rendered":"https:\/\/www.huntersfriend.eu\/product\/alps-outdoorz-swift-isolierte-luftmatratze\/"},"modified":"2025-06-23T13:06:15","modified_gmt":"2025-06-23T11:06:15","slug":"alps-outdoorz-swift-isolierte-luftmatratze","status":"publish","type":"product","link":"https:\/\/www.huntersfriend.eu\/de\/produkt\/alps-outdoorz-swift-isolierte-luftmatratze\/","title":{"rendered":"ALPS Outdoorz Swift Isolierte Luftmatratze"},"content":{"rendered":"<p>Die ALPS Mountaineering Swift Isolierte ist eine \u00e4u\u00dferst leichte isolierte Luftmatratze mit einem Gewicht von 595g. Mit dem zus\u00e4tzlichen Vorteil der Premium-Isolierung bietet die Swift Isolierte einen R-Wert von 2. Die kompakte Packgr\u00f6\u00dfe und die leichte, dennoch robuste Konstruktion machen sie zur perfekten Luftmatratze f\u00fcr Ihre Rucksacktouren bei kaltem Wetter! Die kleinen, kissenartigen Luftkammern bieten zus\u00e4tzliche Unterst\u00fctzung und Komfort f\u00fcr einen erholsamen Schlaf. Ein Flachventil erm\u00f6glicht ein einfaches und schnelles Aufblasen und Entleeren. Ein praktischer Packsack und ein Reparaturset sind im Lieferumfang enthalten.     <\/p>\n<ul>\n<li>\u00c4u\u00dferst leichtgewichtig<\/li>\n<li>Geringe Packgr\u00f6\u00dfe<\/li>\n<li>R-Wert: 2<\/li>\n<li>Kleine, kissenartige Luftkammern bieten zus\u00e4tzliche Unterst\u00fctzung und Komfort<\/li>\n<li>Flachventil erm\u00f6glicht einfaches Aufblasen und Entleeren<\/li>\n<li>40D Nylon-Ripstop-Gewebe<\/li>\n<li>Packsack und Reparaturset inklusive Spezifikationen<\/li>\n<li>Antibakterielle Behandlung verhindert sch\u00e4dliches Bakterienwachstum<\/li>\n<\/ul>\n<p><b>Abmessungen: <\/b>190 cm x 56 cm x 5 cm<\/p>\n<p><b>Packma\u00df: <\/b>26,6 cm x 12,7 cm<\/p>\n<p><b>Gewicht: <\/b>595 g<\/p>\n","protected":false},"excerpt":{"rendered":"<p>Die ALPS Mountaineering Swift Isolierte ist eine \u00e4u\u00dferst leichte isolierte Luftmatratze mit einem Gewicht von 595g. Mit dem zus\u00e4tzlichen Vorteil der Premium-Isolierung bietet die Swift Isolierte einen R-Wert von 2. Die kompakte Packgr\u00f6\u00dfe und die leichte, dennoch robuste Konstruktion machen sie zur perfekten Luftmatratze f\u00fcr Ihre Rucksacktouren bei kaltem Wetter! Die kleinen, kissenartigen Luftkammern bieten [&#8230;]\n","protected":false},"featured_media":226238,"comment_status":"open","ping_status":"closed","template":"","meta":[],"product_brand":[],"product_cat":[2068],"product_tag":[],"class_list":{"0":"post-282329","1":"product","2":"type-product","3":"status-publish","4":"has-post-thumbnail","6":"product_cat-campingliegen-und-matten","8":"first","9":"outofstock","10":"taxable","11":"shipping-taxable","12":"purchasable","13":"product-type-simple"},"composite_virtual":false,"composite_layout":"","composite_add_to_cart_form_location":"","composite_editable_in_cart":false,"composite_sold_individually_context":"","composite_shop_price_calc":"","composite_components":[],"composite_scenarios":[],"group_of_quantity":0,"min_quantity":0,"max_quantity":"","exclude_order_quantity_value_rules":"no","exclude_category_quantity_rules":"no","combine_variations":"no","exclude_global_add_ons":[],"addons":[],"_links":{"self":[{"href":"https:\/\/www.huntersfriend.eu\/de\/wp-json\/wp\/v2\/product\/282329","targetHints":{"allow":["GET"]}}],"collection":[{"href":"https:\/\/www.huntersfriend.eu\/de\/wp-json\/wp\/v2\/product"}],"about":[{"href":"https:\/\/www.huntersfriend.eu\/de\/wp-json\/wp\/v2\/types\/product"}],"replies":[{"embeddable":true,"href":"https:\/\/www.huntersfriend.eu\/de\/wp-json\/wp\/v2\/comments?post=282329"}],"wp:featuredmedia":[{"embeddable":true,"href":"https:\/\/www.huntersfriend.eu\/de\/wp-json\/wp\/v2\/media\/226238"}],"wp:attachment":[{"href":"https:\/\/www.huntersfriend.eu\/de\/wp-json\/wp\/v2\/media?parent=282329"}],"wp:term":[{"taxonomy":"product_brand","embeddable":true,"href":"https:\/\/www.huntersfriend.eu\/de\/wp-json\/wp\/v2\/product_brand?post=282329"},{"taxonomy":"product_cat","embeddable":true,"href":"https:\/\/www.huntersfriend.eu\/de\/wp-json\/wp\/v2\/product_cat?post=282329"},{"taxonomy":"product_tag","embeddable":true,"href":"https:\/\/www.huntersfriend.eu\/de\/wp-json\/wp\/v2\/product_tag?post=282329"}],"curies":[{"name":"wp","href":"https:\/\/api.w.org\/{rel}","templated":true}]}}