{"id":282328,"date":"2022-03-03T15:20:24","date_gmt":"2025-06-23T11:06:13","guid":{"rendered":"https:\/\/www.huntersfriend.eu\/product\/alps-outdoorz-layout-blindenkissen\/"},"modified":"2025-11-19T10:43:13","modified_gmt":"2025-11-19T08:43:13","slug":"alps-outdoorz-layout-blindenkissen","status":"publish","type":"product","link":"https:\/\/www.huntersfriend.eu\/de\/produkt\/alps-outdoorz-layout-blindenkissen\/","title":{"rendered":"Alps outdoorz Layout-Blindenkissen"},"content":{"rendered":"<p>Eine hervorragende Erg\u00e4nzung zur Steigerung des Komforts und zur Erweiterung des Sichtfelds innerhalb eines Layout-Blinds.<\/p>\n<ul>\n<li>Zus\u00e4tzliches Kissen f\u00fcr das Zero Gravity und Legend Layout-Blind<\/li>\n<li>L\u00e4sst sich m\u00fchelos mittels einer SR-Schnalle am Blind befestigen<\/li>\n<li>St\u00fctzt den Kopf f\u00fcr erh\u00f6hten Komfort und ein erweitertes Sichtfeld<\/li>\n<\/ul>\n","protected":false},"excerpt":{"rendered":"<p>37,5 cm x 19 cm x 6,35 cm<\/p>\n","protected":false},"featured_media":226222,"comment_status":"open","ping_status":"closed","template":"","meta":[],"product_brand":[],"product_cat":[1391,1392],"product_tag":[],"class_list":{"0":"post-282328","1":"product","2":"type-product","3":"status-publish","4":"has-post-thumbnail","6":"product_cat-material-und-zubehor","7":"product_cat-tarnschirme-fur-wasserjagd","9":"first","10":"instock","11":"taxable","12":"shipping-taxable","13":"purchasable","14":"product-type-simple"},"composite_virtual":false,"composite_layout":"","composite_add_to_cart_form_location":"","composite_editable_in_cart":false,"composite_sold_individually_context":"","composite_shop_price_calc":"","composite_components":[],"composite_scenarios":[],"group_of_quantity":0,"min_quantity":0,"max_quantity":"","exclude_order_quantity_value_rules":"no","exclude_category_quantity_rules":"no","combine_variations":"no","exclude_global_add_ons":[],"addons":[],"_links":{"self":[{"href":"https:\/\/www.huntersfriend.eu\/de\/wp-json\/wp\/v2\/product\/282328","targetHints":{"allow":["GET"]}}],"collection":[{"href":"https:\/\/www.huntersfriend.eu\/de\/wp-json\/wp\/v2\/product"}],"about":[{"href":"https:\/\/www.huntersfriend.eu\/de\/wp-json\/wp\/v2\/types\/product"}],"replies":[{"embeddable":true,"href":"https:\/\/www.huntersfriend.eu\/de\/wp-json\/wp\/v2\/comments?post=282328"}],"wp:featuredmedia":[{"embeddable":true,"href":"https:\/\/www.huntersfriend.eu\/de\/wp-json\/wp\/v2\/media\/226222"}],"wp:attachment":[{"href":"https:\/\/www.huntersfriend.eu\/de\/wp-json\/wp\/v2\/media?parent=282328"}],"wp:term":[{"taxonomy":"product_brand","embeddable":true,"href":"https:\/\/www.huntersfriend.eu\/de\/wp-json\/wp\/v2\/product_brand?post=282328"},{"taxonomy":"product_cat","embeddable":true,"href":"https:\/\/www.huntersfriend.eu\/de\/wp-json\/wp\/v2\/product_cat?post=282328"},{"taxonomy":"product_tag","embeddable":true,"href":"https:\/\/www.huntersfriend.eu\/de\/wp-json\/wp\/v2\/product_tag?post=282328"}],"curies":[{"name":"wp","href":"https:\/\/api.w.org\/{rel}","templated":true}]}}