{"id":282326,"date":"2022-02-15T09:20:15","date_gmt":"2025-06-23T11:06:09","guid":{"rendered":"https:\/\/www.huntersfriend.eu\/product\/vpa-2-blade-1-1-8-kohlenstoffwerkzeugstahl-150-gr\/"},"modified":"2025-09-24T16:40:50","modified_gmt":"2025-09-24T14:40:50","slug":"vpa-2-blade-1-1-8-kohlenstoffwerkzeugstahl-150-gr","status":"publish","type":"product","link":"https:\/\/www.huntersfriend.eu\/de\/produkt\/vpa-2-blade-1-1-8-kohlenstoffwerkzeugstahl-150-gr\/","title":{"rendered":"VPA 2 Blade 1 1\/8&#8243; Kohlenstoffwerkzeugstahl 150 gr"},"content":{"rendered":"<h2 class=\"Text1565404569__root Text1565404569---typography-11-runningText Text1565404569---priority-7-primary s8gg2 _2UIKs InfoSectionTitle3095652555__root\" aria-hidden=\"false\" data-hook=\"info-section-title\">150 Grain unbel\u00fcftet &#8211; 1 1\/8\u2033 Schnittbreite<\/h2>\n<div class=\"rah-static rah-static--height-auto\" aria-hidden=\"false\">\n<div>\n<div class=\"_1yvxJ fggS- cell\">\n<div class=\"WncCi\" data-hook=\"info-section-description\">\n<p>Die hochwertigen einseitig geschliffenen VPA 2 Blade Jagdspitzen von VPA werden ihrem Ruf wahrlich gerecht! Sie werden mittels CNC-Verfahren einteilig aus Premium-Werkzeugstahl (PTS) gefertigt und auf bis zu 58 Rockwell geh\u00e4rtet. Der Schaft unterst\u00fctzt die Spitze bis hin zur knochensplitternden Spitze.  <\/p>\n<p>Die VPA-Linie der einseitig abgeschr\u00e4gten Jagdspitzen verf\u00fcgt \u00fcber eine ideale Klingendicke, extensive einseitige Abschr\u00e4gungen (35-Grad-Klingenwinkel) und Schneiden, die eine rasiermesserscharfe Kante erreichen k\u00f6nnen, perfekt f\u00fcr jede Art von Jagd.<\/p>\n<p>Basierend auf den Empfehlungen der Ashby-Stiftung hat ihre gerade eckige Form einen Vorteil gegen\u00fcber gekr\u00fcmmten Spitzen und bietet zudem eine einfache langfristige Wartung des Produkts in Bezug auf das Sch\u00e4rfen und Abziehen.<\/p>\n<p>Nutzen Sie den Vorteil der einseitig abgeschr\u00e4gten Kante, die bei der kontinuierlichen Kopfbewegung und Penetration hilft.<\/p>\n<p>Ausschlie\u00dflich rechtsseitig geschliffen.<\/p>\n<\/div>\n<\/div>\n<\/div>\n<\/div>\n","protected":false},"excerpt":{"rendered":"<p>Einseitig geschliffener Premium-Werkzeugstahl, 3er-Pack<\/p>\n","protected":false},"featured_media":225094,"comment_status":"open","ping_status":"closed","template":"","meta":[],"product_brand":[],"product_cat":[1079],"product_tag":[],"class_list":{"0":"post-282326","1":"product","2":"type-product","3":"status-publish","4":"has-post-thumbnail","6":"product_cat-jagd-spitzen","8":"first","9":"instock","10":"taxable","11":"shipping-taxable","12":"purchasable","13":"product-type-simple"},"composite_virtual":false,"composite_layout":"","composite_add_to_cart_form_location":"","composite_editable_in_cart":false,"composite_sold_individually_context":"","composite_shop_price_calc":"","composite_components":[],"composite_scenarios":[],"group_of_quantity":0,"min_quantity":0,"max_quantity":"","exclude_order_quantity_value_rules":"no","exclude_category_quantity_rules":"no","combine_variations":"no","exclude_global_add_ons":[],"addons":[],"_links":{"self":[{"href":"https:\/\/www.huntersfriend.eu\/de\/wp-json\/wp\/v2\/product\/282326","targetHints":{"allow":["GET"]}}],"collection":[{"href":"https:\/\/www.huntersfriend.eu\/de\/wp-json\/wp\/v2\/product"}],"about":[{"href":"https:\/\/www.huntersfriend.eu\/de\/wp-json\/wp\/v2\/types\/product"}],"replies":[{"embeddable":true,"href":"https:\/\/www.huntersfriend.eu\/de\/wp-json\/wp\/v2\/comments?post=282326"}],"wp:featuredmedia":[{"embeddable":true,"href":"https:\/\/www.huntersfriend.eu\/de\/wp-json\/wp\/v2\/media\/225094"}],"wp:attachment":[{"href":"https:\/\/www.huntersfriend.eu\/de\/wp-json\/wp\/v2\/media?parent=282326"}],"wp:term":[{"taxonomy":"product_brand","embeddable":true,"href":"https:\/\/www.huntersfriend.eu\/de\/wp-json\/wp\/v2\/product_brand?post=282326"},{"taxonomy":"product_cat","embeddable":true,"href":"https:\/\/www.huntersfriend.eu\/de\/wp-json\/wp\/v2\/product_cat?post=282326"},{"taxonomy":"product_tag","embeddable":true,"href":"https:\/\/www.huntersfriend.eu\/de\/wp-json\/wp\/v2\/product_tag?post=282326"}],"curies":[{"name":"wp","href":"https:\/\/api.w.org\/{rel}","templated":true}]}}