{"id":282325,"date":"2022-02-07T15:20:25","date_gmt":"2022-02-07T13:20:25","guid":{"rendered":"https:\/\/www.huntersfriend.eu\/product\/finale-annaeherung-lebendiger-stockenten\/"},"modified":"2025-06-23T13:06:09","modified_gmt":"2025-06-23T11:06:09","slug":"finale-annaeherung-lebendiger-stockenten","status":"publish","type":"product","link":"https:\/\/www.huntersfriend.eu\/de\/produkt\/finale-annaeherung-lebendiger-stockenten\/","title":{"rendered":"Finale Ann\u00e4herung lebendiger Stockenten"},"content":{"rendered":"<p>Der Name sagt alles, LEBENDIG. Wenn Sie diese Lockv\u00f6gel auf dem Wasser sehen, werden Sie sich fragen, ob es sich um echte Stockenten handelt. Geschnitzt vom 17-fachen Weltmeister Pat Godin, \u00e4hneln diese Lockv\u00f6gel LEBENDIGEN Enten, nicht nur in den Federdetails, sondern auch in den K\u00f6rperhaltungen. Dieses Set enth\u00e4lt 8 verschiedene Posen, von denen 2 einzigartig sind: der trinkende Erpel und die rufende Ente. Die gro\u00dfe Vielfalt an Posen erweckt die Illusion, dass alle Lockv\u00f6gel unterschiedlich sind. Die realistische Schnitzerei musste mit den realistischsten Farbschemata und -t\u00f6nen erg\u00e4nzt werden. Die Erpelk\u00f6pfe haben einen perfekten Gr\u00fcnton mit lebensechten Schatten und Irisierungen. Erg\u00e4nzt wird dies durch eine satte braune Brust, einen grauen K\u00f6rper wie in der Mitte der Saison und Irisierungen am Fl\u00fcgelspiegel und Schwanz. Die Enten prahlen mit einem perfekt schattierten beigefarbenen K\u00f6rper, braunen Farbverlauf-Terti\u00e4rfedern, einem irisierenden Fl\u00fcgelspiegel und einem wei\u00dfen Schwanz. Zus\u00e4tzlich zum guten Aussehen sind diese Lockv\u00f6gel aus einem hochwertigen EVA-Material gefertigt! Das Material hat eine leichte Nachgiebigkeit, die Rissbildung verhindert, aber auch seine Form beibeh\u00e4lt. Die Vorteile der Verwendung eines EVA-Materials sind \u00fcberlegene Farbhaftung und Flexibilit\u00e4t. Verabschieden Sie sich von abbl\u00e4tternder Farbe und rissigem Kunststoff und genie\u00dfen Sie einen langlebigen Lockvogel.            <\/p>\n<h2>MERKMALE<\/h2>\n<ul>\n<li>Hochwertiges EVA-Material<\/li>\n<li>Erstaunliche \u201eLEBENDIGE\u201c Federdetails, bereitgestellt vom 17-fachen Weltmeister-Schnitzer Pat Godin<\/li>\n<li>Leicht \u00fcbergro\u00df<\/li>\n<li>Einteiliges Design<\/li>\n<li>Naturgetreues Farbschema<\/li>\n<li>12er-Set<\/li>\n<li>2 trinkende Erpel, 2 Erpel mit gesenktem Kopf, 2 fressende Erpel, 1 aufrechter Erpel, 1 aufrechte Ente, 1 Ente mit gesenktem Kopf, 1 rufende Ente, 2 fressende Enten<\/li>\n<\/ul>\n<p><span data-text-color=\"primary\"><strong>Achtung: Online-Bestellungen sind auf einen Karton pro Bestellung begrenzt. F\u00fcr gr\u00f6\u00dfere Mengen kontaktieren Sie bitte direkt den Kundenservice, um Informationen \u00fcber Lieferkosten zu erhalten. <\/strong><\/span><\/p>\n","protected":false},"excerpt":{"rendered":"<p><strong>Achtung: Online-Bestellungen sind auf eine Packung pro Bestellung begrenzt. F\u00fcr gr\u00f6\u00dfere Mengen kontaktieren Sie bitte direkt den Kundenservice, um Informationen zu den Lieferkosten zu erhalten. <\/strong><\/p>\n","protected":false},"featured_media":235429,"comment_status":"open","ping_status":"closed","template":"","meta":[],"product_brand":[],"product_cat":[1145],"product_tag":[],"class_list":{"0":"post-282325","1":"product","2":"type-product","3":"status-publish","4":"has-post-thumbnail","6":"product_cat-sonstiges","7":"product_shipping_class-big-de","9":"first","10":"outofstock","11":"taxable","12":"shipping-taxable","13":"purchasable","14":"product-type-simple"},"composite_virtual":false,"composite_layout":"","composite_add_to_cart_form_location":"","composite_editable_in_cart":false,"composite_sold_individually_context":"","composite_shop_price_calc":"","composite_components":[],"composite_scenarios":[],"group_of_quantity":0,"min_quantity":0,"max_quantity":"","exclude_order_quantity_value_rules":"no","exclude_category_quantity_rules":"no","combine_variations":"no","exclude_global_add_ons":[],"addons":[],"_links":{"self":[{"href":"https:\/\/www.huntersfriend.eu\/de\/wp-json\/wp\/v2\/product\/282325","targetHints":{"allow":["GET"]}}],"collection":[{"href":"https:\/\/www.huntersfriend.eu\/de\/wp-json\/wp\/v2\/product"}],"about":[{"href":"https:\/\/www.huntersfriend.eu\/de\/wp-json\/wp\/v2\/types\/product"}],"replies":[{"embeddable":true,"href":"https:\/\/www.huntersfriend.eu\/de\/wp-json\/wp\/v2\/comments?post=282325"}],"wp:featuredmedia":[{"embeddable":true,"href":"https:\/\/www.huntersfriend.eu\/de\/wp-json\/wp\/v2\/media\/235429"}],"wp:attachment":[{"href":"https:\/\/www.huntersfriend.eu\/de\/wp-json\/wp\/v2\/media?parent=282325"}],"wp:term":[{"taxonomy":"product_brand","embeddable":true,"href":"https:\/\/www.huntersfriend.eu\/de\/wp-json\/wp\/v2\/product_brand?post=282325"},{"taxonomy":"product_cat","embeddable":true,"href":"https:\/\/www.huntersfriend.eu\/de\/wp-json\/wp\/v2\/product_cat?post=282325"},{"taxonomy":"product_tag","embeddable":true,"href":"https:\/\/www.huntersfriend.eu\/de\/wp-json\/wp\/v2\/product_tag?post=282325"}],"curies":[{"name":"wp","href":"https:\/\/api.w.org\/{rel}","templated":true}]}}