{"id":282324,"date":"2022-02-10T12:20:21","date_gmt":"2025-06-23T11:06:08","guid":{"rendered":"https:\/\/www.huntersfriend.eu\/product\/buck-gardner-big-water\/"},"modified":"2025-08-03T05:26:14","modified_gmt":"2025-08-03T03:26:14","slug":"buck-gardner-big-water","status":"publish","type":"product","link":"https:\/\/www.huntersfriend.eu\/de\/produkt\/buck-gardner-big-water\/","title":{"rendered":"Buck Gardner Big Water"},"content":{"rendered":"<div class=\"description bottom\">\n<p>Weite, offene Fl\u00e4chen und starke Winde k\u00f6nnen den \u00e4u\u00dferst lauten Einzelzungen-Lockruf Big Water nicht aufhalten. Dieser Lockruf ist ideal f\u00fcr Seen, Fl\u00fcsse und \u00fcberflutete landwirtschaftliche Fl\u00e4chen, wenn Sie Enten aus gro\u00dfer Entfernung anlocken m\u00fcssen. Jeder Big Water Lockruf wird einzeln abgestimmt, mit einem handgeschliffenen Klangbrett und einer ma\u00dfgeschneiderten Zunge.  <\/p>\n<\/div>\n","protected":false},"excerpt":{"rendered":"<p>Einzelzunge, klar<\/p>\n","protected":false},"featured_media":276373,"comment_status":"open","ping_status":"closed","template":"","meta":[],"product_brand":[],"product_cat":[1400],"product_tag":[],"class_list":{"0":"post-282324","1":"product","2":"type-product","3":"status-publish","4":"has-post-thumbnail","6":"product_cat-entenlocker","8":"first","9":"instock","10":"taxable","11":"shipping-taxable","12":"purchasable","13":"product-type-simple"},"composite_virtual":false,"composite_layout":"","composite_add_to_cart_form_location":"","composite_editable_in_cart":false,"composite_sold_individually_context":"","composite_shop_price_calc":"","composite_components":[],"composite_scenarios":[],"group_of_quantity":0,"min_quantity":0,"max_quantity":"","exclude_order_quantity_value_rules":"no","exclude_category_quantity_rules":"no","combine_variations":"no","exclude_global_add_ons":[],"addons":[],"_links":{"self":[{"href":"https:\/\/www.huntersfriend.eu\/de\/wp-json\/wp\/v2\/product\/282324","targetHints":{"allow":["GET"]}}],"collection":[{"href":"https:\/\/www.huntersfriend.eu\/de\/wp-json\/wp\/v2\/product"}],"about":[{"href":"https:\/\/www.huntersfriend.eu\/de\/wp-json\/wp\/v2\/types\/product"}],"replies":[{"embeddable":true,"href":"https:\/\/www.huntersfriend.eu\/de\/wp-json\/wp\/v2\/comments?post=282324"}],"wp:featuredmedia":[{"embeddable":true,"href":"https:\/\/www.huntersfriend.eu\/de\/wp-json\/wp\/v2\/media\/276373"}],"wp:attachment":[{"href":"https:\/\/www.huntersfriend.eu\/de\/wp-json\/wp\/v2\/media?parent=282324"}],"wp:term":[{"taxonomy":"product_brand","embeddable":true,"href":"https:\/\/www.huntersfriend.eu\/de\/wp-json\/wp\/v2\/product_brand?post=282324"},{"taxonomy":"product_cat","embeddable":true,"href":"https:\/\/www.huntersfriend.eu\/de\/wp-json\/wp\/v2\/product_cat?post=282324"},{"taxonomy":"product_tag","embeddable":true,"href":"https:\/\/www.huntersfriend.eu\/de\/wp-json\/wp\/v2\/product_tag?post=282324"}],"curies":[{"name":"wp","href":"https:\/\/api.w.org\/{rel}","templated":true}]}}