{"id":282319,"date":"2022-02-07T15:20:25","date_gmt":"2022-02-07T13:20:25","guid":{"rendered":"https:\/\/www.huntersfriend.eu\/product\/finale-annaeherung-lebensechte-fruehsaison-stockenten\/"},"modified":"2026-03-04T12:53:33","modified_gmt":"2026-03-04T10:53:33","slug":"finale-annaeherung-lebensechte-fruehsaison-stockenten","status":"publish","type":"product","link":"https:\/\/www.huntersfriend.eu\/de\/produkt\/finale-annaeherung-lebensechte-fruehsaison-stockenten\/","title":{"rendered":"Finale Ann\u00e4herung lebensechte Fr\u00fchsaison-Stockenten"},"content":{"rendered":"<p>W\u00e4hrend der fr\u00fchen Saison haben die meisten Enten noch nicht ihr vollst\u00e4ndiges Wintergefieder entwickelt. Dieses 6er-Pack enth\u00e4lt 3 Positionen der LIVE Mallards mit Farbschemata, die dem Erscheinungsbild von Stockentenerpeln in der fr\u00fchen Saison entsprechen. Hergestellt aus einem hochwertigen EVA-Material, das Haltbarkeit gew\u00e4hrleistet und mit lebensechten Farbschemata kombiniert wird. Dieses ausschlie\u00dflich aus Erpeln bestehende Set ist darauf ausgelegt, Ihnen eine realistische Ausbreitung f\u00fcr die Jagden in der fr\u00fchen Saison zu bieten.   <\/p>\n<h2>MERKMALE<\/h2>\n<ul>\n<li>Hochwertiges EVA-Material<\/li>\n<li>Einteiliges Design<\/li>\n<li>Originalgr\u00f6\u00dfe<\/li>\n<li>6er-Pack: 2 fressend, 2 ruhend, 2 aufrecht<\/li>\n<\/ul>\n<p><strong>Achtung: Online-Bestellungen sind auf einen Karton pro Bestellung begrenzt. F\u00fcr gr\u00f6\u00dfere Mengen kontaktieren Sie bitte direkt den Kundenservice, um Informationen \u00fcber Lieferkosten zu erhalten. <\/strong><\/p>\n","protected":false},"excerpt":{"rendered":"<p><strong>Achtung: Online-Bestellungen sind auf eine Packung pro Bestellung begrenzt. F\u00fcr gr\u00f6\u00dfere Mengen kontaktieren Sie bitte direkt den Kundenservice, um Informationen zu den Lieferkosten zu erhalten. <\/strong><\/p>\n","protected":false},"featured_media":235380,"comment_status":"open","ping_status":"closed","template":"","meta":[],"product_brand":[],"product_cat":[1368],"product_tag":[],"class_list":{"0":"post-282319","1":"product","2":"type-product","3":"status-publish","4":"has-post-thumbnail","6":"product_cat-enten-lockvogel","7":"product_shipping_class-big-de","9":"first","10":"instock","11":"sale","12":"taxable","13":"shipping-taxable","14":"purchasable","15":"product-type-simple"},"composite_virtual":false,"composite_layout":"","composite_add_to_cart_form_location":"","composite_editable_in_cart":false,"composite_sold_individually_context":"","composite_shop_price_calc":"","composite_components":[],"composite_scenarios":[],"group_of_quantity":0,"min_quantity":0,"max_quantity":"","exclude_order_quantity_value_rules":"no","exclude_category_quantity_rules":"no","combine_variations":"no","exclude_global_add_ons":[],"addons":[],"_links":{"self":[{"href":"https:\/\/www.huntersfriend.eu\/de\/wp-json\/wp\/v2\/product\/282319","targetHints":{"allow":["GET"]}}],"collection":[{"href":"https:\/\/www.huntersfriend.eu\/de\/wp-json\/wp\/v2\/product"}],"about":[{"href":"https:\/\/www.huntersfriend.eu\/de\/wp-json\/wp\/v2\/types\/product"}],"replies":[{"embeddable":true,"href":"https:\/\/www.huntersfriend.eu\/de\/wp-json\/wp\/v2\/comments?post=282319"}],"wp:featuredmedia":[{"embeddable":true,"href":"https:\/\/www.huntersfriend.eu\/de\/wp-json\/wp\/v2\/media\/235380"}],"wp:attachment":[{"href":"https:\/\/www.huntersfriend.eu\/de\/wp-json\/wp\/v2\/media?parent=282319"}],"wp:term":[{"taxonomy":"product_brand","embeddable":true,"href":"https:\/\/www.huntersfriend.eu\/de\/wp-json\/wp\/v2\/product_brand?post=282319"},{"taxonomy":"product_cat","embeddable":true,"href":"https:\/\/www.huntersfriend.eu\/de\/wp-json\/wp\/v2\/product_cat?post=282319"},{"taxonomy":"product_tag","embeddable":true,"href":"https:\/\/www.huntersfriend.eu\/de\/wp-json\/wp\/v2\/product_tag?post=282319"}],"curies":[{"name":"wp","href":"https:\/\/api.w.org\/{rel}","templated":true}]}}