{"id":282317,"date":"2022-02-07T15:20:24","date_gmt":"2025-06-23T11:06:06","guid":{"rendered":"https:\/\/www.huntersfriend.eu\/product\/final-approach-12-slot-ententasche\/"},"modified":"2025-09-17T13:10:22","modified_gmt":"2025-09-17T11:10:22","slug":"final-approach-12-slot-ententasche","status":"publish","type":"product","link":"https:\/\/www.huntersfriend.eu\/de\/produkt\/final-approach-12-slot-ententasche\/","title":{"rendered":"Final Approach 12-Slot-Ententasche"},"content":{"rendered":"<p>Die Final Approach 12-Slot-Ententasche ist \u00e4u\u00dferst leichtgewichtig und kann 12 mittelgro\u00dfe Schwimmentenlockv\u00f6gel aufnehmen. Sie eignet sich ebenfalls f\u00fcr andere mittelgro\u00dfe bis kleine Lockv\u00f6gel wie Tauben und Kr\u00e4hen. <\/p>\n<p>In dieser Lockvogeltasche mit F\u00e4chern bleiben Ihre Lockv\u00f6gel stets wohlgeordnet, und die Farbe wird vor Kratzern und Abnutzung gesch\u00fctzt. Sie ist sehr transportabel und l\u00e4sst sich bei Nichtgebrauch einfach verstauen. Die Fachtasche verf\u00fcgt \u00fcber einen Schultergurt, der das Tragen erheblich erleichtert.  <\/p>\n<p>Abmessungen eines Faches: 17,8 cm * 17,8 cm * 40,6 cm<\/p>\n","protected":false},"excerpt":{"rendered":"<p>Sorsakaaveille,12-lokeroinen<\/p>\n","protected":false},"featured_media":238079,"comment_status":"open","ping_status":"closed","template":"","meta":[],"product_brand":[],"product_cat":[1393],"product_tag":[],"class_list":{"0":"post-282317","1":"product","2":"type-product","3":"status-publish","4":"has-post-thumbnail","6":"product_cat-taschen-fur-lockvogel","8":"first","9":"outofstock","10":"taxable","11":"shipping-taxable","12":"purchasable","13":"product-type-simple"},"composite_virtual":false,"composite_layout":"","composite_add_to_cart_form_location":"","composite_editable_in_cart":false,"composite_sold_individually_context":"","composite_shop_price_calc":"","composite_components":[],"composite_scenarios":[],"group_of_quantity":0,"min_quantity":0,"max_quantity":"","exclude_order_quantity_value_rules":"no","exclude_category_quantity_rules":"no","combine_variations":"no","exclude_global_add_ons":[],"addons":[],"_links":{"self":[{"href":"https:\/\/www.huntersfriend.eu\/de\/wp-json\/wp\/v2\/product\/282317","targetHints":{"allow":["GET"]}}],"collection":[{"href":"https:\/\/www.huntersfriend.eu\/de\/wp-json\/wp\/v2\/product"}],"about":[{"href":"https:\/\/www.huntersfriend.eu\/de\/wp-json\/wp\/v2\/types\/product"}],"replies":[{"embeddable":true,"href":"https:\/\/www.huntersfriend.eu\/de\/wp-json\/wp\/v2\/comments?post=282317"}],"wp:featuredmedia":[{"embeddable":true,"href":"https:\/\/www.huntersfriend.eu\/de\/wp-json\/wp\/v2\/media\/238079"}],"wp:attachment":[{"href":"https:\/\/www.huntersfriend.eu\/de\/wp-json\/wp\/v2\/media?parent=282317"}],"wp:term":[{"taxonomy":"product_brand","embeddable":true,"href":"https:\/\/www.huntersfriend.eu\/de\/wp-json\/wp\/v2\/product_brand?post=282317"},{"taxonomy":"product_cat","embeddable":true,"href":"https:\/\/www.huntersfriend.eu\/de\/wp-json\/wp\/v2\/product_cat?post=282317"},{"taxonomy":"product_tag","embeddable":true,"href":"https:\/\/www.huntersfriend.eu\/de\/wp-json\/wp\/v2\/product_tag?post=282317"}],"curies":[{"name":"wp","href":"https:\/\/api.w.org\/{rel}","templated":true}]}}