{"id":282316,"date":"2022-02-07T15:20:27","date_gmt":"2022-02-07T13:20:27","guid":{"rendered":"https:\/\/www.huntersfriend.eu\/product\/final-approach-live-great-horned-owl\/"},"modified":"2026-01-02T12:34:07","modified_gmt":"2026-01-02T10:34:07","slug":"final-approach-live-great-horned-owl","status":"publish","type":"product","link":"https:\/\/www.huntersfriend.eu\/de\/produkt\/final-approach-live-great-horned-owl\/","title":{"rendered":"Final Approach Live Great Horned Owl"},"content":{"rendered":"<p>Der Final Approach Live Great Horned Owl h\u00e4lt V\u00f6gel von Ihrem Garten fern oder kann f\u00fcr eine effektivere Kr\u00e4henjagd eingesetzt werden. Die Kr\u00e4henjagd mit einer Eulen-Attrappe ist eine traditionelle Methode in Skandinavien und Finnland. Bei dieser Methode wird die Eulen-Attrappe mittels einer Stange auf einem Baumwipfel platziert, woraufhin Kr\u00e4hen aggressiv heranfliegen, um die Eule zu vertreiben. Dies bietet dem J\u00e4ger die Gelegenheit, sie zu erlegen.  <\/p>\n<p>Der Final Approach Live Great Horned Owl ist aus strapazierf\u00e4higem HDPE-Kunststoff gefertigt und realistisch bemalt. Diese Attrappe verf\u00fcgt \u00fcber zwei schwenkbare Gesichter. <\/p>\n","protected":false},"excerpt":{"rendered":"<p>Doppelgesichtig<\/p>\n","protected":false},"featured_media":227767,"comment_status":"open","ping_status":"closed","template":"","meta":[],"product_brand":[],"product_cat":[1145],"product_tag":[],"class_list":{"0":"post-282316","1":"product","2":"type-product","3":"status-publish","4":"has-post-thumbnail","6":"product_cat-sonstiges","7":"product_shipping_class-big-de","9":"first","10":"outofstock","11":"taxable","12":"shipping-taxable","13":"purchasable","14":"product-type-simple"},"composite_virtual":false,"composite_layout":"","composite_add_to_cart_form_location":"","composite_editable_in_cart":false,"composite_sold_individually_context":"","composite_shop_price_calc":"","composite_components":[],"composite_scenarios":[],"group_of_quantity":0,"min_quantity":0,"max_quantity":"","exclude_order_quantity_value_rules":"no","exclude_category_quantity_rules":"no","combine_variations":"no","exclude_global_add_ons":[],"addons":[],"_links":{"self":[{"href":"https:\/\/www.huntersfriend.eu\/de\/wp-json\/wp\/v2\/product\/282316","targetHints":{"allow":["GET"]}}],"collection":[{"href":"https:\/\/www.huntersfriend.eu\/de\/wp-json\/wp\/v2\/product"}],"about":[{"href":"https:\/\/www.huntersfriend.eu\/de\/wp-json\/wp\/v2\/types\/product"}],"replies":[{"embeddable":true,"href":"https:\/\/www.huntersfriend.eu\/de\/wp-json\/wp\/v2\/comments?post=282316"}],"wp:featuredmedia":[{"embeddable":true,"href":"https:\/\/www.huntersfriend.eu\/de\/wp-json\/wp\/v2\/media\/227767"}],"wp:attachment":[{"href":"https:\/\/www.huntersfriend.eu\/de\/wp-json\/wp\/v2\/media?parent=282316"}],"wp:term":[{"taxonomy":"product_brand","embeddable":true,"href":"https:\/\/www.huntersfriend.eu\/de\/wp-json\/wp\/v2\/product_brand?post=282316"},{"taxonomy":"product_cat","embeddable":true,"href":"https:\/\/www.huntersfriend.eu\/de\/wp-json\/wp\/v2\/product_cat?post=282316"},{"taxonomy":"product_tag","embeddable":true,"href":"https:\/\/www.huntersfriend.eu\/de\/wp-json\/wp\/v2\/product_tag?post=282316"}],"curies":[{"name":"wp","href":"https:\/\/api.w.org\/{rel}","templated":true}]}}