{"id":282315,"date":"2022-02-07T15:20:24","date_gmt":"2022-02-07T13:20:24","guid":{"rendered":"https:\/\/www.huntersfriend.eu\/product\/letzter-anflug-der-minderwertigen-lockvogel-attrappen\/"},"modified":"2026-04-15T11:39:21","modified_gmt":"2026-04-15T09:39:21","slug":"letzter-anflug-der-minderwertigen-lockvogel-attrappen","status":"publish","type":"product","link":"https:\/\/www.huntersfriend.eu\/de\/produkt\/letzter-anflug-der-minderwertigen-lockvogel-attrappen\/","title":{"rendered":"Final Approach Last Pass Kleine Kanadagans Lockvogel"},"content":{"rendered":"<p id=\"tw-target-text\" class=\"tw-data-text tw-text-large tw-ta\" dir=\"ltr\" data-placeholder=\"K\u00e4\u00e4nn\u00f6s\">Die Last Pass Full Body Lessers (Kanadagans) sind mit allen Funktionen ausgestattet, die Wasservogelj\u00e4ger von einem Lockvogel erwarten. Das bemerkenswerteste Merkmal ist das Zero Gravity Motion System, das bei sehr wenig Wind Bewegung auf allen Achsen erm\u00f6glicht. In Kombination mit dem realistischen Aussehen dieses Lockvogels werden die V\u00f6gel ihren letzten Anflug machen und denken, die Lockv\u00f6gel seien lebende V\u00f6gel.  <\/p>\n<ul>\n<li class=\"tw-data-text tw-text-large tw-ta\" dir=\"ltr\" data-placeholder=\"K\u00e4\u00e4nn\u00f6s\">Zero Gravity Motion System<\/li>\n<li class=\"tw-data-text tw-text-large tw-ta\" dir=\"ltr\" data-placeholder=\"K\u00e4\u00e4nn\u00f6s\">Doppelte Verriegelung der Kopfverbindung<\/li>\n<li class=\"tw-data-text tw-text-large tw-ta\" dir=\"ltr\" data-placeholder=\"K\u00e4\u00e4nn\u00f6s\">Beflockte K\u00f6pfe<\/li>\n<li class=\"tw-data-text tw-text-large tw-ta\" dir=\"ltr\" data-placeholder=\"K\u00e4\u00e4nn\u00f6s\">48 cm Glasfaserst\u00e4be mit Griffmulde f\u00fcr einfaches Ein- und Ausstecken in den Boden<\/li>\n<li class=\"tw-data-text tw-text-large tw-ta\" dir=\"ltr\" data-placeholder=\"K\u00e4\u00e4nn\u00f6s\">Enth\u00e4lt: 1 W\u00e4chter, 1 Ruhende und 4 \u00c4sende (2 direkt \u00e4sende und 2 seitlich \u00e4sende)<\/li>\n<\/ul>\n<p><strong>Bestellungen sind aufgrund der Gr\u00f6\u00dfe auf eine Box begrenzt. Wenn Sie an mehr interessiert sind, kontaktieren Sie uns bitte direkt bez\u00fcglich der Versandkosten. <\/strong><\/p>\n","protected":false},"excerpt":{"rendered":"<p><strong>Achtung: Online-Bestellungen sind auf eine Box pro Bestellung begrenzt. F\u00fcr gr\u00f6\u00dfere Mengen kontaktieren Sie bitte direkt den Kundenservice bez\u00fcglich der Lieferkosten <\/strong><\/p>\n","protected":false},"featured_media":235337,"comment_status":"open","ping_status":"closed","template":"","meta":[],"product_brand":[],"product_cat":[1394],"product_tag":[],"class_list":{"0":"post-282315","1":"product","2":"type-product","3":"status-publish","4":"has-post-thumbnail","6":"product_cat-ganse-lockvogel","7":"product_shipping_class-big-de","9":"first","10":"outofstock","11":"taxable","12":"shipping-taxable","13":"purchasable","14":"product-type-simple"},"composite_virtual":false,"composite_layout":"","composite_add_to_cart_form_location":"","composite_editable_in_cart":false,"composite_sold_individually_context":"","composite_shop_price_calc":"","composite_components":[],"composite_scenarios":[],"group_of_quantity":0,"min_quantity":0,"max_quantity":"","exclude_order_quantity_value_rules":"no","exclude_category_quantity_rules":"no","combine_variations":"no","exclude_global_add_ons":[],"addons":[],"_links":{"self":[{"href":"https:\/\/www.huntersfriend.eu\/de\/wp-json\/wp\/v2\/product\/282315","targetHints":{"allow":["GET"]}}],"collection":[{"href":"https:\/\/www.huntersfriend.eu\/de\/wp-json\/wp\/v2\/product"}],"about":[{"href":"https:\/\/www.huntersfriend.eu\/de\/wp-json\/wp\/v2\/types\/product"}],"replies":[{"embeddable":true,"href":"https:\/\/www.huntersfriend.eu\/de\/wp-json\/wp\/v2\/comments?post=282315"}],"wp:featuredmedia":[{"embeddable":true,"href":"https:\/\/www.huntersfriend.eu\/de\/wp-json\/wp\/v2\/media\/235337"}],"wp:attachment":[{"href":"https:\/\/www.huntersfriend.eu\/de\/wp-json\/wp\/v2\/media?parent=282315"}],"wp:term":[{"taxonomy":"product_brand","embeddable":true,"href":"https:\/\/www.huntersfriend.eu\/de\/wp-json\/wp\/v2\/product_brand?post=282315"},{"taxonomy":"product_cat","embeddable":true,"href":"https:\/\/www.huntersfriend.eu\/de\/wp-json\/wp\/v2\/product_cat?post=282315"},{"taxonomy":"product_tag","embeddable":true,"href":"https:\/\/www.huntersfriend.eu\/de\/wp-json\/wp\/v2\/product_tag?post=282315"}],"curies":[{"name":"wp","href":"https:\/\/api.w.org\/{rel}","templated":true}]}}