{"id":282314,"date":"2022-02-07T15:20:26","date_gmt":"2022-02-07T13:20:26","guid":{"rendered":"https:\/\/www.huntersfriend.eu\/product\/final-approach-live-spiessente-lockvogel-6er-set\/"},"modified":"2025-06-23T13:06:05","modified_gmt":"2025-06-23T11:06:05","slug":"final-approach-live-spiessente-lockvogel-6er-set","status":"publish","type":"product","link":"https:\/\/www.huntersfriend.eu\/de\/produkt\/final-approach-live-spiessente-lockvogel-6er-set\/","title":{"rendered":"Final Approach LIVE Spie\u00dfente-Lockvogel 6er-Set"},"content":{"rendered":"<p>Brandneu f\u00fcr 2021 pr\u00e4sentiert sich der Final Approach LIVE Spie\u00dfenten-Lockvogel. Dieses 6er-Set besteht aus 3 Erpeln mit geneigtem Kopf und 3 Erpeln in Futterhaltung. Gefertigt aus hochwertigem EVA-Material in Kombination mit einer naturgetreuen Farbgebung, heben sich diese Lockv\u00f6gel deutlich ab. Spie\u00dfenten sind scheue V\u00f6gel, und der Einsatz von Spie\u00dfenten-Lockv\u00f6geln in der Auslage kann dazu beitragen, sie anzulocken. Dieses reine Erpel-Set bietet Ihnen die gew\u00fcnschte Farbgebung, damit Ihre Auslage sich von anderen abhebt.    <\/p>\n<h2>MERKMALE<\/h2>\n<ul>\n<li>Hochwertiges EVA-Material<\/li>\n<li>Au\u00dfergew\u00f6hnliche \u201eLIVE\u201c-Federdetails, entworfen vom Weltmeister-Schnitzer Tom Christie<\/li>\n<li>Einteiliges Design<\/li>\n<li>Originalgr\u00f6\u00dfe<\/li>\n<li>3 Befestigungspunkte f\u00fcr die Ausbringung<\/li>\n<li>6er-Set: 3 Erpel mit geneigtem Kopf, 3 Erpel in Futterhaltung<\/li>\n<\/ul>\n<p><strong>Achtung: Online-Bestellungen sind auf einen Karton pro Bestellung begrenzt. F\u00fcr gr\u00f6\u00dfere Mengen kontaktieren Sie bitte direkt den Kundenservice, um Informationen \u00fcber Lieferkosten zu erhalten. <\/strong><\/p>\n","protected":false},"excerpt":{"rendered":"<p>6 St\u00fcck in der Verpackung<\/p>\n","protected":false},"featured_media":232294,"comment_status":"open","ping_status":"closed","template":"","meta":[],"product_brand":[],"product_cat":[1145],"product_tag":[],"class_list":{"0":"post-282314","1":"product","2":"type-product","3":"status-publish","4":"has-post-thumbnail","6":"product_cat-sonstiges","7":"product_shipping_class-big-de","9":"first","10":"outofstock","11":"taxable","12":"shipping-taxable","13":"purchasable","14":"product-type-simple"},"composite_virtual":false,"composite_layout":"","composite_add_to_cart_form_location":"","composite_editable_in_cart":false,"composite_sold_individually_context":"","composite_shop_price_calc":"","composite_components":[],"composite_scenarios":[],"group_of_quantity":0,"min_quantity":0,"max_quantity":"","exclude_order_quantity_value_rules":"no","exclude_category_quantity_rules":"no","combine_variations":"no","exclude_global_add_ons":[],"addons":[],"_links":{"self":[{"href":"https:\/\/www.huntersfriend.eu\/de\/wp-json\/wp\/v2\/product\/282314","targetHints":{"allow":["GET"]}}],"collection":[{"href":"https:\/\/www.huntersfriend.eu\/de\/wp-json\/wp\/v2\/product"}],"about":[{"href":"https:\/\/www.huntersfriend.eu\/de\/wp-json\/wp\/v2\/types\/product"}],"replies":[{"embeddable":true,"href":"https:\/\/www.huntersfriend.eu\/de\/wp-json\/wp\/v2\/comments?post=282314"}],"wp:featuredmedia":[{"embeddable":true,"href":"https:\/\/www.huntersfriend.eu\/de\/wp-json\/wp\/v2\/media\/232294"}],"wp:attachment":[{"href":"https:\/\/www.huntersfriend.eu\/de\/wp-json\/wp\/v2\/media?parent=282314"}],"wp:term":[{"taxonomy":"product_brand","embeddable":true,"href":"https:\/\/www.huntersfriend.eu\/de\/wp-json\/wp\/v2\/product_brand?post=282314"},{"taxonomy":"product_cat","embeddable":true,"href":"https:\/\/www.huntersfriend.eu\/de\/wp-json\/wp\/v2\/product_cat?post=282314"},{"taxonomy":"product_tag","embeddable":true,"href":"https:\/\/www.huntersfriend.eu\/de\/wp-json\/wp\/v2\/product_tag?post=282314"}],"curies":[{"name":"wp","href":"https:\/\/api.w.org\/{rel}","templated":true}]}}