{"id":282313,"date":"2022-02-02T12:20:19","date_gmt":"2025-06-23T11:05:59","guid":{"rendered":"https:\/\/www.huntersfriend.eu\/product\/lockschmiede-grauganslocker-v2-grauganslocker\/"},"modified":"2025-10-27T19:39:35","modified_gmt":"2025-10-27T17:39:35","slug":"lockschmiede-grauganslocker-v2-grauganslocker","status":"publish","type":"product","link":"https:\/\/www.huntersfriend.eu\/de\/produkt\/lockschmiede-grauganslocker-v2-grauganslocker\/","title":{"rendered":"Lockschmiede Grauganslocker V2 &#8211; Grauganslocker"},"content":{"rendered":"<p id=\"tw-target-text\" class=\"tw-data-text tw-text-large tw-ta\" dir=\"ltr\" data-placeholder=\"K\u00e4\u00e4nn\u00f6s\"><span class=\"Y2IQFc\" lang=\"en\">Der Lockschmiede Grauganslocker V2 ist ein langz\u00fcngiger, leicht zu spielender Grauganslocker aus Walnussholz und Acrylplastik. Dieser hochwertige Grauganslocker ist ideal f\u00fcr diejenigen, die kurzz\u00fcngige Locker nicht bevorzugen. Der Locker erzeugt alle erforderlichen Laute einer Graugans, die notwendig sind, um diese erfolgreich anzulocken.  <\/span><\/p>\n","protected":false},"excerpt":{"rendered":"<p>Der Lockschmiede Grauganslocker V2 ist ein langz\u00fcngiger, leicht zu spielender Grauganslocker aus Walnussholz und Acrylplastik. Dieser hochwertige Grauganslocker ist ideal f\u00fcr diejenigen, die kurzz\u00fcngige Locker nicht bevorzugen. Der Locker erzeugt alle erforderlichen Laute einer Graugans, die notwendig sind, um diese erfolgreich anzulocken.<\/p>\n","protected":false},"featured_media":256793,"comment_status":"open","ping_status":"closed","template":"","meta":[],"product_brand":[],"product_cat":[1402],"product_tag":[],"class_list":{"0":"post-282313","1":"product","2":"type-product","3":"status-publish","4":"has-post-thumbnail","6":"product_cat-ganselocker","8":"first","9":"onbackorder","10":"taxable","11":"shipping-taxable","12":"purchasable","13":"product-type-simple"},"composite_virtual":false,"composite_layout":"","composite_add_to_cart_form_location":"","composite_editable_in_cart":false,"composite_sold_individually_context":"","composite_shop_price_calc":"","composite_components":[],"composite_scenarios":[],"group_of_quantity":0,"min_quantity":0,"max_quantity":"","exclude_order_quantity_value_rules":"no","exclude_category_quantity_rules":"no","combine_variations":"no","exclude_global_add_ons":[],"addons":[],"_links":{"self":[{"href":"https:\/\/www.huntersfriend.eu\/de\/wp-json\/wp\/v2\/product\/282313","targetHints":{"allow":["GET"]}}],"collection":[{"href":"https:\/\/www.huntersfriend.eu\/de\/wp-json\/wp\/v2\/product"}],"about":[{"href":"https:\/\/www.huntersfriend.eu\/de\/wp-json\/wp\/v2\/types\/product"}],"replies":[{"embeddable":true,"href":"https:\/\/www.huntersfriend.eu\/de\/wp-json\/wp\/v2\/comments?post=282313"}],"wp:featuredmedia":[{"embeddable":true,"href":"https:\/\/www.huntersfriend.eu\/de\/wp-json\/wp\/v2\/media\/256793"}],"wp:attachment":[{"href":"https:\/\/www.huntersfriend.eu\/de\/wp-json\/wp\/v2\/media?parent=282313"}],"wp:term":[{"taxonomy":"product_brand","embeddable":true,"href":"https:\/\/www.huntersfriend.eu\/de\/wp-json\/wp\/v2\/product_brand?post=282313"},{"taxonomy":"product_cat","embeddable":true,"href":"https:\/\/www.huntersfriend.eu\/de\/wp-json\/wp\/v2\/product_cat?post=282313"},{"taxonomy":"product_tag","embeddable":true,"href":"https:\/\/www.huntersfriend.eu\/de\/wp-json\/wp\/v2\/product_tag?post=282313"}],"curies":[{"name":"wp","href":"https:\/\/api.w.org\/{rel}","templated":true}]}}