{"id":282310,"date":"2021-12-30T12:20:40","date_gmt":"2021-12-30T10:20:40","guid":{"rendered":"https:\/\/www.huntersfriend.eu\/product\/meopta-optika6-3-18x56rd-sfp-4c\/"},"modified":"2025-07-23T05:48:32","modified_gmt":"2025-07-23T03:48:32","slug":"meopta-optika6-3-18x56rd-sfp-4c","status":"publish","type":"product","link":"https:\/\/www.huntersfriend.eu\/de\/produkt\/meopta-optika6-3-18x56rd-sfp-4c\/","title":{"rendered":"Meopta Optika6 3-18x56RD SFP, 4C"},"content":{"rendered":"<p>Das Meopta Optika6 3-18x56RD SFP Modell verf\u00fcgt \u00fcber abgedeckte Seiten- und H\u00f6henverstellung. Es handelt sich um ein hervorragendes Zielfernrohr f\u00fcr J\u00e4ger und Sportsch\u00fctzen. Erh\u00e4ltlich in verschiedenen Absehenkonfigurationen, einschlie\u00dflich optionaler Beleuchtung und DichroTech, wurde das 3-18&#215;56 speziell f\u00fcr J\u00e4ger und Sch\u00fctzen konzipiert.  <\/p>\n<ul>\n<li>MeoBright-Beschichtungen<\/li>\n<li>MeoShield-Beschichtungen<\/li>\n<li>Hydrophobe Beschichtung<\/li>\n<li>Nullr\u00fcckstellung f\u00fcr Seiten- und H\u00f6henverstellung<\/li>\n<li>Nullanschlag bei ausgew\u00e4hlten Modellen<\/li>\n<li>Inklusive einstellbarem und abnehmbarem Vergr\u00f6\u00dferungshebel<\/li>\n<li>4C Absehen<\/li>\n<\/ul>\n<h3><strong>Spezifikationen<\/strong>:<\/h3>\n<table width=\"530\">\n<tbody>\n<tr>\n<td width=\"466\">Vergr\u00f6\u00dferung<\/td>\n<td width=\"64\">3 &#8211; 18 x<\/td>\n<\/tr>\n<tr>\n<td>Objektivdurchmesser<\/td>\n<td>56 mm<\/td>\n<\/tr>\n<tr>\n<td>Objektivfiltergewinde<\/td>\n<td>M61x0,75<\/td>\n<\/tr>\n<tr>\n<td>Hauptrohrdurchmesser<\/td>\n<td>30 mm<\/td>\n<\/tr>\n<tr>\n<td>Augenabstand, mm<\/td>\n<td>100 mm<\/td>\n<\/tr>\n<tr>\n<td>Sehfeld, m\/100m<\/td>\n<td>11,1-1,9<\/td>\n<\/tr>\n<tr>\n<td>Sehfeld<\/td>\n<td>6,34 &#8211; 1,1 \u00b0<\/td>\n<\/tr>\n<tr>\n<td>Fokalebenenposition<\/td>\n<td>2<\/td>\n<\/tr>\n<tr>\n<td>Dioptrienausgleich<\/td>\n<td>-2 \/ 2 D<\/td>\n<\/tr>\n<tr>\n<td>Tageslicht\u00fcbertragung<\/td>\n<td>91 %<\/td>\n<\/tr>\n<tr>\n<td>Klickverstellung, cm\/100m<\/td>\n<td>0,7<\/td>\n<\/tr>\n<tr>\n<td>H\u00f6hen- und Seitenverstellbereich, cm\/100m<\/td>\n<td>262<\/td>\n<\/tr>\n<tr>\n<td>Parallaxenkorrektur<\/td>\n<td>10 yd &#8211; unendlich j\/n<\/td>\n<\/tr>\n<tr>\n<td>L\u00e4nge, mm<\/td>\n<td>368 mm<\/td>\n<\/tr>\n<tr>\n<td>Gewicht, g<\/td>\n<td>865<\/td>\n<\/tr>\n<\/tbody>\n<\/table>\n<p>10 Jahre Garantie bei Registrierung.<\/p>\n","protected":false},"excerpt":{"rendered":"<p>Beleuchtetes Absehen, 30mm Mittelrohr<\/p>\n","protected":false},"featured_media":220723,"comment_status":"open","ping_status":"closed","template":"","meta":[],"product_brand":[],"product_cat":[1145],"product_tag":[2376,2377],"class_list":{"0":"post-282310","1":"product","2":"type-product","3":"status-publish","4":"has-post-thumbnail","6":"product_cat-sonstiges","7":"product_tag-meopta-de","8":"product_tag-zielfernrohr","10":"first","11":"outofstock","12":"taxable","13":"shipping-taxable","14":"purchasable","15":"product-type-simple"},"composite_virtual":false,"composite_layout":"","composite_add_to_cart_form_location":"","composite_editable_in_cart":false,"composite_sold_individually_context":"","composite_shop_price_calc":"","composite_components":[],"composite_scenarios":[],"group_of_quantity":0,"min_quantity":0,"max_quantity":"","exclude_order_quantity_value_rules":"no","exclude_category_quantity_rules":"no","combine_variations":"no","exclude_global_add_ons":[],"addons":[],"_links":{"self":[{"href":"https:\/\/www.huntersfriend.eu\/de\/wp-json\/wp\/v2\/product\/282310","targetHints":{"allow":["GET"]}}],"collection":[{"href":"https:\/\/www.huntersfriend.eu\/de\/wp-json\/wp\/v2\/product"}],"about":[{"href":"https:\/\/www.huntersfriend.eu\/de\/wp-json\/wp\/v2\/types\/product"}],"replies":[{"embeddable":true,"href":"https:\/\/www.huntersfriend.eu\/de\/wp-json\/wp\/v2\/comments?post=282310"}],"wp:featuredmedia":[{"embeddable":true,"href":"https:\/\/www.huntersfriend.eu\/de\/wp-json\/wp\/v2\/media\/220723"}],"wp:attachment":[{"href":"https:\/\/www.huntersfriend.eu\/de\/wp-json\/wp\/v2\/media?parent=282310"}],"wp:term":[{"taxonomy":"product_brand","embeddable":true,"href":"https:\/\/www.huntersfriend.eu\/de\/wp-json\/wp\/v2\/product_brand?post=282310"},{"taxonomy":"product_cat","embeddable":true,"href":"https:\/\/www.huntersfriend.eu\/de\/wp-json\/wp\/v2\/product_cat?post=282310"},{"taxonomy":"product_tag","embeddable":true,"href":"https:\/\/www.huntersfriend.eu\/de\/wp-json\/wp\/v2\/product_tag?post=282310"}],"curies":[{"name":"wp","href":"https:\/\/api.w.org\/{rel}","templated":true}]}}