{"id":282304,"date":"2021-12-27T15:41:30","date_gmt":"2025-06-23T11:05:55","guid":{"rendered":"https:\/\/www.huntersfriend.eu\/product\/lucky-hd-tauchente-reiherente-drake\/"},"modified":"2025-06-23T13:05:55","modified_gmt":"2025-06-23T11:05:55","slug":"lucky-hd-tauchente-reiherente-drake","status":"publish","type":"product","link":"https:\/\/www.huntersfriend.eu\/de\/produkt\/lucky-hd-tauchente-reiherente-drake\/","title":{"rendered":"Lucky HD Tauchente Reiherente Drake"},"content":{"rendered":"<p>Lassen Sie die Spinner-Ruten zu Hause, denn der Lucky HD Floater ist Ihre L\u00f6sung f\u00fcr rotierende Fl\u00fcgel in Situationen mit tiefem Wasser und starker Str\u00f6mung. Er zeichnet sich durch ein \u00fcbergro\u00dfes Reiherenten-Schwimmer-Design mit gewichtetem Kiel und schwarzen, gewellten Fl\u00fcgeln aus, die einen gro\u00dfen Blitz erzeugen. Das neue Modul gleitet in die Oberseite der Lockvogel-Attrappe und ist vollst\u00e4ndig wasserdicht. Der Lucky HD Floater l\u00e4uft 12-14 Stunden mit 4 AA-Batterien. HD Remote Kit 2.0 kompatibel \u2013 separat erh\u00e4ltlich.    <\/p>\n<ul>\n<li>\u00dcbergro\u00dfe Lockvogel-Schnitzerei, die jahrelangem Gebrauch standh\u00e4lt<\/li>\n<li>Schwimmer-Design mit gewichtetem Kiel<\/li>\n<li>Beinhaltet magnetische, gewellte Fl\u00fcgel<\/li>\n<li>Wasserdichtes Steuerungsgeh\u00e4use gleitet in die Oberseite der Lockvogel-Attrappe<\/li>\n<li>Ben\u00f6tigt 4 AA-Batterien<\/li>\n<li>L\u00e4uft 12-14 Stunden<\/li>\n<li>HD Remote Kit kompatibel \u2013 separat erh\u00e4ltlich<\/li>\n<\/ul>\n","protected":false},"excerpt":{"rendered":"<p>6V Akku<\/p>\n","protected":false},"featured_media":220568,"comment_status":"open","ping_status":"closed","template":"","meta":[],"product_brand":[],"product_cat":[1145],"product_tag":[],"class_list":{"0":"post-282304","1":"product","2":"type-product","3":"status-publish","4":"has-post-thumbnail","6":"product_cat-sonstiges","8":"first","9":"outofstock","10":"taxable","11":"shipping-taxable","12":"purchasable","13":"product-type-simple"},"composite_virtual":false,"composite_layout":"","composite_add_to_cart_form_location":"","composite_editable_in_cart":false,"composite_sold_individually_context":"","composite_shop_price_calc":"","composite_components":[],"composite_scenarios":[],"group_of_quantity":0,"min_quantity":0,"max_quantity":"","exclude_order_quantity_value_rules":"no","exclude_category_quantity_rules":"no","combine_variations":"no","exclude_global_add_ons":[],"addons":[],"_links":{"self":[{"href":"https:\/\/www.huntersfriend.eu\/de\/wp-json\/wp\/v2\/product\/282304","targetHints":{"allow":["GET"]}}],"collection":[{"href":"https:\/\/www.huntersfriend.eu\/de\/wp-json\/wp\/v2\/product"}],"about":[{"href":"https:\/\/www.huntersfriend.eu\/de\/wp-json\/wp\/v2\/types\/product"}],"replies":[{"embeddable":true,"href":"https:\/\/www.huntersfriend.eu\/de\/wp-json\/wp\/v2\/comments?post=282304"}],"wp:featuredmedia":[{"embeddable":true,"href":"https:\/\/www.huntersfriend.eu\/de\/wp-json\/wp\/v2\/media\/220568"}],"wp:attachment":[{"href":"https:\/\/www.huntersfriend.eu\/de\/wp-json\/wp\/v2\/media?parent=282304"}],"wp:term":[{"taxonomy":"product_brand","embeddable":true,"href":"https:\/\/www.huntersfriend.eu\/de\/wp-json\/wp\/v2\/product_brand?post=282304"},{"taxonomy":"product_cat","embeddable":true,"href":"https:\/\/www.huntersfriend.eu\/de\/wp-json\/wp\/v2\/product_cat?post=282304"},{"taxonomy":"product_tag","embeddable":true,"href":"https:\/\/www.huntersfriend.eu\/de\/wp-json\/wp\/v2\/product_tag?post=282304"}],"curies":[{"name":"wp","href":"https:\/\/api.w.org\/{rel}","templated":true}]}}