{"id":282303,"date":"2021-12-27T14:57:27","date_gmt":"2021-12-27T12:57:27","guid":{"rendered":"https:\/\/www.huntersfriend.eu\/product\/hoyt-carbon-go-stix\/"},"modified":"2026-03-04T07:23:50","modified_gmt":"2026-03-04T05:23:50","slug":"hoyt-carbon-go-stix","status":"publish","type":"product","link":"https:\/\/www.huntersfriend.eu\/de\/produkt\/hoyt-carbon-go-stix\/","title":{"rendered":"Hoyt Carbon Go-Stix"},"content":{"rendered":"<p>Der Carbon Go-Stix ist einzigartig konzipiert, um den Bogen m\u00fchelos aufrecht zu positionieren, ohne \u00fcberm\u00e4\u00dfiges Gewicht oder Volumen hinzuzuf\u00fcgen. Im Gegensatz zu anderen Bogenst\u00e4ndern kann der Go-Stix w\u00e4hrend des Schie\u00dfens am Bogen befestigt bleiben, ohne den Schuss zu beeintr\u00e4chtigen. Dies eliminiert die Notwendigkeit, ihn vor einem Schuss zu entfernen, was ihn ideal f\u00fcr am Bogen montierte Lockv\u00f6gel, das Sitzen im Jagdversteck oder w\u00e4hrend einer Pirsch im Hochgebirge macht. Die Karbonst\u00e4be des Go-Stix sind leicht entfernbar, und die Stabilisatorverbindung verf\u00fcgt \u00fcber ein Schnellwechselsystem zum Verpacken oder Aufbewahren des Bogens, ohne die gesamte Vorrichtung demontieren zu m\u00fcssen.   <\/p>\n","protected":false},"excerpt":{"rendered":"<p>Der Carbon Go-Stix ist einzigartig konzipiert, um den Bogen m\u00fchelos aufrecht zu positionieren, ohne \u00fcberm\u00e4\u00dfiges Gewicht oder Volumen hinzuzuf\u00fcgen. Im Gegensatz zu anderen Bogenst\u00e4ndern kann der Go-Stix w\u00e4hrend des Schie\u00dfens am Bogen befestigt bleiben, ohne den Schuss zu beeintr\u00e4chtigen. Dies eliminiert die Notwendigkeit, ihn vor einem Schuss zu entfernen, was ihn ideal f\u00fcr am Bogen [&#8230;]\n","protected":false},"featured_media":221597,"comment_status":"open","ping_status":"closed","template":"","meta":[],"product_brand":[],"product_cat":[1145],"product_tag":[],"class_list":{"0":"post-282303","1":"product","2":"type-product","3":"status-publish","4":"has-post-thumbnail","6":"product_cat-sonstiges","8":"first","9":"outofstock","10":"sale","11":"taxable","12":"shipping-taxable","13":"purchasable","14":"product-type-simple"},"composite_virtual":false,"composite_layout":"","composite_add_to_cart_form_location":"","composite_editable_in_cart":false,"composite_sold_individually_context":"","composite_shop_price_calc":"","composite_components":[],"composite_scenarios":[],"group_of_quantity":0,"min_quantity":0,"max_quantity":"","exclude_order_quantity_value_rules":"no","exclude_category_quantity_rules":"no","combine_variations":"no","exclude_global_add_ons":[],"addons":[],"_links":{"self":[{"href":"https:\/\/www.huntersfriend.eu\/de\/wp-json\/wp\/v2\/product\/282303","targetHints":{"allow":["GET"]}}],"collection":[{"href":"https:\/\/www.huntersfriend.eu\/de\/wp-json\/wp\/v2\/product"}],"about":[{"href":"https:\/\/www.huntersfriend.eu\/de\/wp-json\/wp\/v2\/types\/product"}],"replies":[{"embeddable":true,"href":"https:\/\/www.huntersfriend.eu\/de\/wp-json\/wp\/v2\/comments?post=282303"}],"wp:featuredmedia":[{"embeddable":true,"href":"https:\/\/www.huntersfriend.eu\/de\/wp-json\/wp\/v2\/media\/221597"}],"wp:attachment":[{"href":"https:\/\/www.huntersfriend.eu\/de\/wp-json\/wp\/v2\/media?parent=282303"}],"wp:term":[{"taxonomy":"product_brand","embeddable":true,"href":"https:\/\/www.huntersfriend.eu\/de\/wp-json\/wp\/v2\/product_brand?post=282303"},{"taxonomy":"product_cat","embeddable":true,"href":"https:\/\/www.huntersfriend.eu\/de\/wp-json\/wp\/v2\/product_cat?post=282303"},{"taxonomy":"product_tag","embeddable":true,"href":"https:\/\/www.huntersfriend.eu\/de\/wp-json\/wp\/v2\/product_tag?post=282303"}],"curies":[{"name":"wp","href":"https:\/\/api.w.org\/{rel}","templated":true}]}}