{"id":282300,"date":"2021-12-21T15:20:11","date_gmt":"2021-12-21T13:20:11","guid":{"rendered":"https:\/\/www.huntersfriend.eu\/product\/garmin-xero-a1i-pro\/"},"modified":"2026-03-31T07:30:26","modified_gmt":"2026-03-31T05:30:26","slug":"garmin-xero-a1i-pro","status":"publish","type":"product","link":"https:\/\/www.huntersfriend.eu\/de\/produkt\/garmin-xero-a1i-pro\/","title":{"rendered":"Garmin xero A1i pro"},"content":{"rendered":"<p id=\"js__product__info__variation\" class=\"app__product__info__subtitle\"><span style=\"font-size: 100%;\">Digitales Zielsystem mit automatischer Entfernungsmessung, zweifarbigen LED-Pins und mikrojustierbaren Schienen. Es ist nicht erforderlich, die Entfernung zum Ziel zu sch\u00e4tzen. Dieses Visier berechnet sie automatisch. Stellen Sie zweifarbige Pins ein, um die richtige Entfernung schnell zu finden. Nehmen Sie pr\u00e4zise Feineinstellungen f\u00fcr ein einfacheres Setup vor. Erstellt automatisch einen Pin-Stapel f\u00fcr die gesch\u00e4tzte Maximaldistanz Ihres Bogens basierend auf Pfeilgeschwindigkeit, Auszugsl\u00e4nge und Pfeildurchmesser. Einfach anzubringen und abzunehmen. Wenn Sie mit Ihrem Bogen reisen, werden Sie die Schnellverschluss-Funktion zu sch\u00e4tzen wissen. Eine einj\u00e4hrige Batterielaufzeit bedeutet mehr Zeit f\u00fcr die Jagd und mehr Vertrauen in Ihren Schuss.        <\/span><\/p>\n<p>Hauptmerkmale:<\/p>\n<ul>\n<li>\n<p class=\"app__feature__card__title light left\" data-test=\"gc__heading\">ANPASSBARE PFEILPROFILE Der Xero A1i PRO speichert Pineinstellungen f\u00fcr mehrere Pfeilkonfigurationen, sodass Sie in Sekundenschnelle von Ihrer \u00dcbungs- zur Jagdkonfiguration wechseln k\u00f6nnen.<\/p>\n<\/li>\n<li>\n<p class=\"app__feature__card__title light left\" data-test=\"gc__heading\">MIKROANPASSUNGEN Mikrojustierbare Schienen erm\u00f6glichen schnelle, pr\u00e4zise \u00c4nderungen f\u00fcr H\u00f6henverstellung, Seitenverstellung und Laserfadenkreuzausrichtung.<\/p>\n<\/li>\n<li>\n<p class=\"app__feature__card__title light left\" data-test=\"gc__heading\">LASER LOCATE\u2122-FUNKTION Unsere Wegpunkt-Projektionsfunktion l\u00e4sst sich mit einem kompatiblen Garmin GPS-Ger\u00e4t (separat erh\u00e4ltlich) koppeln, um den exakten Standort des Ziels anzuzeigen, wenn der Schuss oder die Entfernungsmessung erfolgte.<\/p>\n<\/li>\n<li>\n<p class=\"app__feature__card__title light left\" data-test=\"gc__heading\">AUTOMATISCHER PIN-STAPEL Kalibrieren Sie Ihren 20-Yard-Pin, geben Sie Ihre Bogengeschwindigkeit, Auszugsl\u00e4nge und den Pfeildurchmesser ein, und der Xero A1i PRO erstellt automatisch einen Pin-Stapel bis zur gesch\u00e4tzten Maximaldistanz Ihres Bogens.<\/p>\n<\/li>\n<li>\n<p class=\"app__feature__card__title light left\" data-test=\"gc__heading\">SCHNELLVERSCHLUSS-FUNKTION Entfernen Sie das Bogenvisier einfach f\u00fcr Reisen und bringen Sie es in Sekundenschnelle wieder in seiner urspr\u00fcnglichen Position an, wenn Sie es verwenden m\u00f6chten.<\/p>\n<\/li>\n<li>\n<p class=\"app__feature__card__title light left\" data-test=\"gc__heading\">ZWEIFARBIGE LED-PINS Identifizieren Sie voreingestellte Entfernungen leicht durch die Verwendung alternierender Pinfarben f\u00fcr fixe Pins.<\/p>\n<\/li>\n<li>\n<p class=\"app__feature__card__title light left\" data-test=\"gc__heading\">LASER-ENTFERNUNGSMESSER Erhalten Sie sofort winkelkompensierte Entfernungen zu Wild bis zu 100 Yards oder zu reflektierenden Zielen bis zu 300 Yards.<\/p>\n<\/li>\n<li>\n<p class=\"app__feature__card__title light left\" data-test=\"gc__heading\">DYNAMISCHE WASSERWAAGE Sehen Sie die Nivellierungsinformationen direkt neben dem Pin mit variabler Empfindlichkeit basierend auf der Schussdistanz, sodass Sie Ihren Fokus nicht verschieben m\u00fcssen, um zu \u00fcberpr\u00fcfen, ob Ihr Schuss waagerecht ist.<\/p>\n<\/li>\n<li>\n<p class=\"app__feature__card__title light left\" data-test=\"gc__heading\">FLUGBAHN-APEX Sehen Sie einen blinkenden Pin \u00fcber dem Zielpunkt, der den gesch\u00e4tzten Scheitelpunkt der Flugbahn Ihres Pfeils anzeigt.<\/p>\n<\/li>\n<li>\n<p class=\"app__feature__card__title light left\" data-test=\"gc__heading\">XTRA DISTANCE MODUS In diesem Modus k\u00f6nnen Sie Ihr Visier in einer erweiterten Position einstellen, um Pins f\u00fcr gr\u00f6\u00dfere Entfernungen anzuzeigen.<\/p>\n<\/li>\n<li>\n<p class=\"app__feature__card__title light left\" data-test=\"gc__heading\">GER\u00c4USCHLOSER AUSL\u00d6SER Montieren Sie den Knopf an der f\u00fcr Ihren Griff bequemsten Stelle. Mit minimaler Bewegung, in Ruheposition oder bei vollem Auszug, k\u00f6nnen Sie Entfernungen bis zu 100 Yards zu Wild oder bis zu 300 Yards zu reflektierenden Zielen messen. <\/p>\n<\/li>\n<\/ul>\n<p>&nbsp;<\/p>\n<table>\n<tbody>\n<tr>\n<th scope=\"row\">PHYSISCHE ABMESSUNGEN<\/th>\n<td>9,2&#8243; x 5,0&#8243; x 3,7&#8243; (233,8 x 127,2 x 94,7 mm) (einschlie\u00dflich Ger\u00e4t und Halterung)<\/td>\n<\/tr>\n<tr>\n<th scope=\"row\">DISPLAYGR\u00d6SSE<\/th>\n<td>1,00&#8243;B x 0,42&#8243;H (2,5 x 1,1 cm); 2,0&#8243; Diagonale (5,0 cm)<\/td>\n<\/tr>\n<tr>\n<th scope=\"row\">DISPLAYAUFL\u00d6SUNG<\/th>\n<td>160 x 68 Pixel<\/td>\n<\/tr>\n<tr>\n<th scope=\"row\">DISPLAYTYP<\/th>\n<td>Sonnenlicht-sichtbar, transflektives Memory-in-Pixel (MIP)<\/td>\n<\/tr>\n<tr>\n<th scope=\"row\">GEWICHT<\/th>\n<td>18,0 oz (510,3 g) (einschlie\u00dflich Ger\u00e4t und Halterung)<\/td>\n<\/tr>\n<tr>\n<th scope=\"row\">BATTERIETYP<\/th>\n<td>2 Lithium-AAA-Batterien (im Lieferumfang enthalten)<\/td>\n<\/tr>\n<tr>\n<th scope=\"row\">BATTERIELEBENSDAUER<\/th>\n<td>Bis zu 1 Jahr<\/td>\n<\/tr>\n<tr>\n<th scope=\"row\"><a href=\"http:\/\/www.garmin.com\/waterrating\" target=\"_blank\" rel=\"noopener\">WASSERSCHUTZKLASSE<\/a><\/th>\n<td>IPX7<\/td>\n<\/tr>\n<\/tbody>\n<\/table>\n<p>&nbsp;<\/p>\n<p>Im Lieferumfang enthalten:<\/p>\n<ul>\n<li>Xero A1i PRO Bogenvisier (rechts- oder linksh\u00e4ndig, je nach gew\u00e4hlter Version)<\/li>\n<li>Halterung (Hoyt-Version beinhaltet Picatinny-Montage)<\/li>\n<li>Schutztasche<\/li>\n<li>2 AAA-Lithium-Batterien<\/li>\n<li>3 Inbusschl\u00fcssel<\/li>\n<li>2 Schrauben<\/li>\n<li>Griffband<\/li>\n<li>Micro-USB-Kabel<\/li>\n<li>Dokumentation<\/li>\n<\/ul>\n","protected":false},"excerpt":{"rendered":"<p>Digitales Zielsystem mit automatischer Entfernungsmessung, zweifarbigen LED-Pins und mikrojustierbaren Schienen. Es ist nicht erforderlich, die Entfernung zum Ziel zu sch\u00e4tzen. Dieses Visier berechnet sie automatisch. Stellen Sie zweifarbige Pins ein, um die richtige Entfernung schnell zu finden. Nehmen Sie pr\u00e4zise Feineinstellungen f\u00fcr ein einfacheres Setup vor. Erstellt automatisch einen Pin-Stapel f\u00fcr die gesch\u00e4tzte Maximaldistanz Ihres [&#8230;]\n","protected":false},"featured_media":220519,"comment_status":"open","ping_status":"closed","template":"","meta":[],"product_brand":[],"product_cat":[1145],"product_tag":[],"class_list":{"0":"post-282300","1":"product","2":"type-product","3":"status-publish","4":"has-post-thumbnail","6":"product_cat-sonstiges","8":"first","9":"outofstock","10":"taxable","11":"shipping-taxable","12":"purchasable","13":"product-type-variable"},"composite_virtual":false,"composite_layout":"","composite_add_to_cart_form_location":"","composite_editable_in_cart":false,"composite_sold_individually_context":"","composite_shop_price_calc":"","composite_components":[],"composite_scenarios":[],"group_of_quantity":0,"min_quantity":0,"max_quantity":"","exclude_order_quantity_value_rules":"no","exclude_category_quantity_rules":"no","combine_variations":"no","exclude_global_add_ons":[],"addons":[],"_links":{"self":[{"href":"https:\/\/www.huntersfriend.eu\/de\/wp-json\/wp\/v2\/product\/282300","targetHints":{"allow":["GET"]}}],"collection":[{"href":"https:\/\/www.huntersfriend.eu\/de\/wp-json\/wp\/v2\/product"}],"about":[{"href":"https:\/\/www.huntersfriend.eu\/de\/wp-json\/wp\/v2\/types\/product"}],"replies":[{"embeddable":true,"href":"https:\/\/www.huntersfriend.eu\/de\/wp-json\/wp\/v2\/comments?post=282300"}],"wp:featuredmedia":[{"embeddable":true,"href":"https:\/\/www.huntersfriend.eu\/de\/wp-json\/wp\/v2\/media\/220519"}],"wp:attachment":[{"href":"https:\/\/www.huntersfriend.eu\/de\/wp-json\/wp\/v2\/media?parent=282300"}],"wp:term":[{"taxonomy":"product_brand","embeddable":true,"href":"https:\/\/www.huntersfriend.eu\/de\/wp-json\/wp\/v2\/product_brand?post=282300"},{"taxonomy":"product_cat","embeddable":true,"href":"https:\/\/www.huntersfriend.eu\/de\/wp-json\/wp\/v2\/product_cat?post=282300"},{"taxonomy":"product_tag","embeddable":true,"href":"https:\/\/www.huntersfriend.eu\/de\/wp-json\/wp\/v2\/product_tag?post=282300"}],"curies":[{"name":"wp","href":"https:\/\/api.w.org\/{rel}","templated":true}]}}