{"id":282296,"date":"2021-11-15T12:40:36","date_gmt":"2025-06-23T11:05:48","guid":{"rendered":"https:\/\/www.huntersfriend.eu\/product\/armytek-elf-v2-c1-mikro-usb-warm\/"},"modified":"2025-06-23T13:05:48","modified_gmt":"2025-06-23T11:05:48","slug":"armytek-elf-v2-c1-mikro-usb-warm","status":"publish","type":"product","link":"https:\/\/www.huntersfriend.eu\/de\/produkt\/armytek-elf-v2-c1-mikro-usb-warm\/","title":{"rendered":"Armytek Elf v2 C1 Mikro USB warm"},"content":{"rendered":"<h3>Armytek Elf v2 C1 Mikro USB warm ist eine kompakte Mikro-USB-Multifunktions-Taschenlampe mit Lampenmodus.<\/h3>\n<p><img decoding=\"async\" class=\"size-medium wp-image-227996 aligncenter\" src=\"https:\/\/www.huntersfriend.eu\/app\/uploads\/2021\/11\/Elf-C1_en_warm_1-600x62.png\" alt=\"\" width=\"600\" height=\"62\" srcset=\"https:\/\/www.huntersfriend.eu\/app\/uploads\/2021\/11\/Elf-C1_en_warm_1-600x62.png 600w, https:\/\/www.huntersfriend.eu\/app\/uploads\/2021\/11\/Elf-C1_en_warm_1-768x80.png 768w, https:\/\/www.huntersfriend.eu\/app\/uploads\/2021\/11\/Elf-C1_en_warm_1-300x31.png 300w, https:\/\/www.huntersfriend.eu\/app\/uploads\/2021\/11\/Elf-C1_en_warm_1-200x21.png 200w, https:\/\/www.huntersfriend.eu\/app\/uploads\/2021\/11\/Elf-C1_en_warm_1-190x20.png 190w, https:\/\/www.huntersfriend.eu\/app\/uploads\/2021\/11\/Elf-C1_en_warm_1-750x78.png 750w, https:\/\/www.huntersfriend.eu\/app\/uploads\/2021\/11\/Elf-C1_en_warm_1.png 801w\" sizes=\"(max-width: 600px) 100vw, 600px\" \/><\/p>\n<p>Armytek Elf v2 C1 Mikro USB Warm ist eine kompakte und leichte Multifunktions-Taschenlampe mit einem grundlegenden Satz von Modi und einem Mikro-USB-Ladeger\u00e4t.<\/p>\n<p>Optimales Gewicht, beeindruckende Helligkeit und einfache Bedienung. Die Taschenlampe erm\u00f6glicht eine angenehmere Freizeitgestaltung im Freien f\u00fcr L\u00e4ufer, Bergsteiger, H\u00f6hlenforscher und Angler. <\/p>\n<p>Beeindruckende 930 Lumen in einem Geh\u00e4use mit einem Gewicht von nur 56 Gramm. Elf C1 ist eine ausgezeichnete Haupt- oder zus\u00e4tzliche Lichtquelle f\u00fcr jede t\u00e4gliche Aktivit\u00e4t. Sie k\u00f6nnen die Taschenlampe f\u00fcr einen Abendspaziergang, zur Jagd, zum Angeln oder zum Wandern mitnehmen. Sie nimmt wenig Platz ein, passt leicht in eine Tasche und ben\u00f6tigt w\u00e4hrend 2 Monaten bei minimaler Helligkeit keine Aufladung. Die Taschenlampe funktioniert auch im Lampenmodus &#8211; von einer USB-Stromquelle, ohne Batterie im Inneren. Die Mikro-USB-Buchse macht es \u00fcberfl\u00fcssig, das Ladeger\u00e4t mitzuf\u00fchren: Jedes Mikro-USB-Kabel eignet sich zum Aufladen. Ein leistungsstarker eingebauter Magnet, ein abnehmbarer Clip und eine Kopfhalterung bieten mehrere Befestigungsm\u00f6glichkeiten, und eine zus\u00e4tzliche \u00d6ffnung im Endst\u00fcck macht die Elf C1 zu einer vollwertigen 5-in-1-Multifunktionstaschenlampe.      <\/p>\n<p>Das Geh\u00e4use der Taschenlampe ist kompatibel mit der Fahrradhalterung ABM-01 und der universellen Schutzhelm-Halterung AHM-02.<\/p>\n<h3>Elf C1 \u2014 Multifunktionstaschenlampe 5 in 1<\/h3>\n<p><strong>Stirnlampe<\/strong><\/p>\n<ul>\n<li>Einfache Einhandbedienung, zuverl\u00e4ssige Kopfhalterung<\/li>\n<li>Solides Geh\u00e4use ohne lange Kabel, schwache Gummiverbindungen und unn\u00f6tige K\u00e4sten<\/li>\n<li>Die Taschenlampe l\u00e4sst sich leicht in der Halterung installieren, entfernen und um 180\u00b0 drehen<\/li>\n<\/ul>\n<p><strong>T\u00e4gliches Tragelichtsystem<img decoding=\"async\" class=\"size-full wp-image-227998 alignright\" src=\"https:\/\/www.huntersfriend.eu\/app\/uploads\/2021\/11\/Set-Elf-C2-400x600px_en.png\" alt=\"\" width=\"600\" height=\"400\" srcset=\"https:\/\/www.huntersfriend.eu\/app\/uploads\/2021\/11\/Set-Elf-C2-400x600px_en.png 600w, https:\/\/www.huntersfriend.eu\/app\/uploads\/2021\/11\/Set-Elf-C2-400x600px_en-300x200.png 300w, https:\/\/www.huntersfriend.eu\/app\/uploads\/2021\/11\/Set-Elf-C2-400x600px_en-200x133.png 200w, https:\/\/www.huntersfriend.eu\/app\/uploads\/2021\/11\/Set-Elf-C2-400x600px_en-90x60.png 90w, https:\/\/www.huntersfriend.eu\/app\/uploads\/2021\/11\/Set-Elf-C2-400x600px_en-135x90.png 135w\" sizes=\"(max-width: 600px) 100vw, 600px\" \/><\/strong><\/p>\n<ul>\n<li>Kompaktes Design<\/li>\n<li>Praktischer seitlicher Knopf<\/li>\n<li>Spezielles mattes, abriebfestes Finish ohne grobe R\u00e4ndelung<\/li>\n<li>Starker eingebauter Magnet und abnehmbarer robuster Stahlclip<\/li>\n<\/ul>\n<p><strong>Fahrradbeleuchtung<\/strong><\/p>\n<ul>\n<li>Geh\u00e4use aus haltbarem und leichtem Flugzeug-Aluminium<\/li>\n<li>Verbesserte Sto\u00dffestigkeit, neue Federn f\u00fcr effizientere Taschenlampenleistung und besseren Schutz von Batterie und Treiber<\/li>\n<li>Konstantes Licht ohne Flackern<\/li>\n<li>Optionale Schnellverschluss-Halterung<\/li>\n<\/ul>\n<p><strong>Schl\u00fcsselanh\u00e4nger-Licht<\/strong><\/p>\n<ul>\n<li>Kompakt und leicht f\u00fcr noch bequemeren Transport in der Tasche<\/li>\n<li>Loch f\u00fcr Schl\u00fcsselring oder Trageschlaufe im Endst\u00fcck<\/li>\n<\/ul>\n<p><strong>Lampenmodus<\/strong><\/p>\n<ul>\n<li>Funktioniert ohne Batterien direkt von einer Powerbank oder einem beliebigen USB-Adapter<\/li>\n<\/ul>\n<h3>Technische Daten<\/h3>\n<p><strong>Licht  Optik<\/strong><\/p>\n<ul>\n<li>Farbtemperatur: Warm<\/li>\n<li>LED: Samsung LH351D<\/li>\n<li>Optik: TIR<\/li>\n<li>Lichtleistung, Lumen: 930 lm<\/li>\n<li>Leuchtweite, Meter: 102 m<\/li>\n<li>Art der Helligkeitsstabilisierung: Digital (CPU Helligkeitsregelung)<\/li>\n<li>Hotspot:Streuung: 70\u00b0:120\u00b0<\/li>\n<\/ul>\n<p><strong>Modi<\/strong><\/p>\n<ul>\n<li>Anzahl der Modi: 6<\/li>\n<li>Laufzeit im maximalen Modus: 52 min (493 lm nach 4 min)<\/li>\n<li>Laufzeit im minimalen Modus: 60 d<\/li>\n<li>Stroboskopmodus: Nein<\/li>\n<\/ul>\n<p><strong>Abmessungen  Gewicht<\/strong><\/p>\n<ul>\n<li>Kopfdurchmesser: 33 mm<\/li>\n<li>K\u00f6rperdurchmesser: 20,4 mm<\/li>\n<li>L\u00e4nge: 75,9 mm<\/li>\n<li>Gewicht (ohne Batterie): 56 g<\/li>\n<\/ul>\n<p><strong>K\u00f6rper<\/strong><\/p>\n<ul>\n<li>Material: Flugzeugaluminium<\/li>\n<li>Abriebfeste Oberfl\u00e4che: Premium Typ III Harteloxierung 400HV<\/li>\n<li>Wasser- und Staubschutzklasse: IP68<\/li>\n<li>Sichere Tauchtiefe: 10 m<\/li>\n<li>Sichere Fallh\u00f6he: 10 m<\/li>\n<li>Betriebstemperaturen: -25..+40 \u00b0C<\/li>\n<\/ul>\n<p><strong>Elektronik<\/strong><\/p>\n<ul>\n<li>Batteriekompatibilit\u00e4t: 1&#215;18350 Li-Ion<\/li>\n<li>M\u00f6glichkeit zur Verwendung von Akkus mit PCB: Ja<\/li>\n<li>M\u00f6glichkeit zur Verwendung von Akkus ohne PCB: Ja<\/li>\n<li>Schutz vor versehentlichem Einschalten: Ja<\/li>\n<li>Farbige Batteriestatus-Anzeige: Ja<\/li>\n<li>Anzeige bei niedrigem Akkustand: Ja<\/li>\n<\/ul>\n","protected":false},"excerpt":{"rendered":"<p>Armytek Elf v2 C1 Mikro USB warm ist eine kompakte Mikro-USB-Multifunktions-Taschenlampe mit Lampenmodus. Armytek Elf v2 C1 Mikro USB Warm ist eine kompakte und leichte Multifunktions-Taschenlampe mit einem grundlegenden Satz von Modi und einem Mikro-USB-Ladeger\u00e4t. Optimales Gewicht, beeindruckende Helligkeit und einfache Bedienung. Die Taschenlampe erm\u00f6glicht eine angenehmere Freizeitgestaltung im Freien f\u00fcr L\u00e4ufer, Bergsteiger, H\u00f6hlenforscher und [&#8230;]\n","protected":false},"featured_media":228017,"comment_status":"open","ping_status":"closed","template":"","meta":[],"product_brand":[],"product_cat":[1408],"product_tag":[],"class_list":{"0":"post-282296","1":"product","2":"type-product","3":"status-publish","4":"has-post-thumbnail","6":"product_cat-jagdlampen","8":"first","9":"onbackorder","10":"taxable","11":"shipping-taxable","12":"purchasable","13":"product-type-simple"},"composite_virtual":false,"composite_layout":"","composite_add_to_cart_form_location":"","composite_editable_in_cart":false,"composite_sold_individually_context":"","composite_shop_price_calc":"","composite_components":[],"composite_scenarios":[],"group_of_quantity":0,"min_quantity":0,"max_quantity":"","exclude_order_quantity_value_rules":"no","exclude_category_quantity_rules":"no","combine_variations":"no","exclude_global_add_ons":[],"addons":[],"_links":{"self":[{"href":"https:\/\/www.huntersfriend.eu\/de\/wp-json\/wp\/v2\/product\/282296","targetHints":{"allow":["GET"]}}],"collection":[{"href":"https:\/\/www.huntersfriend.eu\/de\/wp-json\/wp\/v2\/product"}],"about":[{"href":"https:\/\/www.huntersfriend.eu\/de\/wp-json\/wp\/v2\/types\/product"}],"replies":[{"embeddable":true,"href":"https:\/\/www.huntersfriend.eu\/de\/wp-json\/wp\/v2\/comments?post=282296"}],"wp:featuredmedia":[{"embeddable":true,"href":"https:\/\/www.huntersfriend.eu\/de\/wp-json\/wp\/v2\/media\/228017"}],"wp:attachment":[{"href":"https:\/\/www.huntersfriend.eu\/de\/wp-json\/wp\/v2\/media?parent=282296"}],"wp:term":[{"taxonomy":"product_brand","embeddable":true,"href":"https:\/\/www.huntersfriend.eu\/de\/wp-json\/wp\/v2\/product_brand?post=282296"},{"taxonomy":"product_cat","embeddable":true,"href":"https:\/\/www.huntersfriend.eu\/de\/wp-json\/wp\/v2\/product_cat?post=282296"},{"taxonomy":"product_tag","embeddable":true,"href":"https:\/\/www.huntersfriend.eu\/de\/wp-json\/wp\/v2\/product_tag?post=282296"}],"curies":[{"name":"wp","href":"https:\/\/api.w.org\/{rel}","templated":true}]}}