{"id":282295,"date":"2021-11-15T12:40:35","date_gmt":"2025-06-23T11:05:47","guid":{"rendered":"https:\/\/www.huntersfriend.eu\/product\/armytek-predator-v3-5-pro-magnet-usb-warm\/"},"modified":"2026-02-25T10:36:10","modified_gmt":"2026-02-25T08:36:10","slug":"armytek-predator-v3-5-pro-magnet-usb-warm","status":"publish","type":"product","link":"https:\/\/www.huntersfriend.eu\/de\/produkt\/armytek-predator-v3-5-pro-magnet-usb-warm\/","title":{"rendered":"Armytek Predator V3.5 Pro Magnet USB warm"},"content":{"rendered":"<p>Armytek Predator V3.5 Pro Magnet USB Warm ist die Taschenlampe mit der gr\u00f6\u00dften Reichweite von Armytek, jetzt mit magnetischem Ladeger\u00e4t.<\/p>\n<p><img decoding=\"async\" class=\"size-medium wp-image-228032 aligncenter\" src=\"https:\/\/www.huntersfriend.eu\/app\/uploads\/2021\/11\/Kuva-600x84.jpg\" alt=\"\" width=\"600\" height=\"84\" srcset=\"https:\/\/www.huntersfriend.eu\/app\/uploads\/2021\/11\/Kuva-600x84.jpg 600w, https:\/\/www.huntersfriend.eu\/app\/uploads\/2021\/11\/Kuva-300x42.jpg 300w, https:\/\/www.huntersfriend.eu\/app\/uploads\/2021\/11\/Kuva-200x28.jpg 200w, https:\/\/www.huntersfriend.eu\/app\/uploads\/2021\/11\/Kuva-190x26.jpg 190w, https:\/\/www.huntersfriend.eu\/app\/uploads\/2021\/11\/Kuva-646x90.jpg 646w, https:\/\/www.huntersfriend.eu\/app\/uploads\/2021\/11\/Kuva.jpg 703w\" sizes=\"(max-width: 600px) 100vw, 600px\" \/><\/p>\n<p>Armytek Predator V3.5 Pro Magnet USB Warm ist ein taktisches Modell mit schmalem Strahl und beeindruckender Reichweite f\u00fcr spezielle Aufgaben und die Jagd. Die Taschenlampe der neuen Generation hat die besten Eigenschaften der Vorg\u00e4ngerversion beibehalten und gleichzeitig ein hochmodernes Update erhalten. <\/p>\n<p>Der klare zentrale Lichtpunkt mit minimaler Streuung erm\u00f6glicht die Beleuchtung von Objekten in einer Entfernung von bis zu 494 Metern. Ideal f\u00fcr den Einsatz in einer Entfernung von 100-300 Metern. Die Taschenlampe wird mit einem schnellen magnetischen Ladeger\u00e4t und einem 18650 Li-Ionen-Akku mit 3500 mAh geliefert. Sie kann sofort verwendet und von jeder USB-Stromquelle aufgeladen werden: einem Wand- oder Autoladeger\u00e4t sowie einer Powerbank.   <\/p>\n<p>Silikongriff, ger\u00e4uschloser taktischer Endschalter, Kompatibilit\u00e4t mit allen Waffenhalterungen, originale Fernschalter und Farbfilter: Das durchdachte Design garantiert die effizienteste taktische Anwendung.<\/p>\n<p>Durchdachtes Zubeh\u00f6rset verf\u00fcgbar.<\/p>\n<p><strong>Griff<\/strong><\/p>\n<ul>\n<li>Ergonomischer, verletzungssicherer Silikongriff f\u00fcr bequemen taktischen Halt<\/li>\n<\/ul>\n<p><strong>Holster<img decoding=\"async\" class=\"size-full wp-image-228034 alignright\" src=\"https:\/\/www.huntersfriend.eu\/app\/uploads\/2021\/11\/Predator_v3.5_Pro-Set-EN.jpg\" alt=\"\" width=\"600\" height=\"400\" srcset=\"https:\/\/www.huntersfriend.eu\/app\/uploads\/2021\/11\/Predator_v3.5_Pro-Set-EN.jpg 600w, https:\/\/www.huntersfriend.eu\/app\/uploads\/2021\/11\/Predator_v3.5_Pro-Set-EN-300x200.jpg 300w, https:\/\/www.huntersfriend.eu\/app\/uploads\/2021\/11\/Predator_v3.5_Pro-Set-EN-200x133.jpg 200w, https:\/\/www.huntersfriend.eu\/app\/uploads\/2021\/11\/Predator_v3.5_Pro-Set-EN-90x60.jpg 90w, https:\/\/www.huntersfriend.eu\/app\/uploads\/2021\/11\/Predator_v3.5_Pro-Set-EN-135x90.jpg 135w\" sizes=\"(max-width: 600px) 100vw, 600px\" \/><\/strong><\/p>\n<ul>\n<li>Robustes Nylonholster mit mehreren Befestigungsm\u00f6glichkeiten: an einem G\u00fcrtel beliebiger Breite, an einer Molle-Halterung, an der Ausr\u00fcstung dank eines stabilen Stahlrings<\/li>\n<\/ul>\n<p><strong>Clip<\/strong><\/p>\n<ul>\n<li>Stahlclip mit verschlei\u00dffester schwarzer Titanbeschichtung zur Befestigung an Kleidung, Ausr\u00fcstung oder G\u00fcrtel<\/li>\n<\/ul>\n<p><strong>Trageriemen<\/strong><\/p>\n<ul>\n<li>Gr\u00f6\u00dfenverstellbares Handgelenksband aus robustem Paracord und Stahlkarabiner f\u00fcr schnelles Abnehmen und Anbringen an der Taschenlampe<\/li>\n<\/ul>\n<h3>Technische Daten<\/h3>\n<p><strong>Licht  Optik<\/strong><\/p>\n<ul>\n<li>Farbtemperatur: Warm<\/li>\n<li>LED: Cree XHP35HI<\/li>\n<li>Optik: Glatter Reflektor<\/li>\n<li>Lichtleistung, Lumen: 1400 lm<\/li>\n<li>Leuchtweite, Meter: 494 m<\/li>\n<li>Art der Helligkeitsstabilisierung: Vollst\u00e4ndig (konstantes Licht)<\/li>\n<li>Hotspot:Streuung: 5\u00b0:40\u00b0<\/li>\n<\/ul>\n<p><strong>Modi<\/strong><\/p>\n<ul>\n<li>Anzahl der Modi: 6<\/li>\n<li>Laufzeit im maximalen Modus: 1 Std. 33 Min. (650 lm nach 3 Min.)<\/li>\n<li>Laufzeit im minimalen Modus: 32 Std.<\/li>\n<li>Stroboskopmodus: Ja<\/li>\n<\/ul>\n<p><strong>Abmessungen  Gewicht<\/strong><\/p>\n<ul>\n<li>Kopfdurchmesser: 41 mm<\/li>\n<li>Geh\u00e4usedurchmesser: 25,4 mm<\/li>\n<li>L\u00e4nge: 160 mm<\/li>\n<li>Gewicht (ohne Akku): 136 g<\/li>\n<\/ul>\n<p><strong>K\u00f6rper<\/strong><\/p>\n<ul>\n<li>Material: Flugzeugaluminium<\/li>\n<li>Abriebfeste Oberfl\u00e4che: Premium Typ III Harteloxierung 400HV<\/li>\n<li>Wasser- und Staubschutzklasse: IP68<\/li>\n<li>Sichere Tauchtiefe: 25 m<\/li>\n<li>Sichere Fallh\u00f6he: 25 m<\/li>\n<li>Betriebstemperaturen: -40..+40 \u00b0C<\/li>\n<\/ul>\n<p><strong>Elektronik<\/strong><\/p>\n<ul>\n<li>Akkukompatibilit\u00e4t: 1&#215;18650 Li-Ion<\/li>\n<li>M\u00f6glichkeit zur Verwendung von Akkus mit PCB: Ja<\/li>\n<li>M\u00f6glichkeit zur Verwendung von Akkus ohne PCB: Ja<\/li>\n<li>Schutz vor versehentlichem Einschalten: Ja<\/li>\n<li>Farbige Akkuzustandsanzeige: Nein<\/li>\n<li>Anzeige bei niedrigem Akkustand: Ja<\/li>\n<\/ul>\n","protected":false},"excerpt":{"rendered":"<p>Armytek Predator V3.5 Pro Magnet USB Warm ist die Taschenlampe mit der gr\u00f6\u00dften Reichweite von Armytek, jetzt mit magnetischem Ladeger\u00e4t. Armytek Predator V3.5 Pro Magnet USB Warm ist ein taktisches Modell mit schmalem Strahl und beeindruckender Reichweite f\u00fcr spezielle Aufgaben und die Jagd. Die Taschenlampe der neuen Generation hat die besten Eigenschaften der Vorg\u00e4ngerversion beibehalten [&#8230;]\n","protected":false},"featured_media":228018,"comment_status":"open","ping_status":"closed","template":"","meta":[],"product_brand":[],"product_cat":[2525],"product_tag":[],"class_list":{"0":"post-282295","1":"product","2":"type-product","3":"status-publish","4":"has-post-thumbnail","6":"product_cat-jaktlampor","8":"first","9":"instock","10":"taxable","11":"shipping-taxable","12":"purchasable","13":"product-type-simple"},"composite_virtual":false,"composite_layout":"","composite_add_to_cart_form_location":"","composite_editable_in_cart":false,"composite_sold_individually_context":"","composite_shop_price_calc":"","composite_components":[],"composite_scenarios":[],"group_of_quantity":0,"min_quantity":0,"max_quantity":"","exclude_order_quantity_value_rules":"no","exclude_category_quantity_rules":"no","combine_variations":"no","exclude_global_add_ons":[],"addons":[],"_links":{"self":[{"href":"https:\/\/www.huntersfriend.eu\/de\/wp-json\/wp\/v2\/product\/282295","targetHints":{"allow":["GET"]}}],"collection":[{"href":"https:\/\/www.huntersfriend.eu\/de\/wp-json\/wp\/v2\/product"}],"about":[{"href":"https:\/\/www.huntersfriend.eu\/de\/wp-json\/wp\/v2\/types\/product"}],"replies":[{"embeddable":true,"href":"https:\/\/www.huntersfriend.eu\/de\/wp-json\/wp\/v2\/comments?post=282295"}],"wp:featuredmedia":[{"embeddable":true,"href":"https:\/\/www.huntersfriend.eu\/de\/wp-json\/wp\/v2\/media\/228018"}],"wp:attachment":[{"href":"https:\/\/www.huntersfriend.eu\/de\/wp-json\/wp\/v2\/media?parent=282295"}],"wp:term":[{"taxonomy":"product_brand","embeddable":true,"href":"https:\/\/www.huntersfriend.eu\/de\/wp-json\/wp\/v2\/product_brand?post=282295"},{"taxonomy":"product_cat","embeddable":true,"href":"https:\/\/www.huntersfriend.eu\/de\/wp-json\/wp\/v2\/product_cat?post=282295"},{"taxonomy":"product_tag","embeddable":true,"href":"https:\/\/www.huntersfriend.eu\/de\/wp-json\/wp\/v2\/product_tag?post=282295"}],"curies":[{"name":"wp","href":"https:\/\/api.w.org\/{rel}","templated":true}]}}