{"id":282293,"date":"2022-03-24T13:40:57","date_gmt":"2022-03-24T11:40:57","guid":{"rendered":"https:\/\/www.huntersfriend.eu\/product\/scentlok-be1-ultimate-kopfbedeckung-mossy-oak\/"},"modified":"2025-12-15T08:39:28","modified_gmt":"2025-12-15T06:39:28","slug":"scentlok-be1-ultimate-kopfbedeckung-mossy-oak","status":"publish","type":"product","link":"https:\/\/www.huntersfriend.eu\/de\/produkt\/scentlok-be1-ultimate-kopfbedeckung-mossy-oak\/","title":{"rendered":"Scentlok BE:1 Ultimate Kopfbedeckung &#8211; Mossy Oak"},"content":{"rendered":"<p>Die Bowhunter Elite:1 Ultimate Kopfbedeckung ist vielseitig genug, um sowohl an k\u00fchlen Tagen der fr\u00fchen Saison als auch bei milden Jagden in der sp\u00e4ten Saison eingesetzt zu werden.<\/p>\n<ul>\n<li><strong>Carbon Alloy\u2122 Technologie<\/strong><br \/>\nF\u00fcr maximale Geruchsadsorption &amp; Geruchskontrolle<\/li>\n<li><strong>Feuchtigkeitsableitend<\/strong><br \/>\nH\u00e4lt Sie k\u00fchl &amp; trocken<\/li>\n<li><strong>Hochwertiges, glattes Polyester-Strickgewebe<\/strong><br \/>\nF\u00fcr ultimativen Komfort<\/li>\n<li><strong>Hinterer Nockenverschluss<\/strong><br \/>\nGew\u00e4hrleistet eine sichere Passform<\/li>\n<li><strong>Netzstoffeins\u00e4tze an den Ohren<\/strong><br \/>\nF\u00fcr Komfort &amp; W\u00e4rme<\/li>\n<li><strong>Integriertes Kappendesign<\/strong><br \/>\nF\u00fcr Bequemlichkeit<\/li>\n<\/ul>\n","protected":false},"excerpt":{"rendered":"<p>Bowhunter Elite Kopfbedeckung. Mossy Oak Terra Gila<\/p>\n","protected":false},"featured_media":229893,"comment_status":"open","ping_status":"closed","template":"","meta":[],"product_brand":[],"product_cat":[1145],"product_tag":[],"class_list":{"0":"post-282293","1":"product","2":"type-product","3":"status-publish","4":"has-post-thumbnail","6":"product_cat-sonstiges","8":"first","9":"outofstock","10":"sale","11":"taxable","12":"shipping-taxable","13":"purchasable","14":"product-type-simple"},"composite_virtual":false,"composite_layout":"","composite_add_to_cart_form_location":"","composite_editable_in_cart":false,"composite_sold_individually_context":"","composite_shop_price_calc":"","composite_components":[],"composite_scenarios":[],"group_of_quantity":0,"min_quantity":0,"max_quantity":"","exclude_order_quantity_value_rules":"no","exclude_category_quantity_rules":"no","combine_variations":"no","exclude_global_add_ons":[],"addons":[],"_links":{"self":[{"href":"https:\/\/www.huntersfriend.eu\/de\/wp-json\/wp\/v2\/product\/282293","targetHints":{"allow":["GET"]}}],"collection":[{"href":"https:\/\/www.huntersfriend.eu\/de\/wp-json\/wp\/v2\/product"}],"about":[{"href":"https:\/\/www.huntersfriend.eu\/de\/wp-json\/wp\/v2\/types\/product"}],"replies":[{"embeddable":true,"href":"https:\/\/www.huntersfriend.eu\/de\/wp-json\/wp\/v2\/comments?post=282293"}],"wp:featuredmedia":[{"embeddable":true,"href":"https:\/\/www.huntersfriend.eu\/de\/wp-json\/wp\/v2\/media\/229893"}],"wp:attachment":[{"href":"https:\/\/www.huntersfriend.eu\/de\/wp-json\/wp\/v2\/media?parent=282293"}],"wp:term":[{"taxonomy":"product_brand","embeddable":true,"href":"https:\/\/www.huntersfriend.eu\/de\/wp-json\/wp\/v2\/product_brand?post=282293"},{"taxonomy":"product_cat","embeddable":true,"href":"https:\/\/www.huntersfriend.eu\/de\/wp-json\/wp\/v2\/product_cat?post=282293"},{"taxonomy":"product_tag","embeddable":true,"href":"https:\/\/www.huntersfriend.eu\/de\/wp-json\/wp\/v2\/product_tag?post=282293"}],"curies":[{"name":"wp","href":"https:\/\/api.w.org\/{rel}","templated":true}]}}