{"id":282282,"date":"2022-03-24T13:40:57","date_gmt":"2025-06-23T10:55:42","guid":{"rendered":"https:\/\/www.huntersfriend.eu\/product\/scentlok-be1-kopfbedeckung-mossy-oak\/"},"modified":"2025-06-23T12:55:42","modified_gmt":"2025-06-23T10:55:42","slug":"scentlok-be1-kopfbedeckung-mossy-oak","status":"publish","type":"product","link":"https:\/\/www.huntersfriend.eu\/de\/produkt\/scentlok-be1-kopfbedeckung-mossy-oak\/","title":{"rendered":"Scentlok BE:1 Kopfbedeckung &#8211; Mossy Oak"},"content":{"rendered":"<p>Die Bowhunter Elite:1 Kopfbedeckung ist vielseitig genug, um sowohl an k\u00fchlen Tagen zu Beginn der Jagdsaison als auch bei milden Jagden am Ende der Saison eingesetzt zu werden. Die gro\u00dfe \u00d6ffnung bietet maximale Sicht, H\u00f6rbarkeit und Komfort. <\/p>\n<ul>\n<li><strong>Carbon Alloy\u2122 Technologie<\/strong><br \/>\nF\u00fcr maximale Geruchsadsorption &amp; Geruchskontrolle<\/li>\n<li><strong>Feuchtigkeitsableitend<\/strong><br \/>\nH\u00e4lt Sie k\u00fchl &amp; trocken<\/li>\n<li><strong>Hochwertiges, glattes Polyester-Strickgewebe<\/strong><br \/>\nF\u00fcr ultimativen Komfort<\/li>\n<li><strong>Konturierte Gesichtsmaskenpartie<\/strong><br \/>\nBietet eine nat\u00fcrliche Passform<\/li>\n<li><strong>Klappbare Gesichtsmaske<\/strong><br \/>\nErm\u00f6glicht einfache Bewegungen<\/li>\n<li><strong>Integrierte M\u00fctze<\/strong><br \/>\nF\u00fcr Bequemlichkeit<\/li>\n<\/ul>\n","protected":false},"excerpt":{"rendered":"<p>Bowhunter Elite Kopfbedeckung. Mossy Oak Terra Gila<\/p>\n","protected":false},"featured_media":229903,"comment_status":"open","ping_status":"closed","template":"","meta":[],"product_brand":[],"product_cat":[1145],"product_tag":[],"class_list":{"0":"post-282282","1":"product","2":"type-product","3":"status-publish","4":"has-post-thumbnail","6":"product_cat-sonstiges","8":"first","9":"outofstock","10":"sale","11":"taxable","12":"shipping-taxable","13":"purchasable","14":"product-type-simple"},"composite_virtual":false,"composite_layout":"","composite_add_to_cart_form_location":"","composite_editable_in_cart":false,"composite_sold_individually_context":"","composite_shop_price_calc":"","composite_components":[],"composite_scenarios":[],"group_of_quantity":0,"min_quantity":0,"max_quantity":"","exclude_order_quantity_value_rules":"no","exclude_category_quantity_rules":"no","combine_variations":"no","exclude_global_add_ons":[],"addons":[],"_links":{"self":[{"href":"https:\/\/www.huntersfriend.eu\/de\/wp-json\/wp\/v2\/product\/282282","targetHints":{"allow":["GET"]}}],"collection":[{"href":"https:\/\/www.huntersfriend.eu\/de\/wp-json\/wp\/v2\/product"}],"about":[{"href":"https:\/\/www.huntersfriend.eu\/de\/wp-json\/wp\/v2\/types\/product"}],"replies":[{"embeddable":true,"href":"https:\/\/www.huntersfriend.eu\/de\/wp-json\/wp\/v2\/comments?post=282282"}],"wp:featuredmedia":[{"embeddable":true,"href":"https:\/\/www.huntersfriend.eu\/de\/wp-json\/wp\/v2\/media\/229903"}],"wp:attachment":[{"href":"https:\/\/www.huntersfriend.eu\/de\/wp-json\/wp\/v2\/media?parent=282282"}],"wp:term":[{"taxonomy":"product_brand","embeddable":true,"href":"https:\/\/www.huntersfriend.eu\/de\/wp-json\/wp\/v2\/product_brand?post=282282"},{"taxonomy":"product_cat","embeddable":true,"href":"https:\/\/www.huntersfriend.eu\/de\/wp-json\/wp\/v2\/product_cat?post=282282"},{"taxonomy":"product_tag","embeddable":true,"href":"https:\/\/www.huntersfriend.eu\/de\/wp-json\/wp\/v2\/product_tag?post=282282"}],"curies":[{"name":"wp","href":"https:\/\/api.w.org\/{rel}","templated":true}]}}