{"id":282272,"date":"2022-05-23T09:51:57","date_gmt":"2022-05-23T07:51:57","guid":{"rendered":"https:\/\/www.huntersfriend.eu\/product\/sitka-stratus-jacke-optifade-elevated-ii\/"},"modified":"2025-10-27T21:21:43","modified_gmt":"2025-10-27T19:21:43","slug":"sitka-stratus-jacke-optifade-elevated-ii","status":"publish","type":"product","link":"https:\/\/www.huntersfriend.eu\/de\/produkt\/sitka-stratus-jacke-optifade-elevated-ii\/","title":{"rendered":"SITKA Stratus Jacke (Optifade Elevated II)"},"content":{"rendered":"<p>Die Stratus Jacke unterst\u00fctzt Sie an langen, k\u00fchlen Tagen auf dem Hochsitz. Diese vielseitige Jacke ist dank einer GORE-TEX INFINIUM\u2122 WINDSTOPPER\u00ae Technologie-Membran, die zwischen warmem und ger\u00e4uscharmem Micro-Grid-Fleece eingebettet ist, zu 100% winddicht und \u00e4u\u00dferst leise. Eine abnehmbare Kapuze mit speziellen H\u00f6r\u00f6ffnungen verbessert die F\u00e4higkeit, sich n\u00e4herndes Wild zu h\u00f6ren, und doppellagige PolarTec\u00ae Alpha\u00ae Direct-Paneele speichern die W\u00e4rme. Der innovative Constant-Connect SITKA\u00ae Sicherheitsgurt-Durchlass mit Cobrax\u00ae sicherem Schiebe-Verschluss und Magnetverschluss macht es \u00fcberfl\u00fcssig, sich beim Hinzuf\u00fcgen oder Entfernen von Ausr\u00fcstung vom Gurt zu l\u00f6sen, was Sie auf dem Hochsitz sicherer und leiser macht. Die Jacke ist komfortabel genug, um bis in die Mitte der Saison eigenst\u00e4ndig getragen zu werden, aber auch f\u00fcr eine Isolierung unter Schichten geeignet, um Sie bis weit in den November hinein zu begleiten.    <\/p>\n<ul class=\"HeroSpecs__list\">\n<li>\n<p class=\"Hero-desc\"><strong>GORE\u2122 OPTIFADE\u2122 Concealment Elevated II <\/strong>ist f\u00fcr Wei\u00dfwedelhirschj\u00e4ger in erh\u00f6hter Position konzipiert.<\/p>\n<\/li>\n<li>\n<p class=\"Hero-desc\"><strong>Gewicht:<\/strong> 677 g \/\/ Gr\u00f6\u00dfe L<\/p>\n<\/li>\n<li>\n<p class=\"Hero-desc\">Warmes Mikrofleece mit GORE-TEX INFINIUM mit WINDSTOPPER Technologie<\/p>\n<\/li>\n<li>\n<p class=\"Hero-desc\">Constant-Connect SITKA Sicherheitsgurt-Durchlass<\/p>\n<\/li>\n<li>\n<p class=\"Hero-desc\">Abnehmbare Kapuze mit direkten H\u00f6rkan\u00e4len<\/p>\n<\/li>\n<li>\n<p class=\"Hero-desc\">Schnellzugriffshalter f\u00fcr Lockinstrument<\/p>\n<\/li>\n<li>\n<p class=\"Hero-desc\">YKK Rei\u00dfverschl\u00fcsse an Brust- und Handtaschen<\/p>\n<\/li>\n<li>Dauerhaft wasserabweisende Oberfl\u00e4che<\/li>\n<\/ul>\n<p><a href=\"https:\/\/www.huntersfriend.eu\/app\/uploads\/2022\/05\/Sitka-miesten-kokoatulukko.jpg\"><img decoding=\"async\" class=\"alignnone wp-image-231001 size-medium\" src=\"https:\/\/www.huntersfriend.eu\/app\/uploads\/2022\/05\/Sitka-miesten-kokoatulukko-600x371.jpg\" alt=\"\" width=\"600\" height=\"371\" srcset=\"https:\/\/www.huntersfriend.eu\/app\/uploads\/2022\/05\/Sitka-miesten-kokoatulukko-600x371.jpg 600w, https:\/\/www.huntersfriend.eu\/app\/uploads\/2022\/05\/Sitka-miesten-kokoatulukko-768x475.jpg 768w, https:\/\/www.huntersfriend.eu\/app\/uploads\/2022\/05\/Sitka-miesten-kokoatulukko-300x186.jpg 300w, https:\/\/www.huntersfriend.eu\/app\/uploads\/2022\/05\/Sitka-miesten-kokoatulukko-200x124.jpg 200w, https:\/\/www.huntersfriend.eu\/app\/uploads\/2022\/05\/Sitka-miesten-kokoatulukko-97x60.jpg 97w, https:\/\/www.huntersfriend.eu\/app\/uploads\/2022\/05\/Sitka-miesten-kokoatulukko-146x90.jpg 146w, https:\/\/www.huntersfriend.eu\/app\/uploads\/2022\/05\/Sitka-miesten-kokoatulukko.jpg 970w\" sizes=\"(max-width: 600px) 100vw, 600px\" \/><\/a><\/p>\n","protected":false},"excerpt":{"rendered":"<p>Warme Jagdjacke, speziell f\u00fcr die Hochsitzjagd konzipiert.<\/p>\n<p><a href=\"https:\/\/www.huntersfriend.eu\/app\/uploads\/2022\/05\/Sitka-miesten-kokoatulukko.jpg\"><strong>Gr\u00f6\u00dfentabelle<\/strong><\/a><\/p>\n","protected":false},"featured_media":229476,"comment_status":"open","ping_status":"closed","template":"","meta":[],"product_brand":[],"product_cat":[1384,1222],"product_tag":[],"class_list":{"0":"post-282272","1":"product","2":"type-product","3":"status-publish","4":"has-post-thumbnail","6":"product_cat-jacken","7":"product_cat-sonderangebote","9":"first","10":"outofstock","11":"sale","12":"taxable","13":"shipping-taxable","14":"purchasable","15":"product-type-variable"},"composite_virtual":false,"composite_layout":"","composite_add_to_cart_form_location":"","composite_editable_in_cart":false,"composite_sold_individually_context":"","composite_shop_price_calc":"","composite_components":[],"composite_scenarios":[],"group_of_quantity":0,"min_quantity":0,"max_quantity":"","exclude_order_quantity_value_rules":"no","exclude_category_quantity_rules":"no","combine_variations":"no","exclude_global_add_ons":[],"addons":[],"_links":{"self":[{"href":"https:\/\/www.huntersfriend.eu\/de\/wp-json\/wp\/v2\/product\/282272","targetHints":{"allow":["GET"]}}],"collection":[{"href":"https:\/\/www.huntersfriend.eu\/de\/wp-json\/wp\/v2\/product"}],"about":[{"href":"https:\/\/www.huntersfriend.eu\/de\/wp-json\/wp\/v2\/types\/product"}],"replies":[{"embeddable":true,"href":"https:\/\/www.huntersfriend.eu\/de\/wp-json\/wp\/v2\/comments?post=282272"}],"wp:featuredmedia":[{"embeddable":true,"href":"https:\/\/www.huntersfriend.eu\/de\/wp-json\/wp\/v2\/media\/229476"}],"wp:attachment":[{"href":"https:\/\/www.huntersfriend.eu\/de\/wp-json\/wp\/v2\/media?parent=282272"}],"wp:term":[{"taxonomy":"product_brand","embeddable":true,"href":"https:\/\/www.huntersfriend.eu\/de\/wp-json\/wp\/v2\/product_brand?post=282272"},{"taxonomy":"product_cat","embeddable":true,"href":"https:\/\/www.huntersfriend.eu\/de\/wp-json\/wp\/v2\/product_cat?post=282272"},{"taxonomy":"product_tag","embeddable":true,"href":"https:\/\/www.huntersfriend.eu\/de\/wp-json\/wp\/v2\/product_tag?post=282272"}],"curies":[{"name":"wp","href":"https:\/\/api.w.org\/{rel}","templated":true}]}}