{"id":282271,"date":"2022-05-23T09:01:07","date_gmt":"2022-05-23T07:01:07","guid":{"rendered":"https:\/\/www.huntersfriend.eu\/product\/scentlok-be1-fortress-jacke-mossy-oak-terra-gila\/"},"modified":"2025-08-27T11:05:00","modified_gmt":"2025-08-27T09:05:00","slug":"scentlok-be1-fortress-jacke-mossy-oak-terra-gila","status":"publish","type":"product","link":"https:\/\/www.huntersfriend.eu\/de\/produkt\/scentlok-be1-fortress-jacke-mossy-oak-terra-gila\/","title":{"rendered":"Scentlok BE:1 Fortress Jacke &#8211; Mossy Oak Terra Gila"},"content":{"rendered":"<p>Um in den Extremsituationen der sp\u00e4ten Saison erfolgreich zu sein, ist es erforderlich, alle Register zu ziehen. \u00dcberlassen Sie nichts dem Zufall; die ScentLok Bowhunter Elite Series Fortress Parka erm\u00f6glicht es Bogenj\u00e4gern nicht nur, die eisigen Temperaturen, bei\u00dfenden Winde sowie den peitschenden Schnee, Eis und Graupel der sp\u00e4ten Saison zu ertragen, sondern darin zu gedeihen. <\/p>\n<p>Die BE:1 Fortress Parka, konzipiert und gefertigt f\u00fcr Elite-Bogenj\u00e4ger, die bereit sind, die n\u00f6tige Zeit zu investieren, um gro\u00dfgeh\u00f6rnte B\u00f6cke zu \u00fcberlisten, verf\u00fcgt \u00fcber eine zu 100% wasserdichte, winddichte und atmungsaktive Konstruktion. Sie zeichnet sich durch ein weiches, ger\u00e4uscharmes und flexibles Au\u00dfenmaterial aus geb\u00fcrstetem Fleece, thermisch abgestimmte Primaloft<sup>TM<\/sup> Silver Isolierung f\u00fcr optimale W\u00e4rme und die firmeneigene ScentLok Carbon Alloy<sup>TM<\/sup> Technologie f\u00fcr maximale Geruchsadsorption aus. Speziell auf optimale Bogenjagdleistung zugeschnitten, ist die BE:1 Fortress Parka mit Kompression und Formgebung f\u00fcr minimalen Umfang, zehn Taschen zum Verstauen von Ausr\u00fcstung und zum W\u00e4rmen der H\u00e4nde sowie einer verdeckten \u00d6ffnung ausgestattet, um den Sicherheitsgurt sicher und nah am K\u00f6rper zu halten und gleichzeitig maximale Geruchskontrolle zu gew\u00e4hrleisten. \u00c4u\u00dferst bogenschussfreundlich sorgen die artikulierten Ellbogen der BE:1 Fortress Parka f\u00fcr au\u00dfergew\u00f6hnlichen Komfort und Bewegungsfreiheit w\u00e4hrend des Auszugs, w\u00e4hrend die dreiteilige Konstruktion der artikulierten Kapuze den Umfang reduziert und einen positiven Ankerpunkt erm\u00f6glicht.  <\/p>\n<p>Die BE:1 Fortress Parka ist die K\u00e4lte-Bogenjagdjacke f\u00fcr die sp\u00e4te Saison, die alle Anforderungen erf\u00fcllt. Sie ist in drei Tarnmustern und zehn Gr\u00f6\u00dfen erh\u00e4ltlich, um den individuellen Bed\u00fcrfnissen jedes J\u00e4gers gerecht zu werden. <\/p>\n<ul>\n<li><strong>Carbon Alloy\u2122 Technologie<\/strong><br \/>\nF\u00fcr maximale Geruchsadsorption &amp; Geruchskontrolle<\/li>\n<li><strong>DryLok\u2122 Design<\/strong><br \/>\nWasserdichte Membran, um Sie trocken &amp; warm zu halten<\/li>\n<li><strong>Windbrake<sup>\u00ae<\/sup> Technologie<\/strong><br \/>\nWinddichte Membran zum Schutz vor den Elementen<\/li>\n<li><strong>Thermisch abgestimmte Primaloft<\/strong><strong><sup>\u00ae<\/sup><\/strong><strong> Silver Isolierung<\/strong><br \/>\nBietet die perfekte W\u00e4rme (133g im K\u00f6rperbereich, 100g in den Armen, 200g entlang des R\u00fcckens)<\/li>\n<li><strong>Weiches &amp; flexibles Fleece-Au\u00dfenmaterial<\/strong><br \/>\nSorgt f\u00fcr entscheidende Ger\u00e4uschlosigkeit<\/li>\n<li><strong>Zehn-Taschen-Design<\/strong><br \/>\nUm Ihre essenzielle Ausr\u00fcstung nah und sicher zu verwahren<\/li>\n<li><strong>Verdeckte \u00d6ffnung f\u00fcr Sicherheitsgurt<\/strong><br \/>\nErm\u00f6glicht Carbon Alloy die Geruchskontrolle am Gurt<\/li>\n<li><strong>Artikulierte Ellbogen<\/strong><br \/>\nF\u00fcr \u00fcberlegenen Bewegungsumfang &amp; Komfort<\/li>\n<li><strong>Abnehmbare Kapuze<\/strong><strong><br \/>\n<\/strong> Bietet Schutz vor den Elementen<\/li>\n<\/ul>\n<p>&nbsp;<\/p>\n<p>&nbsp;<\/p>\n","protected":false},"excerpt":{"rendered":"<p>Scentlok BE:1 Fortress Jacke &#8211; Mossy Oak Terra Gila<\/p>\n<p><a href=\"https:\/\/www.huntersfriend.eu\/app\/uploads\/2022\/05\/Scentlok-kokoataulukko.jpg\"><strong>Gr\u00f6\u00dfentabelle<\/strong><\/a><\/p>\n","protected":false},"featured_media":229940,"comment_status":"open","ping_status":"closed","template":"","meta":[],"product_brand":[],"product_cat":[1384,1222],"product_tag":[],"class_list":{"0":"post-282271","1":"product","2":"type-product","3":"status-publish","4":"has-post-thumbnail","6":"product_cat-jacken","7":"product_cat-sonderangebote","9":"first","10":"instock","11":"sale","12":"taxable","13":"shipping-taxable","14":"purchasable","15":"product-type-variable"},"composite_virtual":false,"composite_layout":"","composite_add_to_cart_form_location":"","composite_editable_in_cart":false,"composite_sold_individually_context":"","composite_shop_price_calc":"","composite_components":[],"composite_scenarios":[],"group_of_quantity":0,"min_quantity":0,"max_quantity":"","exclude_order_quantity_value_rules":"no","exclude_category_quantity_rules":"no","combine_variations":"no","exclude_global_add_ons":[],"addons":[],"_links":{"self":[{"href":"https:\/\/www.huntersfriend.eu\/de\/wp-json\/wp\/v2\/product\/282271","targetHints":{"allow":["GET"]}}],"collection":[{"href":"https:\/\/www.huntersfriend.eu\/de\/wp-json\/wp\/v2\/product"}],"about":[{"href":"https:\/\/www.huntersfriend.eu\/de\/wp-json\/wp\/v2\/types\/product"}],"replies":[{"embeddable":true,"href":"https:\/\/www.huntersfriend.eu\/de\/wp-json\/wp\/v2\/comments?post=282271"}],"wp:featuredmedia":[{"embeddable":true,"href":"https:\/\/www.huntersfriend.eu\/de\/wp-json\/wp\/v2\/media\/229940"}],"wp:attachment":[{"href":"https:\/\/www.huntersfriend.eu\/de\/wp-json\/wp\/v2\/media?parent=282271"}],"wp:term":[{"taxonomy":"product_brand","embeddable":true,"href":"https:\/\/www.huntersfriend.eu\/de\/wp-json\/wp\/v2\/product_brand?post=282271"},{"taxonomy":"product_cat","embeddable":true,"href":"https:\/\/www.huntersfriend.eu\/de\/wp-json\/wp\/v2\/product_cat?post=282271"},{"taxonomy":"product_tag","embeddable":true,"href":"https:\/\/www.huntersfriend.eu\/de\/wp-json\/wp\/v2\/product_tag?post=282271"}],"curies":[{"name":"wp","href":"https:\/\/api.w.org\/{rel}","templated":true}]}}