{"id":282269,"date":"2022-05-23T09:24:18","date_gmt":"2025-06-23T10:54:31","guid":{"rendered":"https:\/\/www.huntersfriend.eu\/product\/gestanzter-filz-von-hamskea-fuer-containment-launcher\/"},"modified":"2026-01-02T08:30:25","modified_gmt":"2026-01-02T06:30:25","slug":"gestanzter-filz-von-hamskea-fuer-containment-launcher","status":"publish","type":"product","link":"https:\/\/www.huntersfriend.eu\/de\/produkt\/gestanzter-filz-von-hamskea-fuer-containment-launcher\/","title":{"rendered":"Gestanzter Filz von Hamskea f\u00fcr Containment-Launcher"},"content":{"rendered":"<p>Gestanzter Filz f\u00fcr den Hybrid Hunter Pro Pfeilauflage \u00fcbermolden Containment-Launcher<\/p>\n","protected":false},"excerpt":{"rendered":"<p>Gestanzter Filz f\u00fcr den Hybrid Hunter Pro Pfeilauflage \u00fcbermolden Containment-Launcher<\/p>\n","protected":false},"featured_media":231178,"comment_status":"open","ping_status":"closed","template":"","meta":[],"product_brand":[],"product_cat":[1108,1231],"product_tag":[],"class_list":{"0":"post-282269","1":"product","2":"type-product","3":"status-publish","4":"has-post-thumbnail","6":"product_cat-pfeil-auflagen","7":"product_cat-teile-fuer-f","9":"first","10":"instock","11":"taxable","12":"shipping-taxable","13":"purchasable","14":"product-type-simple"},"composite_virtual":false,"composite_layout":"","composite_add_to_cart_form_location":"","composite_editable_in_cart":false,"composite_sold_individually_context":"","composite_shop_price_calc":"","composite_components":[],"composite_scenarios":[],"group_of_quantity":0,"min_quantity":0,"max_quantity":"","exclude_order_quantity_value_rules":"no","exclude_category_quantity_rules":"no","combine_variations":"no","exclude_global_add_ons":[],"addons":[],"_links":{"self":[{"href":"https:\/\/www.huntersfriend.eu\/de\/wp-json\/wp\/v2\/product\/282269","targetHints":{"allow":["GET"]}}],"collection":[{"href":"https:\/\/www.huntersfriend.eu\/de\/wp-json\/wp\/v2\/product"}],"about":[{"href":"https:\/\/www.huntersfriend.eu\/de\/wp-json\/wp\/v2\/types\/product"}],"replies":[{"embeddable":true,"href":"https:\/\/www.huntersfriend.eu\/de\/wp-json\/wp\/v2\/comments?post=282269"}],"wp:featuredmedia":[{"embeddable":true,"href":"https:\/\/www.huntersfriend.eu\/de\/wp-json\/wp\/v2\/media\/231178"}],"wp:attachment":[{"href":"https:\/\/www.huntersfriend.eu\/de\/wp-json\/wp\/v2\/media?parent=282269"}],"wp:term":[{"taxonomy":"product_brand","embeddable":true,"href":"https:\/\/www.huntersfriend.eu\/de\/wp-json\/wp\/v2\/product_brand?post=282269"},{"taxonomy":"product_cat","embeddable":true,"href":"https:\/\/www.huntersfriend.eu\/de\/wp-json\/wp\/v2\/product_cat?post=282269"},{"taxonomy":"product_tag","embeddable":true,"href":"https:\/\/www.huntersfriend.eu\/de\/wp-json\/wp\/v2\/product_tag?post=282269"}],"curies":[{"name":"wp","href":"https:\/\/api.w.org\/{rel}","templated":true}]}}