{"id":282261,"date":"2022-05-23T09:01:06","date_gmt":"2022-05-23T07:01:06","guid":{"rendered":"https:\/\/www.huntersfriend.eu\/product\/scentlok-be1-voyage-hose-mossy-oak-terra-gila\/"},"modified":"2026-03-03T12:22:28","modified_gmt":"2026-03-03T10:22:28","slug":"scentlok-be1-voyage-hose-mossy-oak-terra-gila","status":"publish","type":"product","link":"https:\/\/www.huntersfriend.eu\/de\/produkt\/scentlok-be1-voyage-hose-mossy-oak-terra-gila\/","title":{"rendered":"Scentlok BE:1 Voyage Hose &#8211; Mossy Oak Terra Gila"},"content":{"rendered":"<p>Perfekte Jagden geschehen niemals allein durch Gl\u00fcck. Elite-Bogenj\u00e4ger arbeiten au\u00dferordentlich hart daran, ideale Ergebnisse zu planen und zu erzielen. Sie erkennen, dass die Gelegenheiten, dem Hirsch ihres Lebens zu begegnen, selten sind, und streben daher danach, die kleinsten Details zu verfeinern, um die Chancen zu ihren Gunsten zu beeinflussen. In Kombination mit der ScentLok BE:1 Series Voyage Jacke erf\u00fcllt die BE:1 Voyage Hose genau diesen Zweck; diese fortschrittlichen Ganzjahresbekleidungsst\u00fccke ebnen den Weg zur Perfektion, indem sie die Ungewissheit bei der Auswahl der Jagdbekleidung f\u00fcr die fr\u00fche bis mittlere Saison beseitigen. Ziehen Sie sie einfach an, verhalten Sie sich ruhig und konzentrieren Sie sich auf den Schuss, nicht auf die Leistung Ihrer Kleidung.    <\/p>\n<p>Diese mittelschwere, einlagige Hose ist f\u00fcr Bewegungsfreiheit und Mobilit\u00e4t konzipiert und geschnitten. Die geb\u00fcrstete, hochwertige Fleece-Au\u00dfenseite und das Strickinnere sind \u00e4u\u00dferst leise und bieten gleichzeitig die ideale W\u00e4rme. Die BE:1 Voyage Hose verf\u00fcgt zudem \u00fcber die ScentLok Carbon Alloy<sup>TM<\/sup> Technologie f\u00fcr maximale Geruchsadsorption und eine feuchtigkeitsableitende Behandlung f\u00fcr optimales Feuchtigkeitsmanagement. Sie verf\u00fcgt \u00fcber ein praktisches Sechs-Taschen-Design, vorgeformte Knie f\u00fcr Bewegungsfreiheit sowie einen Zwickel im Schrittbereich f\u00fcr Flexibilit\u00e4t und Komfort ohne Einschr\u00e4nkungen.   <\/p>\n<ul>\n<li><strong>Carbon Alloy\u2122 Technologie<\/strong><br \/>\nF\u00fcr maximale Geruchsadsorption &amp; Geruchskontrolle<\/li>\n<li><strong>Feuchtigkeitsableitend<\/strong><br \/>\nH\u00e4lt Sie k\u00fchl &amp; trocken<\/li>\n<li><strong>Hochwertiger Fleece-Stoff<\/strong><br \/>\nH\u00e4lt Sie warm &amp; absolut ger\u00e4uschlos<\/li>\n<li><strong>Sechs-Taschen-Design<\/strong><br \/>\nZur sicheren und leicht zug\u00e4nglichen Aufbewahrung Ihrer essentiellen Ausr\u00fcstung<\/li>\n<li><strong>Vorgeformte Knie<\/strong><br \/>\nF\u00fcr \u00fcberlegene Bewegungsfreiheit &amp; Komfort<\/li>\n<li><strong>Schrittbereich-Zwickel<\/strong><br \/>\nBietet entscheidende Flexibilit\u00e4t<\/li>\n<\/ul>\n","protected":false},"excerpt":{"rendered":"<p>Scentlok Bowhunter Elite:1 Voyage Hose<\/p>\n<p><a href=\"https:\/\/www.huntersfriend.eu\/app\/uploads\/2022\/05\/Scentlok-kokoataulukko.jpg\"><strong>Gr\u00f6\u00dfentabelle<\/strong><\/a><\/p>\n","protected":false},"featured_media":229912,"comment_status":"open","ping_status":"closed","template":"","meta":[],"product_brand":[],"product_cat":[1128,1222],"product_tag":[],"class_list":{"0":"post-282261","1":"product","2":"type-product","3":"status-publish","4":"has-post-thumbnail","6":"product_cat-hosen","7":"product_cat-sonderangebote","9":"first","10":"instock","11":"sale","12":"taxable","13":"shipping-taxable","14":"purchasable","15":"product-type-variable"},"composite_virtual":false,"composite_layout":"","composite_add_to_cart_form_location":"","composite_editable_in_cart":false,"composite_sold_individually_context":"","composite_shop_price_calc":"","composite_components":[],"composite_scenarios":[],"group_of_quantity":0,"min_quantity":0,"max_quantity":"","exclude_order_quantity_value_rules":"no","exclude_category_quantity_rules":"no","combine_variations":"no","exclude_global_add_ons":[],"addons":[],"_links":{"self":[{"href":"https:\/\/www.huntersfriend.eu\/de\/wp-json\/wp\/v2\/product\/282261","targetHints":{"allow":["GET"]}}],"collection":[{"href":"https:\/\/www.huntersfriend.eu\/de\/wp-json\/wp\/v2\/product"}],"about":[{"href":"https:\/\/www.huntersfriend.eu\/de\/wp-json\/wp\/v2\/types\/product"}],"replies":[{"embeddable":true,"href":"https:\/\/www.huntersfriend.eu\/de\/wp-json\/wp\/v2\/comments?post=282261"}],"wp:featuredmedia":[{"embeddable":true,"href":"https:\/\/www.huntersfriend.eu\/de\/wp-json\/wp\/v2\/media\/229912"}],"wp:attachment":[{"href":"https:\/\/www.huntersfriend.eu\/de\/wp-json\/wp\/v2\/media?parent=282261"}],"wp:term":[{"taxonomy":"product_brand","embeddable":true,"href":"https:\/\/www.huntersfriend.eu\/de\/wp-json\/wp\/v2\/product_brand?post=282261"},{"taxonomy":"product_cat","embeddable":true,"href":"https:\/\/www.huntersfriend.eu\/de\/wp-json\/wp\/v2\/product_cat?post=282261"},{"taxonomy":"product_tag","embeddable":true,"href":"https:\/\/www.huntersfriend.eu\/de\/wp-json\/wp\/v2\/product_tag?post=282261"}],"curies":[{"name":"wp","href":"https:\/\/api.w.org\/{rel}","templated":true}]}}