{"id":282260,"date":"2022-05-23T09:01:14","date_gmt":"2022-05-23T07:01:14","guid":{"rendered":"https:\/\/www.huntersfriend.eu\/product\/scentlok-be1-voyage-handschuhe-mossy-oak-terra-gila\/"},"modified":"2026-04-10T15:11:19","modified_gmt":"2026-04-10T13:11:19","slug":"scentlok-be1-voyage-handschuhe-mossy-oak-terra-gila","status":"publish","type":"product","link":"https:\/\/www.huntersfriend.eu\/de\/produkt\/scentlok-be1-voyage-handschuhe-mossy-oak-terra-gila\/","title":{"rendered":"Scentlok BE:1 Voyage Handschuhe &#8211; Mossy Oak Terra Gila"},"content":{"rendered":"<p>Bogenj\u00e4ger ben\u00f6tigen uneingeschr\u00e4nkte Bewegungsfreiheit und Spielraum, um einen sauberen Schuss abzugeben. Der Bowhunter Elite:1 Voyage Handschuh bewahrt die Ausl\u00f6sevorrichtung ordentlich unter der gro\u00dfen Manschette auf, w\u00e4hrend die \u00d6ffnung am inneren Handgelenk es erm\u00f6glicht, dass die Ausl\u00f6sevorrichtung stets an Ort und Stelle und einsatzbereit bleibt. <\/p>\n<ul>\n<li><strong>Carbon Alloy\u2122 Technologie<\/strong><br \/>\nF\u00fcr maximale Geruchsadsorption &amp; Geruchskontrolle<\/li>\n<li><strong>Feuchtigkeitsableitend<\/strong><br \/>\nH\u00e4lt Sie k\u00fchl &amp; trocken<\/li>\n<li><strong>Glatte, ger\u00e4uscharme Polyester-Interlock-Au\u00dfenseite<\/strong><br \/>\nMit einem warmen Mikrofleece-Futter<\/li>\n<li><strong>\u00d6ffnung am inneren Handgelenk<\/strong><br \/>\nErm\u00f6glicht die Verwendung \u00fcber einer Ausl\u00f6sevorrichtung<\/li>\n<li><strong>Touch-Tech-Fingerspitzen<\/strong><br \/>\nZur Verwendung mit intelligenten Ger\u00e4ten<\/li>\n<li><strong>Silikonbedruckte Handfl\u00e4che<\/strong><br \/>\nBietet sicheren Griff<\/li>\n<\/ul>\n","protected":false},"excerpt":{"rendered":"<p>Jagdhandschuhe, die f\u00fcr die Bogenjagd konzipiert wurden<\/p>\n","protected":false},"featured_media":230165,"comment_status":"open","ping_status":"closed","template":"","meta":[],"product_brand":[],"product_cat":[1382,1222],"product_tag":[],"class_list":{"0":"post-282260","1":"product","2":"type-product","3":"status-publish","4":"has-post-thumbnail","6":"product_cat-handschuhe","7":"product_cat-sonderangebote","9":"first","10":"instock","11":"sale","12":"taxable","13":"shipping-taxable","14":"purchasable","15":"product-type-variable"},"composite_virtual":false,"composite_layout":"","composite_add_to_cart_form_location":"","composite_editable_in_cart":false,"composite_sold_individually_context":"","composite_shop_price_calc":"","composite_components":[],"composite_scenarios":[],"group_of_quantity":0,"min_quantity":0,"max_quantity":"","exclude_order_quantity_value_rules":"no","exclude_category_quantity_rules":"no","combine_variations":"no","exclude_global_add_ons":[],"addons":[],"_links":{"self":[{"href":"https:\/\/www.huntersfriend.eu\/de\/wp-json\/wp\/v2\/product\/282260","targetHints":{"allow":["GET"]}}],"collection":[{"href":"https:\/\/www.huntersfriend.eu\/de\/wp-json\/wp\/v2\/product"}],"about":[{"href":"https:\/\/www.huntersfriend.eu\/de\/wp-json\/wp\/v2\/types\/product"}],"replies":[{"embeddable":true,"href":"https:\/\/www.huntersfriend.eu\/de\/wp-json\/wp\/v2\/comments?post=282260"}],"wp:featuredmedia":[{"embeddable":true,"href":"https:\/\/www.huntersfriend.eu\/de\/wp-json\/wp\/v2\/media\/230165"}],"wp:attachment":[{"href":"https:\/\/www.huntersfriend.eu\/de\/wp-json\/wp\/v2\/media?parent=282260"}],"wp:term":[{"taxonomy":"product_brand","embeddable":true,"href":"https:\/\/www.huntersfriend.eu\/de\/wp-json\/wp\/v2\/product_brand?post=282260"},{"taxonomy":"product_cat","embeddable":true,"href":"https:\/\/www.huntersfriend.eu\/de\/wp-json\/wp\/v2\/product_cat?post=282260"},{"taxonomy":"product_tag","embeddable":true,"href":"https:\/\/www.huntersfriend.eu\/de\/wp-json\/wp\/v2\/product_tag?post=282260"}],"curies":[{"name":"wp","href":"https:\/\/api.w.org\/{rel}","templated":true}]}}