{"id":282245,"date":"2022-05-20T13:44:18","date_gmt":"2025-06-23T10:54:21","guid":{"rendered":"https:\/\/www.huntersfriend.eu\/product\/sitka-stratus-jacke-signalorange\/"},"modified":"2025-06-23T12:54:21","modified_gmt":"2025-06-23T10:54:21","slug":"sitka-stratus-jacke-signalorange","status":"publish","type":"product","link":"https:\/\/www.huntersfriend.eu\/de\/produkt\/sitka-stratus-jacke-signalorange\/","title":{"rendered":"SITKA Stratus Jacke (Signalorange)"},"content":{"rendered":"<p>Die Stratus Jacke bietet Ihnen Schutz w\u00e4hrend langer, k\u00fchler Tage auf dem Hochsitz. Diese vielseitige Jacke ist dank einer GORE-TEX INFINIUM\u2122 WINDSTOPPER\u00ae Technologie-Membran, die zwischen warmem und ger\u00e4uscharmem Mikrogrid-Fleece eingebettet ist, zu 100% winddicht und \u00e4u\u00dferst leise. Eine abnehmbare Kapuze mit speziellen H\u00f6r\u00f6ffnungen verbessert die F\u00e4higkeit, sich n\u00e4herndes Wild zu h\u00f6ren, und doppellagige PolarTec\u00ae Alpha\u00ae Direct-Paneele speichern die W\u00e4rme. Der innovative Constant-Connect SITKA\u00ae Sicherheitsgurtdurchgang mit Cobrax\u00ae Sicherheits-Schiebeverschluss und Magnetverschluss macht es \u00fcberfl\u00fcssig, sich beim Hinzuf\u00fcgen oder Entfernen von Ausr\u00fcstung vom Gurt zu l\u00f6sen, wodurch Sie auf dem Hochsitz sicherer und leiser bleiben. Die Jacke ist komfortabel genug, um bis in die Mitte der Saison eigenst\u00e4ndig getragen zu werden, l\u00e4sst sich aber auch f\u00fcr niedrigere Temperaturen unter andere Schichten ziehen.    <\/p>\n<ul class=\"HeroSpecs__list\">\n<li>\n<p class=\"Hero-desc\">Ideale Jagdjacke f\u00fcr Treibjagden. Die signalorange Farbe bietet Ihnen Sichtbarkeit und Sicherheit, wenn Sie sie ben\u00f6tigen. <\/p>\n<\/li>\n<li>\n<p class=\"Hero-desc\">Gewicht: 677g \/\/ Gr\u00f6\u00dfe L<\/p>\n<\/li>\n<li>\n<p class=\"Hero-desc\">Warmes Mikrofleece mit GORE-TEX INFINIUM mit WINDSTOPPER Technologie<\/p>\n<\/li>\n<li>\n<p class=\"Hero-desc\">Constant-Connect SITKA Sicherheitsgurtdurchgang f\u00fcr die Jagd vom Hochsitz<\/p>\n<\/li>\n<li>\n<p class=\"Hero-desc\">Abnehmbare Kapuze mit direkten H\u00f6rkan\u00e4len<\/p>\n<\/li>\n<li>\n<p class=\"Hero-desc\">Schnellzugriffshalter f\u00fcr Lockinstrument<\/p>\n<\/li>\n<li>\n<p class=\"Hero-desc\">YKK Rei\u00dfverschl\u00fcsse an Brust- und Handtaschen<\/p>\n<\/li>\n<li>\n<p class=\"Hero-desc\">Dauerhaft wasserabweisende Oberfl\u00e4che<\/p>\n<\/li>\n<\/ul>\n<p><a href=\"https:\/\/www.huntersfriend.eu\/app\/uploads\/2022\/05\/Sitka-miesten-kokoatulukko.jpg\"><img decoding=\"async\" class=\"alignnone wp-image-231001 size-medium\" src=\"https:\/\/www.huntersfriend.eu\/app\/uploads\/2022\/05\/Sitka-miesten-kokoatulukko-600x371.jpg\" alt=\"\" width=\"600\" height=\"371\" srcset=\"https:\/\/www.huntersfriend.eu\/app\/uploads\/2022\/05\/Sitka-miesten-kokoatulukko-600x371.jpg 600w, https:\/\/www.huntersfriend.eu\/app\/uploads\/2022\/05\/Sitka-miesten-kokoatulukko-768x475.jpg 768w, https:\/\/www.huntersfriend.eu\/app\/uploads\/2022\/05\/Sitka-miesten-kokoatulukko-300x186.jpg 300w, https:\/\/www.huntersfriend.eu\/app\/uploads\/2022\/05\/Sitka-miesten-kokoatulukko-200x124.jpg 200w, https:\/\/www.huntersfriend.eu\/app\/uploads\/2022\/05\/Sitka-miesten-kokoatulukko-97x60.jpg 97w, https:\/\/www.huntersfriend.eu\/app\/uploads\/2022\/05\/Sitka-miesten-kokoatulukko-146x90.jpg 146w, https:\/\/www.huntersfriend.eu\/app\/uploads\/2022\/05\/Sitka-miesten-kokoatulukko.jpg 970w\" sizes=\"(max-width: 600px) 100vw, 600px\" \/><\/a><\/p>\n","protected":false},"excerpt":{"rendered":"<p>Warme signalorange Jagdjacke.<\/p>\n<p><a href=\"https:\/\/www.huntersfriend.eu\/app\/uploads\/2022\/05\/Sitka-miesten-kokoatulukko.jpg\"><strong>Gr\u00f6\u00dfentabelle<\/strong><\/a><\/p>\n","protected":false},"featured_media":229128,"comment_status":"open","ping_status":"closed","template":"","meta":[],"product_brand":[],"product_cat":[1145],"product_tag":[],"class_list":{"0":"post-282245","1":"product","2":"type-product","3":"status-publish","4":"has-post-thumbnail","6":"product_cat-sonstiges","8":"first","9":"outofstock","10":"sale","11":"taxable","12":"shipping-taxable","13":"purchasable","14":"product-type-variable"},"composite_virtual":false,"composite_layout":"","composite_add_to_cart_form_location":"","composite_editable_in_cart":false,"composite_sold_individually_context":"","composite_shop_price_calc":"","composite_components":[],"composite_scenarios":[],"group_of_quantity":0,"min_quantity":0,"max_quantity":"","exclude_order_quantity_value_rules":"no","exclude_category_quantity_rules":"no","combine_variations":"no","exclude_global_add_ons":[],"addons":[],"_links":{"self":[{"href":"https:\/\/www.huntersfriend.eu\/de\/wp-json\/wp\/v2\/product\/282245","targetHints":{"allow":["GET"]}}],"collection":[{"href":"https:\/\/www.huntersfriend.eu\/de\/wp-json\/wp\/v2\/product"}],"about":[{"href":"https:\/\/www.huntersfriend.eu\/de\/wp-json\/wp\/v2\/types\/product"}],"replies":[{"embeddable":true,"href":"https:\/\/www.huntersfriend.eu\/de\/wp-json\/wp\/v2\/comments?post=282245"}],"wp:featuredmedia":[{"embeddable":true,"href":"https:\/\/www.huntersfriend.eu\/de\/wp-json\/wp\/v2\/media\/229128"}],"wp:attachment":[{"href":"https:\/\/www.huntersfriend.eu\/de\/wp-json\/wp\/v2\/media?parent=282245"}],"wp:term":[{"taxonomy":"product_brand","embeddable":true,"href":"https:\/\/www.huntersfriend.eu\/de\/wp-json\/wp\/v2\/product_brand?post=282245"},{"taxonomy":"product_cat","embeddable":true,"href":"https:\/\/www.huntersfriend.eu\/de\/wp-json\/wp\/v2\/product_cat?post=282245"},{"taxonomy":"product_tag","embeddable":true,"href":"https:\/\/www.huntersfriend.eu\/de\/wp-json\/wp\/v2\/product_tag?post=282245"}],"curies":[{"name":"wp","href":"https:\/\/api.w.org\/{rel}","templated":true}]}}