{"id":282242,"date":"2022-05-04T09:24:14","date_gmt":"2025-06-23T10:54:15","guid":{"rendered":"https:\/\/www.huntersfriend.eu\/product\/dead-center-deadlevel-hunter-xs-8-6-schwarz\/"},"modified":"2025-06-23T12:54:15","modified_gmt":"2025-06-23T10:54:15","slug":"dead-center-deadlevel-hunter-xs-8-6-schwarz","status":"publish","type":"product","link":"https:\/\/www.huntersfriend.eu\/de\/produkt\/dead-center-deadlevel-hunter-xs-8-6-schwarz\/","title":{"rendered":"Dead Center DeadLevel Hunter XS 8 &amp; 6 schwarz"},"content":{"rendered":"<p>Der Dead Lever Hunter XS bietet ein 0,5 Zoll Mikrodurchmesser, ultraleichtes Stabilisierungssystem f\u00fcr Bogenj\u00e4ger, um die Balance jeder Bogenjagdkonfiguration anzupassen, ohne \u00fcberm\u00e4\u00dfiges Gesamtgewicht hinzuzuf\u00fcgen, was zu einem \u00fcberlegenen Schie\u00dferlebnis f\u00fchrt. <\/p>\n<p><strong>Eigenschaften:<\/strong><\/p>\n<ul>\n<li>XS-Stabilisatoren zeichnen sich durch eine ultrad\u00fcnne 0,5-Zoll-Konstruktion aus leichtem Kohlenstoff aus, die die ultimative Kombination aus Ger\u00e4uschd\u00e4mpfung und Stabilit\u00e4t ohne zus\u00e4tzliches Gewicht oder sp\u00fcrbare Vibration bietet.<\/li>\n<li>Mit 1\/4-20-Gewinde zur Aufnahme von Custom Balance Gewichten (enth\u00e4lt sechs 1-Unzen-Gewichte), die es Ihnen erm\u00f6glichen, die Balance Ihres Bogens f\u00fcr optimale Pr\u00e4zision anzupassen<\/li>\n<li>Die Diamond-Serie-Hardware ist pr\u00e4zise konstruiert, um unendliche Einstellm\u00f6glichkeiten f\u00fcr eine felsenfeste Leistung und perfekte Balance zu bieten<\/li>\n<\/ul>\n<p><strong>Spezifikationen: <\/strong><\/p>\n<ul>\n<li>Beinhaltet (1) 20,32 cm XS-Stabilisator und (1) 15,24 cm XS-Stabilisator, (6) 28,35 g Custom Balance Gewichte 1\/4-20, (1) Diamond Series Kombi-Halterung  <\/li>\n<\/ul>\n","protected":false},"excerpt":{"rendered":"<p>Der Dead Lever Hunter XS bietet ein 0,5 Zoll Mikrodurchmesser, ultraleichtes Stabilisierungssystem f\u00fcr Bogenj\u00e4ger, um die Balance jeder Bogenjagdkonfiguration anzupassen, ohne \u00fcberm\u00e4\u00dfiges Gesamtgewicht hinzuzuf\u00fcgen, was zu einem \u00fcberlegenen Schie\u00dferlebnis f\u00fchrt. Eigenschaften: XS-Stabilisatoren zeichnen sich durch eine ultrad\u00fcnne 0,5-Zoll-Konstruktion aus leichtem Kohlenstoff aus, die die ultimative Kombination aus Ger\u00e4uschd\u00e4mpfung und Stabilit\u00e4t ohne zus\u00e4tzliches Gewicht oder sp\u00fcrbare [&#8230;]\n","protected":false},"featured_media":278306,"comment_status":"open","ping_status":"closed","template":"","meta":[],"product_brand":[],"product_cat":[1121],"product_tag":[],"class_list":{"0":"post-282242","1":"product","2":"type-product","3":"status-publish","4":"has-post-thumbnail","6":"product_cat-jagd-stabilisatoren","8":"first","9":"instock","10":"taxable","11":"shipping-taxable","12":"purchasable","13":"product-type-simple"},"composite_virtual":false,"composite_layout":"","composite_add_to_cart_form_location":"","composite_editable_in_cart":false,"composite_sold_individually_context":"","composite_shop_price_calc":"","composite_components":[],"composite_scenarios":[],"group_of_quantity":0,"min_quantity":0,"max_quantity":"","exclude_order_quantity_value_rules":"no","exclude_category_quantity_rules":"no","combine_variations":"no","exclude_global_add_ons":[],"addons":[],"_links":{"self":[{"href":"https:\/\/www.huntersfriend.eu\/de\/wp-json\/wp\/v2\/product\/282242","targetHints":{"allow":["GET"]}}],"collection":[{"href":"https:\/\/www.huntersfriend.eu\/de\/wp-json\/wp\/v2\/product"}],"about":[{"href":"https:\/\/www.huntersfriend.eu\/de\/wp-json\/wp\/v2\/types\/product"}],"replies":[{"embeddable":true,"href":"https:\/\/www.huntersfriend.eu\/de\/wp-json\/wp\/v2\/comments?post=282242"}],"wp:featuredmedia":[{"embeddable":true,"href":"https:\/\/www.huntersfriend.eu\/de\/wp-json\/wp\/v2\/media\/278306"}],"wp:attachment":[{"href":"https:\/\/www.huntersfriend.eu\/de\/wp-json\/wp\/v2\/media?parent=282242"}],"wp:term":[{"taxonomy":"product_brand","embeddable":true,"href":"https:\/\/www.huntersfriend.eu\/de\/wp-json\/wp\/v2\/product_brand?post=282242"},{"taxonomy":"product_cat","embeddable":true,"href":"https:\/\/www.huntersfriend.eu\/de\/wp-json\/wp\/v2\/product_cat?post=282242"},{"taxonomy":"product_tag","embeddable":true,"href":"https:\/\/www.huntersfriend.eu\/de\/wp-json\/wp\/v2\/product_tag?post=282242"}],"curies":[{"name":"wp","href":"https:\/\/api.w.org\/{rel}","templated":true}]}}