{"id":282241,"date":"2022-04-28T15:02:13","date_gmt":"2025-06-23T10:54:14","guid":{"rendered":"https:\/\/www.huntersfriend.eu\/product\/reese-outdoors-blue-vixen\/"},"modified":"2026-02-09T14:13:42","modified_gmt":"2026-02-09T12:13:42","slug":"reese-outdoors-blue-vixen","status":"publish","type":"product","link":"https:\/\/www.huntersfriend.eu\/de\/produkt\/reese-outdoors-blue-vixen\/","title":{"rendered":"Reese outdoors blue vixen"},"content":{"rendered":"<p id=\"tw-target-text\" class=\"tw-data-text tw-text-large tw-ta\" dir=\"ltr\" data-placeholder=\"K\u00e4\u00e4nn\u00f6s\"><span class=\"Y2IQFc\" lang=\"en\">Reese Outdoors Blue Vixen ist ein Pfeifenruf, der sich zur Anlockung kleiner Raubtiere eignet. Der Fuchspfeifenruf ist einfach zu bedienen und erm\u00f6glicht ein handfreies Rufen. Ein lauter, brummender Ton imitiert das Schreien einer Ratte bzw. Maus. Durch Variation der Blastechnik l\u00e4sst sich mit Blue Vixen auch m\u00fchelos der Notruf eines Vogels nachahmen. Ebenfalls f\u00fcr Bogenj\u00e4ger geeignet!    <\/span><\/p>\n","protected":false},"excerpt":{"rendered":"<p>Reese Outdoors Blue Vixen ist ein Pfeifenruf, der sich zur Anlockung kleiner Raubtiere eignet. Der Fuchspfeifenruf ist einfach zu bedienen und erm\u00f6glicht ein handfreies Rufen. Ein lauter, brummender Ton imitiert das Schreien einer Ratte bzw. Maus. Durch Variation der Blastechnik l\u00e4sst sich mit Blue Vixen auch m\u00fchelos der Notruf eines Vogels nachahmen. Ebenfalls f\u00fcr Bogenj\u00e4ger [&#8230;]\n","protected":false},"featured_media":231417,"comment_status":"open","ping_status":"closed","template":"","meta":[],"product_brand":[],"product_cat":[1181],"product_tag":[],"class_list":{"0":"post-282241","1":"product","2":"type-product","3":"status-publish","4":"has-post-thumbnail","6":"product_cat-raubwild-locker","8":"first","9":"outofstock","10":"taxable","11":"shipping-taxable","12":"purchasable","13":"product-type-simple"},"composite_virtual":false,"composite_layout":"","composite_add_to_cart_form_location":"","composite_editable_in_cart":false,"composite_sold_individually_context":"","composite_shop_price_calc":"","composite_components":[],"composite_scenarios":[],"group_of_quantity":0,"min_quantity":0,"max_quantity":"","exclude_order_quantity_value_rules":"no","exclude_category_quantity_rules":"no","combine_variations":"no","exclude_global_add_ons":[],"addons":[],"_links":{"self":[{"href":"https:\/\/www.huntersfriend.eu\/de\/wp-json\/wp\/v2\/product\/282241","targetHints":{"allow":["GET"]}}],"collection":[{"href":"https:\/\/www.huntersfriend.eu\/de\/wp-json\/wp\/v2\/product"}],"about":[{"href":"https:\/\/www.huntersfriend.eu\/de\/wp-json\/wp\/v2\/types\/product"}],"replies":[{"embeddable":true,"href":"https:\/\/www.huntersfriend.eu\/de\/wp-json\/wp\/v2\/comments?post=282241"}],"wp:featuredmedia":[{"embeddable":true,"href":"https:\/\/www.huntersfriend.eu\/de\/wp-json\/wp\/v2\/media\/231417"}],"wp:attachment":[{"href":"https:\/\/www.huntersfriend.eu\/de\/wp-json\/wp\/v2\/media?parent=282241"}],"wp:term":[{"taxonomy":"product_brand","embeddable":true,"href":"https:\/\/www.huntersfriend.eu\/de\/wp-json\/wp\/v2\/product_brand?post=282241"},{"taxonomy":"product_cat","embeddable":true,"href":"https:\/\/www.huntersfriend.eu\/de\/wp-json\/wp\/v2\/product_cat?post=282241"},{"taxonomy":"product_tag","embeddable":true,"href":"https:\/\/www.huntersfriend.eu\/de\/wp-json\/wp\/v2\/product_tag?post=282241"}],"curies":[{"name":"wp","href":"https:\/\/api.w.org\/{rel}","templated":true}]}}