{"id":282239,"date":"2022-04-28T15:02:11","date_gmt":"2025-06-23T10:54:13","guid":{"rendered":"https:\/\/www.huntersfriend.eu\/product\/buck-gardner-squealer-membranruf\/"},"modified":"2025-07-11T05:40:20","modified_gmt":"2025-07-11T03:40:20","slug":"buck-gardner-squealer-membranruf","status":"publish","type":"product","link":"https:\/\/www.huntersfriend.eu\/de\/produkt\/buck-gardner-squealer-membranruf\/","title":{"rendered":"Buck Gardner Squealer-Membranruf"},"content":{"rendered":"<p>Dieser dreifach gerade bereifte Ruf ist der optimale Ruf zur Erzeugung von Kojoten-Heulen, -Jaulen, -Notrufen und Kojotenwelpen-Notrufen. Dieser Ruf besteht aus einem schweren oberen Rohrblatt \u00fcber zwei d\u00fcnneren unteren Rohrbl\u00e4ttern. Da die Rohrbl\u00e4tter nicht geschnitten sind, ist dieser Ruf sehr einfach zu verwenden und erzeugt hochfrequente Rufe. <\/p>\n","protected":false},"excerpt":{"rendered":"<p>Dieser dreifach gerade bereifte Ruf ist der optimale Ruf zur Erzeugung von Kojoten-Heulen, -Jaulen, -Notrufen und Kojotenwelpen-Notrufen. Dieser Ruf besteht aus einem schweren oberen Rohrblatt \u00fcber zwei d\u00fcnneren unteren Rohrbl\u00e4ttern. Da die Rohrbl\u00e4tter nicht geschnitten sind, ist dieser Ruf sehr einfach zu verwenden und erzeugt hochfrequente Rufe.<\/p>\n","protected":false},"featured_media":231203,"comment_status":"open","ping_status":"closed","template":"","meta":[],"product_brand":[],"product_cat":[1181],"product_tag":[],"class_list":{"0":"post-282239","1":"product","2":"type-product","3":"status-publish","4":"has-post-thumbnail","6":"product_cat-raubwild-locker","8":"first","9":"instock","10":"taxable","11":"shipping-taxable","12":"purchasable","13":"product-type-simple"},"composite_virtual":false,"composite_layout":"","composite_add_to_cart_form_location":"","composite_editable_in_cart":false,"composite_sold_individually_context":"","composite_shop_price_calc":"","composite_components":[],"composite_scenarios":[],"group_of_quantity":0,"min_quantity":0,"max_quantity":"","exclude_order_quantity_value_rules":"no","exclude_category_quantity_rules":"no","combine_variations":"no","exclude_global_add_ons":[],"addons":[],"_links":{"self":[{"href":"https:\/\/www.huntersfriend.eu\/de\/wp-json\/wp\/v2\/product\/282239","targetHints":{"allow":["GET"]}}],"collection":[{"href":"https:\/\/www.huntersfriend.eu\/de\/wp-json\/wp\/v2\/product"}],"about":[{"href":"https:\/\/www.huntersfriend.eu\/de\/wp-json\/wp\/v2\/types\/product"}],"replies":[{"embeddable":true,"href":"https:\/\/www.huntersfriend.eu\/de\/wp-json\/wp\/v2\/comments?post=282239"}],"wp:featuredmedia":[{"embeddable":true,"href":"https:\/\/www.huntersfriend.eu\/de\/wp-json\/wp\/v2\/media\/231203"}],"wp:attachment":[{"href":"https:\/\/www.huntersfriend.eu\/de\/wp-json\/wp\/v2\/media?parent=282239"}],"wp:term":[{"taxonomy":"product_brand","embeddable":true,"href":"https:\/\/www.huntersfriend.eu\/de\/wp-json\/wp\/v2\/product_brand?post=282239"},{"taxonomy":"product_cat","embeddable":true,"href":"https:\/\/www.huntersfriend.eu\/de\/wp-json\/wp\/v2\/product_cat?post=282239"},{"taxonomy":"product_tag","embeddable":true,"href":"https:\/\/www.huntersfriend.eu\/de\/wp-json\/wp\/v2\/product_tag?post=282239"}],"curies":[{"name":"wp","href":"https:\/\/api.w.org\/{rel}","templated":true}]}}