{"id":282238,"date":"2022-05-03T12:50:55","date_gmt":"2025-06-23T10:54:13","guid":{"rendered":"https:\/\/www.huntersfriend.eu\/product\/dead-center-xd4\/"},"modified":"2025-06-26T09:33:36","modified_gmt":"2025-06-26T07:33:36","slug":"dead-center-xd4","status":"publish","type":"product","link":"https:\/\/www.huntersfriend.eu\/de\/produkt\/dead-center-xd4\/","title":{"rendered":"Dead Center XD4"},"content":{"rendered":"<p>Das XD4 wurde entwickelt, um schlicht und ergreifend seine Aufgabe zu erf\u00fcllen &#8211; Vibrationen zu eliminieren, das erforderliche zus\u00e4tzliche Vorgewicht zu bieten und dabei stets im Rahmen des Budgets zu bleiben.<\/p>\n<p><strong>Eigenschaften:<\/strong><\/p>\n<ul>\n<li>5 Stabilisator-D\u00e4mpfer bieten \u00fcberlegene Vibrationsd\u00e4mpfung und tragen dazu bei, Ihren Bogen zu verstummen<\/li>\n<li>Der CNC-gefr\u00e4ste Aluminiumkern sorgt f\u00fcr zus\u00e4tzliches Vorgewicht, um Ihren Bogen zu stabilisieren und die Pr\u00e4zision zu verbessern<\/li>\n<\/ul>\n<p><strong>Spezifikationen: <\/strong><\/p>\n<ul>\n<li>4&#8243; L\u00e4nge<\/li>\n<li>4,9 Unzen<\/li>\n<\/ul>\n","protected":false},"excerpt":{"rendered":"<p>Das XD4 wurde entwickelt, um schlicht und ergreifend seine Aufgabe zu erf\u00fcllen &#8211; Vibrationen zu eliminieren, das erforderliche zus\u00e4tzliche Vorgewicht zu bieten und dabei stets im Rahmen des Budgets zu bleiben. Eigenschaften: 5 Stabilisator-D\u00e4mpfer bieten \u00fcberlegene Vibrationsd\u00e4mpfung und tragen dazu bei, Ihren Bogen zu verstummen Der CNC-gefr\u00e4ste Aluminiumkern sorgt f\u00fcr zus\u00e4tzliches Vorgewicht, um Ihren Bogen [&#8230;]\n","protected":false},"featured_media":231937,"comment_status":"open","ping_status":"closed","template":"","meta":[],"product_brand":[],"product_cat":[1121],"product_tag":[],"class_list":{"0":"post-282238","1":"product","2":"type-product","3":"status-publish","4":"has-post-thumbnail","6":"product_cat-jagd-stabilisatoren","8":"first","9":"onbackorder","10":"taxable","11":"shipping-taxable","12":"purchasable","13":"product-type-simple"},"composite_virtual":false,"composite_layout":"","composite_add_to_cart_form_location":"","composite_editable_in_cart":false,"composite_sold_individually_context":"","composite_shop_price_calc":"","composite_components":[],"composite_scenarios":[],"group_of_quantity":0,"min_quantity":0,"max_quantity":"","exclude_order_quantity_value_rules":"no","exclude_category_quantity_rules":"no","combine_variations":"no","exclude_global_add_ons":[],"addons":[],"_links":{"self":[{"href":"https:\/\/www.huntersfriend.eu\/de\/wp-json\/wp\/v2\/product\/282238","targetHints":{"allow":["GET"]}}],"collection":[{"href":"https:\/\/www.huntersfriend.eu\/de\/wp-json\/wp\/v2\/product"}],"about":[{"href":"https:\/\/www.huntersfriend.eu\/de\/wp-json\/wp\/v2\/types\/product"}],"replies":[{"embeddable":true,"href":"https:\/\/www.huntersfriend.eu\/de\/wp-json\/wp\/v2\/comments?post=282238"}],"wp:featuredmedia":[{"embeddable":true,"href":"https:\/\/www.huntersfriend.eu\/de\/wp-json\/wp\/v2\/media\/231937"}],"wp:attachment":[{"href":"https:\/\/www.huntersfriend.eu\/de\/wp-json\/wp\/v2\/media?parent=282238"}],"wp:term":[{"taxonomy":"product_brand","embeddable":true,"href":"https:\/\/www.huntersfriend.eu\/de\/wp-json\/wp\/v2\/product_brand?post=282238"},{"taxonomy":"product_cat","embeddable":true,"href":"https:\/\/www.huntersfriend.eu\/de\/wp-json\/wp\/v2\/product_cat?post=282238"},{"taxonomy":"product_tag","embeddable":true,"href":"https:\/\/www.huntersfriend.eu\/de\/wp-json\/wp\/v2\/product_tag?post=282238"}],"curies":[{"name":"wp","href":"https:\/\/api.w.org\/{rel}","templated":true}]}}