{"id":282236,"date":"2022-04-28T15:02:09","date_gmt":"2025-06-23T10:54:11","guid":{"rendered":"https:\/\/www.huntersfriend.eu\/product\/buck-gardner-mallard-magic-entenlocker-2\/"},"modified":"2026-01-05T16:49:38","modified_gmt":"2026-01-05T14:49:38","slug":"buck-gardner-mallard-magic-entenlocker-2","status":"publish","type":"product","link":"https:\/\/www.huntersfriend.eu\/de\/produkt\/buck-gardner-mallard-magic-entenlocker-2\/","title":{"rendered":"Buck Gardner Mallard Magic Entenlocker"},"content":{"rendered":"<p>Zahllose J\u00e4ger verlassen sich auf die bew\u00e4hrte Leistung unseres Mallard Magic Doppelrohrlockers. Die Innenmechanik im Cajun-Stil mit \u201eEinschubmethode\u201c ist f\u00fcr erfahrene J\u00e4ger leicht anpassbar, aber auch f\u00fcr Neulinge einfach zu erlernen. Der Mallard Magic kann das gesamte Vokabular der Stockentenweibchen reproduzieren. Er ist aus nahezu unzerst\u00f6rbarem Polycarbonat gefertigt und mit einem Waffenmetallband versehen.   <\/p>\n","protected":false},"excerpt":{"rendered":"<p>Rosa<\/p>\n","protected":false},"featured_media":274112,"comment_status":"open","ping_status":"closed","template":"","meta":[],"product_brand":[],"product_cat":[1400],"product_tag":[],"class_list":{"0":"post-282236","1":"product","2":"type-product","3":"status-publish","4":"has-post-thumbnail","6":"product_cat-entenlocker","8":"first","9":"instock","10":"taxable","11":"shipping-taxable","12":"purchasable","13":"product-type-simple"},"composite_virtual":false,"composite_layout":"","composite_add_to_cart_form_location":"","composite_editable_in_cart":false,"composite_sold_individually_context":"","composite_shop_price_calc":"","composite_components":[],"composite_scenarios":[],"group_of_quantity":0,"min_quantity":0,"max_quantity":"","exclude_order_quantity_value_rules":"no","exclude_category_quantity_rules":"no","combine_variations":"no","exclude_global_add_ons":[],"addons":[],"_links":{"self":[{"href":"https:\/\/www.huntersfriend.eu\/de\/wp-json\/wp\/v2\/product\/282236","targetHints":{"allow":["GET"]}}],"collection":[{"href":"https:\/\/www.huntersfriend.eu\/de\/wp-json\/wp\/v2\/product"}],"about":[{"href":"https:\/\/www.huntersfriend.eu\/de\/wp-json\/wp\/v2\/types\/product"}],"replies":[{"embeddable":true,"href":"https:\/\/www.huntersfriend.eu\/de\/wp-json\/wp\/v2\/comments?post=282236"}],"wp:featuredmedia":[{"embeddable":true,"href":"https:\/\/www.huntersfriend.eu\/de\/wp-json\/wp\/v2\/media\/274112"}],"wp:attachment":[{"href":"https:\/\/www.huntersfriend.eu\/de\/wp-json\/wp\/v2\/media?parent=282236"}],"wp:term":[{"taxonomy":"product_brand","embeddable":true,"href":"https:\/\/www.huntersfriend.eu\/de\/wp-json\/wp\/v2\/product_brand?post=282236"},{"taxonomy":"product_cat","embeddable":true,"href":"https:\/\/www.huntersfriend.eu\/de\/wp-json\/wp\/v2\/product_cat?post=282236"},{"taxonomy":"product_tag","embeddable":true,"href":"https:\/\/www.huntersfriend.eu\/de\/wp-json\/wp\/v2\/product_tag?post=282236"}],"curies":[{"name":"wp","href":"https:\/\/api.w.org\/{rel}","templated":true}]}}