{"id":282231,"date":"2022-04-28T14:56:56","date_gmt":"2025-06-23T10:54:07","guid":{"rendered":"https:\/\/www.huntersfriend.eu\/product\/buck-gardner-rehgeiss-bloeken\/"},"modified":"2025-06-23T12:54:07","modified_gmt":"2025-06-23T10:54:07","slug":"buck-gardner-rehgeiss-bloeken","status":"publish","type":"product","link":"https:\/\/www.huntersfriend.eu\/de\/produkt\/buck-gardner-rehgeiss-bloeken\/","title":{"rendered":"Buck Gardner Rehgei\u00df-Bl\u00f6ken"},"content":{"rendered":"<p>Ein unverzichtbares Instrument f\u00fcr jeden Hirschj\u00e4ger. Dieses Rufger\u00e4t erzeugt sowohl soziale als auch brunftige Bl\u00f6klaute, um liebestolle B\u00f6cke anzulocken. Es ist mit einer Abstimm\u00f6ffnung ausgestattet, um den Klang zu variieren. Lassen Sie sich nicht von den zahlreichen Gimmick-Rufen t\u00e4uschen &#8211; dieser Klassiker bleibt die bew\u00e4hrte Wahl f\u00fcr ernsthafte J\u00e4ger.  <\/p>\n","protected":false},"excerpt":{"rendered":"<p>Wei\u00dfwedelhirsch-Gei\u00df-Bl\u00f6ken<\/p>\n","protected":false},"featured_media":231466,"comment_status":"open","ping_status":"closed","template":"","meta":[],"product_brand":[],"product_cat":[1183],"product_tag":[],"class_list":{"0":"post-282231","1":"product","2":"type-product","3":"status-publish","4":"has-post-thumbnail","6":"product_cat-groswild-locker","8":"first","9":"instock","10":"taxable","11":"shipping-taxable","12":"purchasable","13":"product-type-simple"},"composite_virtual":false,"composite_layout":"","composite_add_to_cart_form_location":"","composite_editable_in_cart":false,"composite_sold_individually_context":"","composite_shop_price_calc":"","composite_components":[],"composite_scenarios":[],"group_of_quantity":0,"min_quantity":0,"max_quantity":"","exclude_order_quantity_value_rules":"no","exclude_category_quantity_rules":"no","combine_variations":"no","exclude_global_add_ons":[],"addons":[],"_links":{"self":[{"href":"https:\/\/www.huntersfriend.eu\/de\/wp-json\/wp\/v2\/product\/282231","targetHints":{"allow":["GET"]}}],"collection":[{"href":"https:\/\/www.huntersfriend.eu\/de\/wp-json\/wp\/v2\/product"}],"about":[{"href":"https:\/\/www.huntersfriend.eu\/de\/wp-json\/wp\/v2\/types\/product"}],"replies":[{"embeddable":true,"href":"https:\/\/www.huntersfriend.eu\/de\/wp-json\/wp\/v2\/comments?post=282231"}],"wp:featuredmedia":[{"embeddable":true,"href":"https:\/\/www.huntersfriend.eu\/de\/wp-json\/wp\/v2\/media\/231466"}],"wp:attachment":[{"href":"https:\/\/www.huntersfriend.eu\/de\/wp-json\/wp\/v2\/media?parent=282231"}],"wp:term":[{"taxonomy":"product_brand","embeddable":true,"href":"https:\/\/www.huntersfriend.eu\/de\/wp-json\/wp\/v2\/product_brand?post=282231"},{"taxonomy":"product_cat","embeddable":true,"href":"https:\/\/www.huntersfriend.eu\/de\/wp-json\/wp\/v2\/product_cat?post=282231"},{"taxonomy":"product_tag","embeddable":true,"href":"https:\/\/www.huntersfriend.eu\/de\/wp-json\/wp\/v2\/product_tag?post=282231"}],"curies":[{"name":"wp","href":"https:\/\/api.w.org\/{rel}","templated":true}]}}